{"id":6340,"date":"2020-11-25T17:03:16","date_gmt":"2020-11-25T16:03:16","guid":{"rendered":"https:\/\/unbrinderien.fr\/?post_type=product&#038;p=6340"},"modified":"2022-11-24T15:38:05","modified_gmt":"2022-11-24T14:38:05","slug":"sac-blanc-rouge-en-veritable-cuir-ditalie","status":"publish","type":"product","link":"https:\/\/unbrinderien.fr\/?product=sac-blanc-rouge-en-veritable-cuir-ditalie","title":{"rendered":"sac blanc\/rouge en v\u00e9ritable cuir d&rsquo;Italie"},"content":{"rendered":"","protected":false},"excerpt":{"rendered":"<p>Sac en v\u00e9ritable cuir d&rsquo;Italie, imprim\u00e9 autruche. Ce joli sac ne pourra pas rester dans votre dressing d\u00fb \u00e0 son design moderne et intemporel.<br \/>\nIl est dot\u00e9 d&rsquo;un petit cadenas or et d&rsquo;une anse.<br \/>\nA l&rsquo;int\u00e9rieur: 2 compartiments, compartiment principal avec zip, poche zipp\u00e9e et poche pour smartphone.<br \/>\nA l&rsquo;arri\u00e8re du sac: poche zipp\u00e9e.<\/p>\n<p><span style=\"vertical-align: inherit;\"><span style=\"vertical-align: inherit;\">Dimensions : L x H x P (23 x 18 x 6)<\/span><\/span><\/p>\n","protected":false},"featured_media":6335,"comment_status":"open","ping_status":"closed","template":"","meta":{"_mo_disable_npp":"","om_disable_all_campaigns":false,"_monsterinsights_skip_tracking":false,"_monsterinsights_sitenote_active":false,"_monsterinsights_sitenote_note":"","_monsterinsights_sitenote_category":0,"_uf_show_specific_survey":0,"_uf_disable_surveys":false},"product_brand":[],"product_cat":[196,121,58],"product_tag":[452,266,402,129],"class_list":{"0":"post-6340","1":"product","2":"type-product","3":"status-publish","4":"has-post-thumbnail","6":"product_cat-accessoire","7":"product_cat-femme","8":"product_cat-sac","9":"product_tag-cuir-ditalie","10":"product_tag-petit","11":"product_tag-sac","12":"product_tag-sac-chic","14":"first","15":"instock","16":"sale","17":"featured","18":"purchasable","19":"product-type-simple"},"aioseo_notices":[],"jetpack_sharing_enabled":true,"_links":{"self":[{"href":"https:\/\/unbrinderien.fr\/index.php?rest_route=\/wp\/v2\/product\/6340","targetHints":{"allow":["GET"]}}],"collection":[{"href":"https:\/\/unbrinderien.fr\/index.php?rest_route=\/wp\/v2\/product"}],"about":[{"href":"https:\/\/unbrinderien.fr\/index.php?rest_route=\/wp\/v2\/types\/product"}],"replies":[{"embeddable":true,"href":"https:\/\/unbrinderien.fr\/index.php?rest_route=%2Fwp%2Fv2%2Fcomments&post=6340"}],"version-history":[{"count":0,"href":"https:\/\/unbrinderien.fr\/index.php?rest_route=\/wp\/v2\/product\/6340\/revisions"}],"wp:featuredmedia":[{"embeddable":true,"href":"https:\/\/unbrinderien.fr\/index.php?rest_route=\/wp\/v2\/media\/6335"}],"wp:attachment":[{"href":"https:\/\/unbrinderien.fr\/index.php?rest_route=%2Fwp%2Fv2%2Fmedia&parent=6340"}],"wp:term":[{"taxonomy":"product_brand","embeddable":true,"href":"https:\/\/unbrinderien.fr\/index.php?rest_route=%2Fwp%2Fv2%2Fproduct_brand&post=6340"},{"taxonomy":"product_cat","embeddable":true,"href":"https:\/\/unbrinderien.fr\/index.php?rest_route=%2Fwp%2Fv2%2Fproduct_cat&post=6340"},{"taxonomy":"product_tag","embeddable":true,"href":"https:\/\/unbrinderien.fr\/index.php?rest_route=%2Fwp%2Fv2%2Fproduct_tag&post=6340"}],"curies":[{"name":"wp","href":"https:\/\/api.w.org\/{rel}","templated":true}]}}