{"id":5967,"date":"2020-09-21T19:05:08","date_gmt":"2020-09-21T17:05:08","guid":{"rendered":"https:\/\/unbrinderien.fr\/?post_type=product&#038;p=5967"},"modified":"2021-02-17T00:04:47","modified_gmt":"2021-02-16T23:04:47","slug":"bracelet-pierre-apatite-bleue-et-perles","status":"publish","type":"product","link":"https:\/\/unbrinderien.fr\/?product=bracelet-pierre-apatite-bleue-et-perles","title":{"rendered":"Bracelet pierre Apatite bleue et perles"},"content":{"rendered":"","protected":false},"excerpt":{"rendered":"<p>Tr\u00e8s jolie bracelet en perles avec v\u00e9ritable pierre apatite bleue, mont\u00e9 sur fil \u00e9lastique, \u00e0 porter \u00e0 volont\u00e9.<\/p>\n<p>Diam\u00e8tre perles: 6 mm<\/p>\n<p>Dimension bracelet: de 16 cm \u00e0 20 cm.<\/p>\n<div class=\"container section-title-container\">\n<h2 class=\"section-title section-title-bold\"><span class=\"section-title-main\"><i class=\"icon-clock\"><\/i>HISTOIRE DE LA PIERRE<\/span><b><\/b><\/h2>\n<\/div>\n<div id=\"row-544452018\" class=\"row\">\n<div id=\"col-1844717556\" class=\"col medium-8 small-12 large-8\">\n<div class=\"col-inner\">\n<p>Si on revient \u00e0 la mythologie grecque, Apat\u00e9 fut l\u2019un des maux qui surgit de la bo\u00eete de Pandore. C\u2019est la divinit\u00e9 de la supercherie, de la fraude et de la tromperie.<\/p>\n<p>Ainsi, le nom de\u00a0<strong>l\u2019apatite<\/strong>, \u00e9tymologiquement inspir\u00e9 du grec \u00ab\u00a0apatan\u00a0\u00bb litt\u00e9ralement \u00ab\u00a0tromper \u00bb, est tr\u00e8s suggestif. Il se peut qu\u2019autrefois, l\u2019<strong>apatite<\/strong>\u00a0ait pu arriver \u00e0 hypnotiser beaucoup de personnes par des \u00e9clats trompeurs en raison de ses nombreuses couleurs et vari\u00e9t\u00e9s, arrivant \u00e0 semer le doute dans leur esprit jusqu\u2019\u00e0 la confondre avec d\u2019autres gemmes. Et si le min\u00e9ralogiste allemand Abraham Gottlob Werner lui donna en 1786 le nom de l\u2019apatite, c\u2019est en raison des amalgames relatifs \u00e0 la nature de la pierre. Mais, c\u2019est vers le XVIIIe si\u00e8cle que la composition chimique de l\u2019apatite a \u00e9t\u00e9 clairement d\u00e9termin\u00e9e.<\/p>\n<p>Si, comme min\u00e9ral, l\u2019apatite se trouve dans plusieurs pays, les apatites de qualit\u00e9 gemme sont assez rarissimes. Leurs gisements les plus notables se situent essentiellement au Canada, aux Etats-Unis, au Br\u00e9sil, au Portugal, en France, au Pakistan\u2026<\/p>\n<\/div>\n<\/div>\n<\/div>\n<p>&nbsp;<\/p>\n<p>&nbsp;<\/p>\n<p>&nbsp;<\/p>\n<p>&nbsp;<\/p>\n<p>&nbsp;<\/p>\n<p>&nbsp;<\/p>\n<p>&nbsp;<\/p>\n<p>&nbsp;<\/p>\n<p>&nbsp;<\/p>\n<p>&nbsp;<\/p>\n<p>&nbsp;<\/p>\n<p>&nbsp;<\/p>\n<p>&nbsp;<\/p>\n<p>&nbsp;<\/p>\n<p>&nbsp;<\/p>\n<p>&nbsp;<\/p>\n<p>&nbsp;<\/p>\n<div class=\"\" data-block=\"true\" data-editor=\"dcjl\" data-offset-key=\"51nl-0-0\">\n<div class=\"_1mf _1mj\" data-offset-key=\"51nl-0-0\">\n<p>&nbsp;<\/p>\n<\/div>\n<\/div>\n<div class=\"\" data-block=\"true\" data-editor=\"dcjl\" data-offset-key=\"1rjem-0-0\">\n<div class=\"_1mf _1mj\" data-offset-key=\"1rjem-0-0\"><span data-offset-key=\"1rjem-0-0\">\u00a0<\/span><\/div>\n<\/div>\n<div class=\"\" data-block=\"true\" data-editor=\"dcjl\" data-offset-key=\"774eq-0-0\"><\/div>\n<div class=\"\" data-block=\"true\" data-editor=\"dcjl\" data-offset-key=\"8drpg-0-0\">\n<div class=\"_1mf _1mj\" data-offset-key=\"8drpg-0-0\"><\/div>\n<\/div>\n<p>&nbsp;<\/p>\n","protected":false},"featured_media":5972,"comment_status":"open","ping_status":"closed","template":"","meta":{"_mo_disable_npp":"","om_disable_all_campaigns":false,"_monsterinsights_skip_tracking":false,"_monsterinsights_sitenote_active":false,"_monsterinsights_sitenote_note":"","_monsterinsights_sitenote_category":0,"_uf_show_specific_survey":0,"_uf_disable_surveys":false},"product_brand":[],"product_cat":[354,179,172,180,121,453],"product_tag":[201,226,319,163,221],"class_list":{"0":"post-5967","1":"product","2":"type-product","3":"status-publish","4":"has-post-thumbnail","6":"product_cat-argent-925","7":"product_cat-bijoux-creation","8":"product_cat-bracelet","9":"product_cat-bracelet-bijoux-creation","10":"product_cat-femme","11":"product_cat-nouveautes","12":"product_tag-apatite-bleue","13":"product_tag-argent-925","14":"product_tag-bijoux-femme","15":"product_tag-bracelet","16":"product_tag-perles","18":"first","19":"instock","20":"purchasable","21":"product-type-simple"},"aioseo_notices":[],"yoast_head":"<!-- This site is optimized with the Yoast SEO plugin v27.3 - https:\/\/yoast.com\/product\/yoast-seo-wordpress\/ -->\n<title>Bracelet pierre Apatite bleue et perles - UNBRINDERIEN<\/title>\n<meta name=\"description\" content=\"Tr\u00e8s joli bracelet en perles et v\u00e9ritable pierre apatite bleue mont\u00e9 sur fil \u00e9lastique tr\u00e8s fin et rafin\u00e9 taille de 16 \u00e0 20 cm\" \/>\n<meta name=\"robots\" content=\"index, follow, max-snippet:-1, max-image-preview:large, max-video-preview:-1\" \/>\n<link rel=\"canonical\" href=\"https:\/\/unbrinderien.fr\/?product=bracelet-pierre-apatite-bleue-et-perles\" \/>\n<meta property=\"og:locale\" content=\"fr_FR\" \/>\n<meta property=\"og:type\" content=\"article\" \/>\n<meta property=\"og:title\" content=\"Bracelet pierre Apatite bleue et perles - UNBRINDERIEN\" \/>\n<meta property=\"og:description\" content=\"Tr\u00e8s joli bracelet en perles et v\u00e9ritable pierre apatite bleue mont\u00e9 sur fil \u00e9lastique tr\u00e8s fin et rafin\u00e9 taille de 16 \u00e0 20 cm\" \/>\n<meta property=\"og:url\" content=\"https:\/\/unbrinderien.fr\/?product=bracelet-pierre-apatite-bleue-et-perles\" \/>\n<meta property=\"og:site_name\" content=\"UNBRINDERIEN\" \/>\n<meta property=\"article:publisher\" content=\"https:\/\/www.facebook.com\/unbrinderien.celinenoisette\/\" \/>\n<meta property=\"article:modified_time\" content=\"2021-02-16T23:04:47+00:00\" \/>\n<meta property=\"og:image\" content=\"https:\/\/i0.wp.com\/unbrinderien.fr\/wp-content\/uploads\/2020\/09\/Ref.65809-Bracelet-perles-et-apatite-bleue..jpg?fit=512%2C392&ssl=1\" \/>\n\t<meta property=\"og:image:width\" content=\"512\" \/>\n\t<meta property=\"og:image:height\" content=\"392\" \/>\n\t<meta property=\"og:image:type\" content=\"image\/jpeg\" \/>\n<meta name=\"twitter:card\" content=\"summary_large_image\" \/>\n<meta name=\"twitter:site\" content=\"@Unbrinderien01\" \/>\n<script type=\"application\/ld+json\" class=\"yoast-schema-graph\">{\"@context\":\"https:\\\/\\\/schema.org\",\"@graph\":[{\"@type\":\"WebPage\",\"@id\":\"https:\\\/\\\/unbrinderien.fr\\\/?product=bracelet-pierre-apatite-bleue-et-perles\",\"url\":\"https:\\\/\\\/unbrinderien.fr\\\/?product=bracelet-pierre-apatite-bleue-et-perles\",\"name\":\"Bracelet pierre Apatite bleue et perles - UNBRINDERIEN\",\"isPartOf\":{\"@id\":\"https:\\\/\\\/unbrinderien.fr\\\/#website\"},\"primaryImageOfPage\":{\"@id\":\"https:\\\/\\\/unbrinderien.fr\\\/?product=bracelet-pierre-apatite-bleue-et-perles#primaryimage\"},\"image\":{\"@id\":\"https:\\\/\\\/unbrinderien.fr\\\/?product=bracelet-pierre-apatite-bleue-et-perles#primaryimage\"},\"thumbnailUrl\":\"https:\\\/\\\/unbrinderien.fr\\\/wp-content\\\/uploads\\\/2020\\\/09\\\/Ref.65809-Bracelet-perles-et-apatite-bleue..jpg\",\"datePublished\":\"2020-09-21T17:05:08+00:00\",\"dateModified\":\"2021-02-16T23:04:47+00:00\",\"description\":\"Tr\u00e8s joli bracelet en perles et v\u00e9ritable pierre apatite bleue mont\u00e9 sur fil \u00e9lastique tr\u00e8s fin et rafin\u00e9 taille de 16 \u00e0 20 cm\",\"breadcrumb\":{\"@id\":\"https:\\\/\\\/unbrinderien.fr\\\/?product=bracelet-pierre-apatite-bleue-et-perles#breadcrumb\"},\"inLanguage\":\"fr-FR\",\"potentialAction\":[{\"@type\":\"ReadAction\",\"target\":[\"https:\\\/\\\/unbrinderien.fr\\\/?product=bracelet-pierre-apatite-bleue-et-perles\"]}]},{\"@type\":\"ImageObject\",\"inLanguage\":\"fr-FR\",\"@id\":\"https:\\\/\\\/unbrinderien.fr\\\/?product=bracelet-pierre-apatite-bleue-et-perles#primaryimage\",\"url\":\"https:\\\/\\\/unbrinderien.fr\\\/wp-content\\\/uploads\\\/2020\\\/09\\\/Ref.65809-Bracelet-perles-et-apatite-bleue..jpg\",\"contentUrl\":\"https:\\\/\\\/unbrinderien.fr\\\/wp-content\\\/uploads\\\/2020\\\/09\\\/Ref.65809-Bracelet-perles-et-apatite-bleue..jpg\",\"width\":512,\"height\":392},{\"@type\":\"BreadcrumbList\",\"@id\":\"https:\\\/\\\/unbrinderien.fr\\\/?product=bracelet-pierre-apatite-bleue-et-perles#breadcrumb\",\"itemListElement\":[{\"@type\":\"ListItem\",\"position\":1,\"name\":\"Accueil\",\"item\":\"https:\\\/\\\/unbrinderien.fr\\\/\"},{\"@type\":\"ListItem\",\"position\":2,\"name\":\"Boutique\",\"item\":\"https:\\\/\\\/unbrinderien.fr\\\/?page_id=3298\"},{\"@type\":\"ListItem\",\"position\":3,\"name\":\"Bracelet pierre Apatite bleue et perles\"}]},{\"@type\":\"WebSite\",\"@id\":\"https:\\\/\\\/unbrinderien.fr\\\/#website\",\"url\":\"https:\\\/\\\/unbrinderien.fr\\\/\",\"name\":\"UNBRINDERIEN\",\"description\":\"Le site qui vous va bien ...\",\"publisher\":{\"@id\":\"https:\\\/\\\/unbrinderien.fr\\\/#organization\"},\"potentialAction\":[{\"@type\":\"SearchAction\",\"target\":{\"@type\":\"EntryPoint\",\"urlTemplate\":\"https:\\\/\\\/unbrinderien.fr\\\/?s={search_term_string}\"},\"query-input\":{\"@type\":\"PropertyValueSpecification\",\"valueRequired\":true,\"valueName\":\"search_term_string\"}}],\"inLanguage\":\"fr-FR\"},{\"@type\":\"Organization\",\"@id\":\"https:\\\/\\\/unbrinderien.fr\\\/#organization\",\"name\":\"Unbrinderien\",\"url\":\"https:\\\/\\\/unbrinderien.fr\\\/\",\"logo\":{\"@type\":\"ImageObject\",\"inLanguage\":\"fr-FR\",\"@id\":\"https:\\\/\\\/unbrinderien.fr\\\/#\\\/schema\\\/logo\\\/image\\\/\",\"url\":\"https:\\\/\\\/i2.wp.com\\\/unbrinderien.fr\\\/wp-content\\\/uploads\\\/2020\\\/05\\\/Logo-2020Taille-originale-Since-2012-v2-valide.png?fit=456%2C457&ssl=1\",\"contentUrl\":\"https:\\\/\\\/i2.wp.com\\\/unbrinderien.fr\\\/wp-content\\\/uploads\\\/2020\\\/05\\\/Logo-2020Taille-originale-Since-2012-v2-valide.png?fit=456%2C457&ssl=1\",\"width\":456,\"height\":457,\"caption\":\"Unbrinderien\"},\"image\":{\"@id\":\"https:\\\/\\\/unbrinderien.fr\\\/#\\\/schema\\\/logo\\\/image\\\/\"},\"sameAs\":[\"https:\\\/\\\/www.facebook.com\\\/unbrinderien.celinenoisette\\\/\",\"https:\\\/\\\/x.com\\\/Unbrinderien01\",\"https:\\\/\\\/instagram.com\\\/unbrinderien?igshid=Itlgnkslaq489\"]}]}<\/script>\n<!-- \/ Yoast SEO plugin. -->","yoast_head_json":{"title":"Bracelet pierre Apatite bleue et perles - UNBRINDERIEN","description":"Tr\u00e8s joli bracelet en perles et v\u00e9ritable pierre apatite bleue mont\u00e9 sur fil \u00e9lastique tr\u00e8s fin et rafin\u00e9 taille de 16 \u00e0 20 cm","robots":{"index":"index","follow":"follow","max-snippet":"max-snippet:-1","max-image-preview":"max-image-preview:large","max-video-preview":"max-video-preview:-1"},"canonical":"https:\/\/unbrinderien.fr\/?product=bracelet-pierre-apatite-bleue-et-perles","og_locale":"fr_FR","og_type":"article","og_title":"Bracelet pierre Apatite bleue et perles - UNBRINDERIEN","og_description":"Tr\u00e8s joli bracelet en perles et v\u00e9ritable pierre apatite bleue mont\u00e9 sur fil \u00e9lastique tr\u00e8s fin et rafin\u00e9 taille de 16 \u00e0 20 cm","og_url":"https:\/\/unbrinderien.fr\/?product=bracelet-pierre-apatite-bleue-et-perles","og_site_name":"UNBRINDERIEN","article_publisher":"https:\/\/www.facebook.com\/unbrinderien.celinenoisette\/","article_modified_time":"2021-02-16T23:04:47+00:00","og_image":[{"width":512,"height":392,"url":"https:\/\/i0.wp.com\/unbrinderien.fr\/wp-content\/uploads\/2020\/09\/Ref.65809-Bracelet-perles-et-apatite-bleue..jpg?fit=512%2C392&ssl=1","type":"image\/jpeg"}],"twitter_card":"summary_large_image","twitter_site":"@Unbrinderien01","schema":{"@context":"https:\/\/schema.org","@graph":[{"@type":"WebPage","@id":"https:\/\/unbrinderien.fr\/?product=bracelet-pierre-apatite-bleue-et-perles","url":"https:\/\/unbrinderien.fr\/?product=bracelet-pierre-apatite-bleue-et-perles","name":"Bracelet pierre Apatite bleue et perles - UNBRINDERIEN","isPartOf":{"@id":"https:\/\/unbrinderien.fr\/#website"},"primaryImageOfPage":{"@id":"https:\/\/unbrinderien.fr\/?product=bracelet-pierre-apatite-bleue-et-perles#primaryimage"},"image":{"@id":"https:\/\/unbrinderien.fr\/?product=bracelet-pierre-apatite-bleue-et-perles#primaryimage"},"thumbnailUrl":"https:\/\/unbrinderien.fr\/wp-content\/uploads\/2020\/09\/Ref.65809-Bracelet-perles-et-apatite-bleue..jpg","datePublished":"2020-09-21T17:05:08+00:00","dateModified":"2021-02-16T23:04:47+00:00","description":"Tr\u00e8s joli bracelet en perles et v\u00e9ritable pierre apatite bleue mont\u00e9 sur fil \u00e9lastique tr\u00e8s fin et rafin\u00e9 taille de 16 \u00e0 20 cm","breadcrumb":{"@id":"https:\/\/unbrinderien.fr\/?product=bracelet-pierre-apatite-bleue-et-perles#breadcrumb"},"inLanguage":"fr-FR","potentialAction":[{"@type":"ReadAction","target":["https:\/\/unbrinderien.fr\/?product=bracelet-pierre-apatite-bleue-et-perles"]}]},{"@type":"ImageObject","inLanguage":"fr-FR","@id":"https:\/\/unbrinderien.fr\/?product=bracelet-pierre-apatite-bleue-et-perles#primaryimage","url":"https:\/\/unbrinderien.fr\/wp-content\/uploads\/2020\/09\/Ref.65809-Bracelet-perles-et-apatite-bleue..jpg","contentUrl":"https:\/\/unbrinderien.fr\/wp-content\/uploads\/2020\/09\/Ref.65809-Bracelet-perles-et-apatite-bleue..jpg","width":512,"height":392},{"@type":"BreadcrumbList","@id":"https:\/\/unbrinderien.fr\/?product=bracelet-pierre-apatite-bleue-et-perles#breadcrumb","itemListElement":[{"@type":"ListItem","position":1,"name":"Accueil","item":"https:\/\/unbrinderien.fr\/"},{"@type":"ListItem","position":2,"name":"Boutique","item":"https:\/\/unbrinderien.fr\/?page_id=3298"},{"@type":"ListItem","position":3,"name":"Bracelet pierre Apatite bleue et perles"}]},{"@type":"WebSite","@id":"https:\/\/unbrinderien.fr\/#website","url":"https:\/\/unbrinderien.fr\/","name":"UNBRINDERIEN","description":"Le site qui vous va bien ...","publisher":{"@id":"https:\/\/unbrinderien.fr\/#organization"},"potentialAction":[{"@type":"SearchAction","target":{"@type":"EntryPoint","urlTemplate":"https:\/\/unbrinderien.fr\/?s={search_term_string}"},"query-input":{"@type":"PropertyValueSpecification","valueRequired":true,"valueName":"search_term_string"}}],"inLanguage":"fr-FR"},{"@type":"Organization","@id":"https:\/\/unbrinderien.fr\/#organization","name":"Unbrinderien","url":"https:\/\/unbrinderien.fr\/","logo":{"@type":"ImageObject","inLanguage":"fr-FR","@id":"https:\/\/unbrinderien.fr\/#\/schema\/logo\/image\/","url":"https:\/\/i2.wp.com\/unbrinderien.fr\/wp-content\/uploads\/2020\/05\/Logo-2020Taille-originale-Since-2012-v2-valide.png?fit=456%2C457&ssl=1","contentUrl":"https:\/\/i2.wp.com\/unbrinderien.fr\/wp-content\/uploads\/2020\/05\/Logo-2020Taille-originale-Since-2012-v2-valide.png?fit=456%2C457&ssl=1","width":456,"height":457,"caption":"Unbrinderien"},"image":{"@id":"https:\/\/unbrinderien.fr\/#\/schema\/logo\/image\/"},"sameAs":["https:\/\/www.facebook.com\/unbrinderien.celinenoisette\/","https:\/\/x.com\/Unbrinderien01","https:\/\/instagram.com\/unbrinderien?igshid=Itlgnkslaq489"]}]}},"jetpack_sharing_enabled":true,"_links":{"self":[{"href":"https:\/\/unbrinderien.fr\/index.php?rest_route=\/wp\/v2\/product\/5967","targetHints":{"allow":["GET"]}}],"collection":[{"href":"https:\/\/unbrinderien.fr\/index.php?rest_route=\/wp\/v2\/product"}],"about":[{"href":"https:\/\/unbrinderien.fr\/index.php?rest_route=\/wp\/v2\/types\/product"}],"replies":[{"embeddable":true,"href":"https:\/\/unbrinderien.fr\/index.php?rest_route=%2Fwp%2Fv2%2Fcomments&post=5967"}],"version-history":[{"count":0,"href":"https:\/\/unbrinderien.fr\/index.php?rest_route=\/wp\/v2\/product\/5967\/revisions"}],"wp:featuredmedia":[{"embeddable":true,"href":"https:\/\/unbrinderien.fr\/index.php?rest_route=\/wp\/v2\/media\/5972"}],"wp:attachment":[{"href":"https:\/\/unbrinderien.fr\/index.php?rest_route=%2Fwp%2Fv2%2Fmedia&parent=5967"}],"wp:term":[{"taxonomy":"product_brand","embeddable":true,"href":"https:\/\/unbrinderien.fr\/index.php?rest_route=%2Fwp%2Fv2%2Fproduct_brand&post=5967"},{"taxonomy":"product_cat","embeddable":true,"href":"https:\/\/unbrinderien.fr\/index.php?rest_route=%2Fwp%2Fv2%2Fproduct_cat&post=5967"},{"taxonomy":"product_tag","embeddable":true,"href":"https:\/\/unbrinderien.fr\/index.php?rest_route=%2Fwp%2Fv2%2Fproduct_tag&post=5967"}],"curies":[{"name":"wp","href":"https:\/\/api.w.org\/{rel}","templated":true}]}}