{"id":5540,"date":"2020-07-11T16:38:40","date_gmt":"2020-07-11T14:38:40","guid":{"rendered":"https:\/\/unbrinderien.fr\/?post_type=product&#038;p=5540"},"modified":"2021-02-17T00:04:49","modified_gmt":"2021-02-16T23:04:49","slug":"bracelet-pour-homme-en-acier-gris-et-noir","status":"publish","type":"product","link":"https:\/\/unbrinderien.fr\/?product=bracelet-pour-homme-en-acier-gris-et-noir","title":{"rendered":"Bracelet pour homme en acier gris et noir"},"content":{"rendered":"","protected":false},"excerpt":{"rendered":"<p>Joli bracelet\/gourmette pour homme en acier gris et noir, id\u00e9al pour l&rsquo;\u00e9t\u00e9, jolie id\u00e9e de cadeau.<\/p>\n<p>Longueur: 21 cm<\/p>\n<p>Diam\u00e8tre: 8 mm<\/p>\n","protected":false},"featured_media":5541,"comment_status":"open","ping_status":"closed","template":"","meta":{"_mo_disable_npp":"","om_disable_all_campaigns":false,"_monsterinsights_skip_tracking":false,"_monsterinsights_sitenote_active":false,"_monsterinsights_sitenote_note":"","_monsterinsights_sitenote_category":0,"_uf_show_specific_survey":0,"_uf_disable_surveys":false},"product_brand":[],"product_cat":[193,194,120],"product_tag":[215,438,163,441],"class_list":{"0":"post-5540","1":"product","2":"type-product","3":"status-publish","4":"has-post-thumbnail","6":"product_cat-bijoux-homme","7":"product_cat-bracelet-bijoux-homme","8":"product_cat-homme","9":"product_tag-acier","10":"product_tag-bijoux-homme","11":"product_tag-bracelet","12":"product_tag-gourmette","14":"first","15":"instock","16":"purchasable","17":"product-type-simple"},"aioseo_notices":[],"jetpack_sharing_enabled":true,"_links":{"self":[{"href":"https:\/\/unbrinderien.fr\/index.php?rest_route=\/wp\/v2\/product\/5540","targetHints":{"allow":["GET"]}}],"collection":[{"href":"https:\/\/unbrinderien.fr\/index.php?rest_route=\/wp\/v2\/product"}],"about":[{"href":"https:\/\/unbrinderien.fr\/index.php?rest_route=\/wp\/v2\/types\/product"}],"replies":[{"embeddable":true,"href":"https:\/\/unbrinderien.fr\/index.php?rest_route=%2Fwp%2Fv2%2Fcomments&post=5540"}],"version-history":[{"count":0,"href":"https:\/\/unbrinderien.fr\/index.php?rest_route=\/wp\/v2\/product\/5540\/revisions"}],"wp:featuredmedia":[{"embeddable":true,"href":"https:\/\/unbrinderien.fr\/index.php?rest_route=\/wp\/v2\/media\/5541"}],"wp:attachment":[{"href":"https:\/\/unbrinderien.fr\/index.php?rest_route=%2Fwp%2Fv2%2Fmedia&parent=5540"}],"wp:term":[{"taxonomy":"product_brand","embeddable":true,"href":"https:\/\/unbrinderien.fr\/index.php?rest_route=%2Fwp%2Fv2%2Fproduct_brand&post=5540"},{"taxonomy":"product_cat","embeddable":true,"href":"https:\/\/unbrinderien.fr\/index.php?rest_route=%2Fwp%2Fv2%2Fproduct_cat&post=5540"},{"taxonomy":"product_tag","embeddable":true,"href":"https:\/\/unbrinderien.fr\/index.php?rest_route=%2Fwp%2Fv2%2Fproduct_tag&post=5540"}],"curies":[{"name":"wp","href":"https:\/\/api.w.org\/{rel}","templated":true}]}}