{"id":5516,"date":"2020-07-11T15:32:30","date_gmt":"2020-07-11T13:32:30","guid":{"rendered":"https:\/\/unbrinderien.fr\/?post_type=product&#038;p=5516"},"modified":"2021-02-17T00:04:49","modified_gmt":"2021-02-16T23:04:49","slug":"bracelets-homme-en-cuir-fermoir-crochet","status":"publish","type":"product","link":"https:\/\/unbrinderien.fr\/?product=bracelets-homme-en-cuir-fermoir-crochet","title":{"rendered":"Bracelets Homme en cuir fermoir crochet"},"content":{"rendered":"","protected":false},"excerpt":{"rendered":"<p>Joli bracelet noir tress\u00e9 pour homme, en cuir, pour petits poignets, id\u00e9al pour l&rsquo;\u00e9t\u00e9.<\/p>\n<p>Longueur: 20 cm<\/p>\n<p>Diam\u00e8tre: 8 mm<\/p>\n","protected":false},"featured_media":5517,"comment_status":"open","ping_status":"closed","template":"","meta":{"_mo_disable_npp":"","om_disable_all_campaigns":false,"_monsterinsights_skip_tracking":false,"_monsterinsights_sitenote_active":false,"_monsterinsights_sitenote_note":"","_monsterinsights_sitenote_category":0,"_uf_show_specific_survey":0,"_uf_disable_surveys":false},"product_brand":[],"product_cat":[193,194,120],"product_tag":[438,163,439],"class_list":{"0":"post-5516","1":"product","2":"type-product","3":"status-publish","4":"has-post-thumbnail","6":"product_cat-bijoux-homme","7":"product_cat-bracelet-bijoux-homme","8":"product_cat-homme","9":"product_tag-bijoux-homme","10":"product_tag-bracelet","11":"product_tag-bracelet-homme","13":"first","14":"instock","15":"purchasable","16":"product-type-simple"},"aioseo_notices":[],"jetpack_sharing_enabled":true,"_links":{"self":[{"href":"https:\/\/unbrinderien.fr\/index.php?rest_route=\/wp\/v2\/product\/5516","targetHints":{"allow":["GET"]}}],"collection":[{"href":"https:\/\/unbrinderien.fr\/index.php?rest_route=\/wp\/v2\/product"}],"about":[{"href":"https:\/\/unbrinderien.fr\/index.php?rest_route=\/wp\/v2\/types\/product"}],"replies":[{"embeddable":true,"href":"https:\/\/unbrinderien.fr\/index.php?rest_route=%2Fwp%2Fv2%2Fcomments&post=5516"}],"version-history":[{"count":0,"href":"https:\/\/unbrinderien.fr\/index.php?rest_route=\/wp\/v2\/product\/5516\/revisions"}],"wp:featuredmedia":[{"embeddable":true,"href":"https:\/\/unbrinderien.fr\/index.php?rest_route=\/wp\/v2\/media\/5517"}],"wp:attachment":[{"href":"https:\/\/unbrinderien.fr\/index.php?rest_route=%2Fwp%2Fv2%2Fmedia&parent=5516"}],"wp:term":[{"taxonomy":"product_brand","embeddable":true,"href":"https:\/\/unbrinderien.fr\/index.php?rest_route=%2Fwp%2Fv2%2Fproduct_brand&post=5516"},{"taxonomy":"product_cat","embeddable":true,"href":"https:\/\/unbrinderien.fr\/index.php?rest_route=%2Fwp%2Fv2%2Fproduct_cat&post=5516"},{"taxonomy":"product_tag","embeddable":true,"href":"https:\/\/unbrinderien.fr\/index.php?rest_route=%2Fwp%2Fv2%2Fproduct_tag&post=5516"}],"curies":[{"name":"wp","href":"https:\/\/api.w.org\/{rel}","templated":true}]}}