{"id":5318,"date":"2020-07-09T16:39:37","date_gmt":"2020-07-09T14:39:37","guid":{"rendered":"https:\/\/unbrinderien.fr\/?post_type=product&#038;p=5318"},"modified":"2021-02-17T00:09:33","modified_gmt":"2021-02-16T23:09:33","slug":"ensemble-soutien-gorge-culotte-suzanne","status":"publish","type":"product","link":"https:\/\/unbrinderien.fr\/?product=ensemble-soutien-gorge-culotte-suzanne","title":{"rendered":"Ensemble soutien gorge\/culotte Suzanne"},"content":{"rendered":"","protected":false},"excerpt":{"rendered":"<p>Tr\u00e8s bel ensemble de lingerie, soutien gorge l\u00e9g\u00e8rement rembourr\u00e9 et bretelles amovibles, culotte dentelle .<br \/>\nComposition: 90% Polyamide 10% \u00e9lasthanne.<br \/>\nConseils d&rsquo;entretien: lavage en machine \u00e0 30 degr\u00e9s<\/p>\n<p><strong>Composition Tailles ensemble:<\/strong><\/p>\n<p>soutien gorge (85) avec culotte (M)<\/p>\n<p>soutien gorge (90) avec culotte (L)<\/p>\n<p>soutien gorge (95) avec culotte (XL)<\/p>\n","protected":false},"featured_media":5339,"comment_status":"open","ping_status":"closed","template":"","meta":{"_mo_disable_npp":"","om_disable_all_campaigns":false,"_monsterinsights_skip_tracking":false,"_monsterinsights_sitenote_active":false,"_monsterinsights_sitenote_note":"","_monsterinsights_sitenote_category":0,"_uf_show_specific_survey":0,"_uf_disable_surveys":false},"product_brand":[],"product_cat":[121,142],"product_tag":[309,134],"class_list":{"0":"post-5318","1":"product","2":"type-product","3":"status-publish","4":"has-post-thumbnail","6":"product_cat-femme","7":"product_cat-lingerie-femme","8":"product_tag-femme","9":"product_tag-lingerie","11":"first","12":"instock","13":"purchasable","14":"product-type-variable"},"aioseo_notices":[],"yoast_head":"<!-- This site is optimized with the Yoast SEO plugin v27.3 - https:\/\/yoast.com\/product\/yoast-seo-wordpress\/ -->\n<title>Ensemble soutien gorge\/culotte Suzanne - UNBRINDERIEN<\/title>\n<meta name=\"description\" content=\"Tr\u00e8s bel ensemble Suzanne avec soutien gorge l\u00e9ger rembourage bretelles amovibles et culotte en dentelle blanc ou noir lavage \u00e0 30 degr\u00e9s\" \/>\n<meta name=\"robots\" content=\"index, follow, max-snippet:-1, max-image-preview:large, max-video-preview:-1\" \/>\n<link rel=\"canonical\" href=\"https:\/\/unbrinderien.fr\/?product=ensemble-soutien-gorge-culotte-suzanne\" \/>\n<meta property=\"og:locale\" content=\"fr_FR\" \/>\n<meta property=\"og:type\" content=\"article\" \/>\n<meta property=\"og:title\" content=\"Ensemble soutien gorge\/culotte Suzanne - UNBRINDERIEN\" \/>\n<meta property=\"og:description\" content=\"Tr\u00e8s bel ensemble Suzanne avec soutien gorge l\u00e9ger rembourage bretelles amovibles et culotte en dentelle blanc ou noir lavage \u00e0 30 degr\u00e9s\" \/>\n<meta property=\"og:url\" content=\"https:\/\/unbrinderien.fr\/?product=ensemble-soutien-gorge-culotte-suzanne\" \/>\n<meta property=\"og:site_name\" content=\"UNBRINDERIEN\" \/>\n<meta property=\"article:publisher\" content=\"https:\/\/www.facebook.com\/unbrinderien.celinenoisette\/\" \/>\n<meta property=\"article:modified_time\" content=\"2021-02-16T23:09:33+00:00\" \/>\n<meta property=\"og:image\" content=\"https:\/\/i0.wp.com\/unbrinderien.fr\/wp-content\/uploads\/2020\/07\/Polish_20200709_180820439.jpg?fit=512%2C512&ssl=1\" \/>\n\t<meta property=\"og:image:width\" content=\"512\" \/>\n\t<meta property=\"og:image:height\" content=\"512\" \/>\n\t<meta property=\"og:image:type\" content=\"image\/jpeg\" \/>\n<meta name=\"twitter:card\" content=\"summary_large_image\" \/>\n<meta name=\"twitter:site\" content=\"@Unbrinderien01\" \/>\n<script type=\"application\/ld+json\" class=\"yoast-schema-graph\">{\"@context\":\"https:\\\/\\\/schema.org\",\"@graph\":[{\"@type\":\"WebPage\",\"@id\":\"https:\\\/\\\/unbrinderien.fr\\\/?product=ensemble-soutien-gorge-culotte-suzanne\",\"url\":\"https:\\\/\\\/unbrinderien.fr\\\/?product=ensemble-soutien-gorge-culotte-suzanne\",\"name\":\"Ensemble soutien gorge\\\/culotte Suzanne - UNBRINDERIEN\",\"isPartOf\":{\"@id\":\"https:\\\/\\\/unbrinderien.fr\\\/#website\"},\"primaryImageOfPage\":{\"@id\":\"https:\\\/\\\/unbrinderien.fr\\\/?product=ensemble-soutien-gorge-culotte-suzanne#primaryimage\"},\"image\":{\"@id\":\"https:\\\/\\\/unbrinderien.fr\\\/?product=ensemble-soutien-gorge-culotte-suzanne#primaryimage\"},\"thumbnailUrl\":\"https:\\\/\\\/unbrinderien.fr\\\/wp-content\\\/uploads\\\/2020\\\/07\\\/Polish_20200709_180820439.jpg\",\"datePublished\":\"2020-07-09T14:39:37+00:00\",\"dateModified\":\"2021-02-16T23:09:33+00:00\",\"description\":\"Tr\u00e8s bel ensemble Suzanne avec soutien gorge l\u00e9ger rembourage bretelles amovibles et culotte en dentelle blanc ou noir lavage \u00e0 30 degr\u00e9s\",\"breadcrumb\":{\"@id\":\"https:\\\/\\\/unbrinderien.fr\\\/?product=ensemble-soutien-gorge-culotte-suzanne#breadcrumb\"},\"inLanguage\":\"fr-FR\",\"potentialAction\":[{\"@type\":\"ReadAction\",\"target\":[\"https:\\\/\\\/unbrinderien.fr\\\/?product=ensemble-soutien-gorge-culotte-suzanne\"]}]},{\"@type\":\"ImageObject\",\"inLanguage\":\"fr-FR\",\"@id\":\"https:\\\/\\\/unbrinderien.fr\\\/?product=ensemble-soutien-gorge-culotte-suzanne#primaryimage\",\"url\":\"https:\\\/\\\/unbrinderien.fr\\\/wp-content\\\/uploads\\\/2020\\\/07\\\/Polish_20200709_180820439.jpg\",\"contentUrl\":\"https:\\\/\\\/unbrinderien.fr\\\/wp-content\\\/uploads\\\/2020\\\/07\\\/Polish_20200709_180820439.jpg\",\"width\":512,\"height\":512},{\"@type\":\"BreadcrumbList\",\"@id\":\"https:\\\/\\\/unbrinderien.fr\\\/?product=ensemble-soutien-gorge-culotte-suzanne#breadcrumb\",\"itemListElement\":[{\"@type\":\"ListItem\",\"position\":1,\"name\":\"Accueil\",\"item\":\"https:\\\/\\\/unbrinderien.fr\\\/\"},{\"@type\":\"ListItem\",\"position\":2,\"name\":\"Boutique\",\"item\":\"https:\\\/\\\/unbrinderien.fr\\\/?page_id=3298\"},{\"@type\":\"ListItem\",\"position\":3,\"name\":\"Ensemble soutien gorge\\\/culotte Suzanne\"}]},{\"@type\":\"WebSite\",\"@id\":\"https:\\\/\\\/unbrinderien.fr\\\/#website\",\"url\":\"https:\\\/\\\/unbrinderien.fr\\\/\",\"name\":\"UNBRINDERIEN\",\"description\":\"Le site qui vous va bien ...\",\"publisher\":{\"@id\":\"https:\\\/\\\/unbrinderien.fr\\\/#organization\"},\"potentialAction\":[{\"@type\":\"SearchAction\",\"target\":{\"@type\":\"EntryPoint\",\"urlTemplate\":\"https:\\\/\\\/unbrinderien.fr\\\/?s={search_term_string}\"},\"query-input\":{\"@type\":\"PropertyValueSpecification\",\"valueRequired\":true,\"valueName\":\"search_term_string\"}}],\"inLanguage\":\"fr-FR\"},{\"@type\":\"Organization\",\"@id\":\"https:\\\/\\\/unbrinderien.fr\\\/#organization\",\"name\":\"Unbrinderien\",\"url\":\"https:\\\/\\\/unbrinderien.fr\\\/\",\"logo\":{\"@type\":\"ImageObject\",\"inLanguage\":\"fr-FR\",\"@id\":\"https:\\\/\\\/unbrinderien.fr\\\/#\\\/schema\\\/logo\\\/image\\\/\",\"url\":\"https:\\\/\\\/i2.wp.com\\\/unbrinderien.fr\\\/wp-content\\\/uploads\\\/2020\\\/05\\\/Logo-2020Taille-originale-Since-2012-v2-valide.png?fit=456%2C457&ssl=1\",\"contentUrl\":\"https:\\\/\\\/i2.wp.com\\\/unbrinderien.fr\\\/wp-content\\\/uploads\\\/2020\\\/05\\\/Logo-2020Taille-originale-Since-2012-v2-valide.png?fit=456%2C457&ssl=1\",\"width\":456,\"height\":457,\"caption\":\"Unbrinderien\"},\"image\":{\"@id\":\"https:\\\/\\\/unbrinderien.fr\\\/#\\\/schema\\\/logo\\\/image\\\/\"},\"sameAs\":[\"https:\\\/\\\/www.facebook.com\\\/unbrinderien.celinenoisette\\\/\",\"https:\\\/\\\/x.com\\\/Unbrinderien01\",\"https:\\\/\\\/instagram.com\\\/unbrinderien?igshid=Itlgnkslaq489\"]}]}<\/script>\n<!-- \/ Yoast SEO plugin. -->","yoast_head_json":{"title":"Ensemble soutien gorge\/culotte Suzanne - UNBRINDERIEN","description":"Tr\u00e8s bel ensemble Suzanne avec soutien gorge l\u00e9ger rembourage bretelles amovibles et culotte en dentelle blanc ou noir lavage \u00e0 30 degr\u00e9s","robots":{"index":"index","follow":"follow","max-snippet":"max-snippet:-1","max-image-preview":"max-image-preview:large","max-video-preview":"max-video-preview:-1"},"canonical":"https:\/\/unbrinderien.fr\/?product=ensemble-soutien-gorge-culotte-suzanne","og_locale":"fr_FR","og_type":"article","og_title":"Ensemble soutien gorge\/culotte Suzanne - UNBRINDERIEN","og_description":"Tr\u00e8s bel ensemble Suzanne avec soutien gorge l\u00e9ger rembourage bretelles amovibles et culotte en dentelle blanc ou noir lavage \u00e0 30 degr\u00e9s","og_url":"https:\/\/unbrinderien.fr\/?product=ensemble-soutien-gorge-culotte-suzanne","og_site_name":"UNBRINDERIEN","article_publisher":"https:\/\/www.facebook.com\/unbrinderien.celinenoisette\/","article_modified_time":"2021-02-16T23:09:33+00:00","og_image":[{"width":512,"height":512,"url":"https:\/\/i0.wp.com\/unbrinderien.fr\/wp-content\/uploads\/2020\/07\/Polish_20200709_180820439.jpg?fit=512%2C512&ssl=1","type":"image\/jpeg"}],"twitter_card":"summary_large_image","twitter_site":"@Unbrinderien01","schema":{"@context":"https:\/\/schema.org","@graph":[{"@type":"WebPage","@id":"https:\/\/unbrinderien.fr\/?product=ensemble-soutien-gorge-culotte-suzanne","url":"https:\/\/unbrinderien.fr\/?product=ensemble-soutien-gorge-culotte-suzanne","name":"Ensemble soutien gorge\/culotte Suzanne - UNBRINDERIEN","isPartOf":{"@id":"https:\/\/unbrinderien.fr\/#website"},"primaryImageOfPage":{"@id":"https:\/\/unbrinderien.fr\/?product=ensemble-soutien-gorge-culotte-suzanne#primaryimage"},"image":{"@id":"https:\/\/unbrinderien.fr\/?product=ensemble-soutien-gorge-culotte-suzanne#primaryimage"},"thumbnailUrl":"https:\/\/unbrinderien.fr\/wp-content\/uploads\/2020\/07\/Polish_20200709_180820439.jpg","datePublished":"2020-07-09T14:39:37+00:00","dateModified":"2021-02-16T23:09:33+00:00","description":"Tr\u00e8s bel ensemble Suzanne avec soutien gorge l\u00e9ger rembourage bretelles amovibles et culotte en dentelle blanc ou noir lavage \u00e0 30 degr\u00e9s","breadcrumb":{"@id":"https:\/\/unbrinderien.fr\/?product=ensemble-soutien-gorge-culotte-suzanne#breadcrumb"},"inLanguage":"fr-FR","potentialAction":[{"@type":"ReadAction","target":["https:\/\/unbrinderien.fr\/?product=ensemble-soutien-gorge-culotte-suzanne"]}]},{"@type":"ImageObject","inLanguage":"fr-FR","@id":"https:\/\/unbrinderien.fr\/?product=ensemble-soutien-gorge-culotte-suzanne#primaryimage","url":"https:\/\/unbrinderien.fr\/wp-content\/uploads\/2020\/07\/Polish_20200709_180820439.jpg","contentUrl":"https:\/\/unbrinderien.fr\/wp-content\/uploads\/2020\/07\/Polish_20200709_180820439.jpg","width":512,"height":512},{"@type":"BreadcrumbList","@id":"https:\/\/unbrinderien.fr\/?product=ensemble-soutien-gorge-culotte-suzanne#breadcrumb","itemListElement":[{"@type":"ListItem","position":1,"name":"Accueil","item":"https:\/\/unbrinderien.fr\/"},{"@type":"ListItem","position":2,"name":"Boutique","item":"https:\/\/unbrinderien.fr\/?page_id=3298"},{"@type":"ListItem","position":3,"name":"Ensemble soutien gorge\/culotte Suzanne"}]},{"@type":"WebSite","@id":"https:\/\/unbrinderien.fr\/#website","url":"https:\/\/unbrinderien.fr\/","name":"UNBRINDERIEN","description":"Le site qui vous va bien ...","publisher":{"@id":"https:\/\/unbrinderien.fr\/#organization"},"potentialAction":[{"@type":"SearchAction","target":{"@type":"EntryPoint","urlTemplate":"https:\/\/unbrinderien.fr\/?s={search_term_string}"},"query-input":{"@type":"PropertyValueSpecification","valueRequired":true,"valueName":"search_term_string"}}],"inLanguage":"fr-FR"},{"@type":"Organization","@id":"https:\/\/unbrinderien.fr\/#organization","name":"Unbrinderien","url":"https:\/\/unbrinderien.fr\/","logo":{"@type":"ImageObject","inLanguage":"fr-FR","@id":"https:\/\/unbrinderien.fr\/#\/schema\/logo\/image\/","url":"https:\/\/i2.wp.com\/unbrinderien.fr\/wp-content\/uploads\/2020\/05\/Logo-2020Taille-originale-Since-2012-v2-valide.png?fit=456%2C457&ssl=1","contentUrl":"https:\/\/i2.wp.com\/unbrinderien.fr\/wp-content\/uploads\/2020\/05\/Logo-2020Taille-originale-Since-2012-v2-valide.png?fit=456%2C457&ssl=1","width":456,"height":457,"caption":"Unbrinderien"},"image":{"@id":"https:\/\/unbrinderien.fr\/#\/schema\/logo\/image\/"},"sameAs":["https:\/\/www.facebook.com\/unbrinderien.celinenoisette\/","https:\/\/x.com\/Unbrinderien01","https:\/\/instagram.com\/unbrinderien?igshid=Itlgnkslaq489"]}]}},"jetpack_sharing_enabled":true,"_links":{"self":[{"href":"https:\/\/unbrinderien.fr\/index.php?rest_route=\/wp\/v2\/product\/5318","targetHints":{"allow":["GET"]}}],"collection":[{"href":"https:\/\/unbrinderien.fr\/index.php?rest_route=\/wp\/v2\/product"}],"about":[{"href":"https:\/\/unbrinderien.fr\/index.php?rest_route=\/wp\/v2\/types\/product"}],"replies":[{"embeddable":true,"href":"https:\/\/unbrinderien.fr\/index.php?rest_route=%2Fwp%2Fv2%2Fcomments&post=5318"}],"version-history":[{"count":0,"href":"https:\/\/unbrinderien.fr\/index.php?rest_route=\/wp\/v2\/product\/5318\/revisions"}],"wp:featuredmedia":[{"embeddable":true,"href":"https:\/\/unbrinderien.fr\/index.php?rest_route=\/wp\/v2\/media\/5339"}],"wp:attachment":[{"href":"https:\/\/unbrinderien.fr\/index.php?rest_route=%2Fwp%2Fv2%2Fmedia&parent=5318"}],"wp:term":[{"taxonomy":"product_brand","embeddable":true,"href":"https:\/\/unbrinderien.fr\/index.php?rest_route=%2Fwp%2Fv2%2Fproduct_brand&post=5318"},{"taxonomy":"product_cat","embeddable":true,"href":"https:\/\/unbrinderien.fr\/index.php?rest_route=%2Fwp%2Fv2%2Fproduct_cat&post=5318"},{"taxonomy":"product_tag","embeddable":true,"href":"https:\/\/unbrinderien.fr\/index.php?rest_route=%2Fwp%2Fv2%2Fproduct_tag&post=5318"}],"curies":[{"name":"wp","href":"https:\/\/api.w.org\/{rel}","templated":true}]}}