{"id":5267,"date":"2020-07-08T19:07:16","date_gmt":"2020-07-08T17:07:16","guid":{"rendered":"https:\/\/unbrinderien.fr\/?post_type=product&#038;p=5267"},"modified":"2020-11-24T10:04:43","modified_gmt":"2020-11-24T09:04:43","slug":"boucles-doreille-plumes-argentees","status":"publish","type":"product","link":"https:\/\/unbrinderien.fr\/?product=boucles-doreille-plumes-argentees","title":{"rendered":"Boucles d&rsquo;oreille plumes argent\u00e9es"},"content":{"rendered":"","protected":false},"excerpt":{"rendered":"<p>Tr\u00e8s jolie paire de boucles d&rsquo;oreille pendantes avec breloque plume argent\u00e9 3 cm de long.<\/p>\n<p>Sans nickel.<\/p>\n","protected":false},"featured_media":5268,"comment_status":"open","ping_status":"closed","template":"","meta":{"_mo_disable_npp":"","om_disable_all_campaigns":false,"_monsterinsights_skip_tracking":false,"_monsterinsights_sitenote_active":false,"_monsterinsights_sitenote_note":"","_monsterinsights_sitenote_category":0,"_uf_show_specific_survey":0,"_uf_disable_surveys":false},"product_brand":[],"product_cat":[174,121],"product_tag":[312],"class_list":{"0":"post-5267","1":"product","2":"type-product","3":"status-publish","4":"has-post-thumbnail","6":"product_cat-boucles-doreille","7":"product_cat-femme","8":"product_tag-boucles-doreille","10":"first","11":"instock","12":"purchasable","13":"product-type-simple"},"aioseo_notices":[],"jetpack_sharing_enabled":true,"_links":{"self":[{"href":"https:\/\/unbrinderien.fr\/index.php?rest_route=\/wp\/v2\/product\/5267","targetHints":{"allow":["GET"]}}],"collection":[{"href":"https:\/\/unbrinderien.fr\/index.php?rest_route=\/wp\/v2\/product"}],"about":[{"href":"https:\/\/unbrinderien.fr\/index.php?rest_route=\/wp\/v2\/types\/product"}],"replies":[{"embeddable":true,"href":"https:\/\/unbrinderien.fr\/index.php?rest_route=%2Fwp%2Fv2%2Fcomments&post=5267"}],"version-history":[{"count":0,"href":"https:\/\/unbrinderien.fr\/index.php?rest_route=\/wp\/v2\/product\/5267\/revisions"}],"wp:featuredmedia":[{"embeddable":true,"href":"https:\/\/unbrinderien.fr\/index.php?rest_route=\/wp\/v2\/media\/5268"}],"wp:attachment":[{"href":"https:\/\/unbrinderien.fr\/index.php?rest_route=%2Fwp%2Fv2%2Fmedia&parent=5267"}],"wp:term":[{"taxonomy":"product_brand","embeddable":true,"href":"https:\/\/unbrinderien.fr\/index.php?rest_route=%2Fwp%2Fv2%2Fproduct_brand&post=5267"},{"taxonomy":"product_cat","embeddable":true,"href":"https:\/\/unbrinderien.fr\/index.php?rest_route=%2Fwp%2Fv2%2Fproduct_cat&post=5267"},{"taxonomy":"product_tag","embeddable":true,"href":"https:\/\/unbrinderien.fr\/index.php?rest_route=%2Fwp%2Fv2%2Fproduct_tag&post=5267"}],"curies":[{"name":"wp","href":"https:\/\/api.w.org\/{rel}","templated":true}]}}