{"id":5170,"date":"2020-07-08T13:43:17","date_gmt":"2020-07-08T11:43:17","guid":{"rendered":"https:\/\/unbrinderien.fr\/?post_type=product&#038;p=5170"},"modified":"2021-02-17T00:09:33","modified_gmt":"2021-02-16T23:09:33","slug":"boxer-homme-lenny-loyd-en-polyester-2","status":"publish","type":"product","link":"https:\/\/unbrinderien.fr\/?product=boxer-homme-lenny-loyd-en-polyester-2","title":{"rendered":"Boxer homme \u00ab\u00a0Lenny &#038; Loyd\u00a0\u00bb en polyester"},"content":{"rendered":"","protected":false},"excerpt":{"rendered":"<p>Tr\u00e8s beau boxer pour homme Lenny&amp;Loyd model journal avec gros \u00e9lastique, tr\u00e8s bon maintien.<br \/>\nComposition: 85% polyester 15% \u00e9lasthanne.<br \/>\nConseils d&rsquo;entretien: lavage en machine \u00e0 30 degr\u00e9s.<\/p>\n","protected":false},"featured_media":5173,"comment_status":"open","ping_status":"closed","template":"","meta":{"_mo_disable_npp":"","om_disable_all_campaigns":false,"_monsterinsights_skip_tracking":false,"_monsterinsights_sitenote_active":false,"_monsterinsights_sitenote_note":"","_monsterinsights_sitenote_category":0,"_uf_show_specific_survey":0,"_uf_disable_surveys":false},"product_brand":[],"product_cat":[120,123],"product_tag":[135,134],"class_list":{"0":"post-5170","1":"product","2":"type-product","3":"status-publish","4":"has-post-thumbnail","6":"product_cat-homme","7":"product_cat-lingerie","8":"product_tag-homme","9":"product_tag-lingerie","11":"first","12":"instock","13":"purchasable","14":"product-type-variable"},"aioseo_notices":[],"jetpack_sharing_enabled":true,"_links":{"self":[{"href":"https:\/\/unbrinderien.fr\/index.php?rest_route=\/wp\/v2\/product\/5170","targetHints":{"allow":["GET"]}}],"collection":[{"href":"https:\/\/unbrinderien.fr\/index.php?rest_route=\/wp\/v2\/product"}],"about":[{"href":"https:\/\/unbrinderien.fr\/index.php?rest_route=\/wp\/v2\/types\/product"}],"replies":[{"embeddable":true,"href":"https:\/\/unbrinderien.fr\/index.php?rest_route=%2Fwp%2Fv2%2Fcomments&post=5170"}],"version-history":[{"count":0,"href":"https:\/\/unbrinderien.fr\/index.php?rest_route=\/wp\/v2\/product\/5170\/revisions"}],"wp:featuredmedia":[{"embeddable":true,"href":"https:\/\/unbrinderien.fr\/index.php?rest_route=\/wp\/v2\/media\/5173"}],"wp:attachment":[{"href":"https:\/\/unbrinderien.fr\/index.php?rest_route=%2Fwp%2Fv2%2Fmedia&parent=5170"}],"wp:term":[{"taxonomy":"product_brand","embeddable":true,"href":"https:\/\/unbrinderien.fr\/index.php?rest_route=%2Fwp%2Fv2%2Fproduct_brand&post=5170"},{"taxonomy":"product_cat","embeddable":true,"href":"https:\/\/unbrinderien.fr\/index.php?rest_route=%2Fwp%2Fv2%2Fproduct_cat&post=5170"},{"taxonomy":"product_tag","embeddable":true,"href":"https:\/\/unbrinderien.fr\/index.php?rest_route=%2Fwp%2Fv2%2Fproduct_tag&post=5170"}],"curies":[{"name":"wp","href":"https:\/\/api.w.org\/{rel}","templated":true}]}}