{"id":5102,"date":"2020-07-08T11:28:01","date_gmt":"2020-07-08T09:28:01","guid":{"rendered":"https:\/\/unbrinderien.fr\/?post_type=product&#038;p=5102"},"modified":"2020-11-24T10:11:37","modified_gmt":"2020-11-24T09:11:37","slug":"boxer-homme-dolce-gabbana","status":"publish","type":"product","link":"https:\/\/unbrinderien.fr\/?product=boxer-homme-dolce-gabbana","title":{"rendered":"Boxer homme \u00ab\u00a0Dolce &#038; Gabbana\u00a0\u00bb"},"content":{"rendered":"","protected":false},"excerpt":{"rendered":"<p>Tr\u00e8s beau boxer pour homme Dolce&amp;Gabbana blanc avec \u00e9lastique orange, tr\u00e8s bon maintien.<br \/>\nComposition: 95% coton 5% \u00e9lasthanne.<br \/>\nConseils d&rsquo;entretien: lavage en machine \u00e0 30 degr\u00e9s.<\/p>\n","protected":false},"featured_media":5106,"comment_status":"open","ping_status":"closed","template":"","meta":{"_mo_disable_npp":"","om_disable_all_campaigns":false,"_monsterinsights_skip_tracking":false,"_monsterinsights_sitenote_active":false,"_monsterinsights_sitenote_note":"","_monsterinsights_sitenote_category":0,"_uf_show_specific_survey":0,"_uf_disable_surveys":false},"product_brand":[],"product_cat":[120,123],"product_tag":[135,134],"class_list":{"0":"post-5102","1":"product","2":"type-product","3":"status-publish","4":"has-post-thumbnail","6":"product_cat-homme","7":"product_cat-lingerie","8":"product_tag-homme","9":"product_tag-lingerie","11":"first","12":"instock","13":"purchasable","14":"product-type-variable"},"aioseo_notices":[],"yoast_head":"<!-- This site is optimized with the Yoast SEO plugin v27.2 - https:\/\/yoast.com\/product\/yoast-seo-wordpress\/ -->\n<title>Boxer homme &quot;Dolce &amp; Gabbana&quot; - UNBRINDERIEN<\/title>\n<meta name=\"description\" content=\"tr\u00e8s beau boxer pour homme dolce &amp; gabbana blanc avec \u00e9lastique orange 95% coton et 5% \u00e9lasthane bon confort et maintien lavage \u00e0 30 degr\u00e9s\" \/>\n<meta name=\"robots\" content=\"index, follow, max-snippet:-1, max-image-preview:large, max-video-preview:-1\" \/>\n<link rel=\"canonical\" href=\"https:\/\/unbrinderien.fr\/?product=boxer-homme-dolce-gabbana\" \/>\n<meta property=\"og:locale\" content=\"fr_FR\" \/>\n<meta property=\"og:type\" content=\"article\" \/>\n<meta property=\"og:title\" content=\"Boxer homme &quot;Dolce &amp; Gabbana&quot; - UNBRINDERIEN\" \/>\n<meta property=\"og:description\" content=\"tr\u00e8s beau boxer pour homme dolce &amp; gabbana blanc avec \u00e9lastique orange 95% coton et 5% \u00e9lasthane bon confort et maintien lavage \u00e0 30 degr\u00e9s\" \/>\n<meta property=\"og:url\" content=\"https:\/\/unbrinderien.fr\/?product=boxer-homme-dolce-gabbana\" \/>\n<meta property=\"og:site_name\" content=\"UNBRINDERIEN\" \/>\n<meta property=\"article:publisher\" content=\"https:\/\/www.facebook.com\/unbrinderien.celinenoisette\/\" \/>\n<meta property=\"article:modified_time\" content=\"2020-11-24T09:11:37+00:00\" \/>\n<meta property=\"og:image\" content=\"https:\/\/i2.wp.com\/unbrinderien.fr\/wp-content\/uploads\/2020\/07\/Ref.M31232-Boxer-DOLCEGABANNA.jpg?fit=512%2C384&ssl=1\" \/>\n\t<meta property=\"og:image:width\" content=\"512\" \/>\n\t<meta property=\"og:image:height\" content=\"384\" \/>\n\t<meta property=\"og:image:type\" content=\"image\/jpeg\" \/>\n<meta name=\"twitter:card\" content=\"summary_large_image\" \/>\n<meta name=\"twitter:site\" content=\"@Unbrinderien01\" \/>\n<script type=\"application\/ld+json\" class=\"yoast-schema-graph\">{\"@context\":\"https:\/\/schema.org\",\"@graph\":[{\"@type\":\"WebPage\",\"@id\":\"https:\/\/unbrinderien.fr\/?product=boxer-homme-dolce-gabbana\",\"url\":\"https:\/\/unbrinderien.fr\/?product=boxer-homme-dolce-gabbana\",\"name\":\"Boxer homme \\\"Dolce & Gabbana\\\" - UNBRINDERIEN\",\"isPartOf\":{\"@id\":\"https:\/\/unbrinderien.fr\/#website\"},\"primaryImageOfPage\":{\"@id\":\"https:\/\/unbrinderien.fr\/?product=boxer-homme-dolce-gabbana#primaryimage\"},\"image\":{\"@id\":\"https:\/\/unbrinderien.fr\/?product=boxer-homme-dolce-gabbana#primaryimage\"},\"thumbnailUrl\":\"https:\/\/unbrinderien.fr\/wp-content\/uploads\/2020\/07\/Ref.M31232-Boxer-DOLCEGABANNA.jpg\",\"datePublished\":\"2020-07-08T09:28:01+00:00\",\"dateModified\":\"2020-11-24T09:11:37+00:00\",\"description\":\"tr\u00e8s beau boxer pour homme dolce & gabbana blanc avec \u00e9lastique orange 95% coton et 5% \u00e9lasthane bon confort et maintien lavage \u00e0 30 degr\u00e9s\",\"breadcrumb\":{\"@id\":\"https:\/\/unbrinderien.fr\/?product=boxer-homme-dolce-gabbana#breadcrumb\"},\"inLanguage\":\"fr-FR\",\"potentialAction\":[{\"@type\":\"ReadAction\",\"target\":[\"https:\/\/unbrinderien.fr\/?product=boxer-homme-dolce-gabbana\"]}]},{\"@type\":\"ImageObject\",\"inLanguage\":\"fr-FR\",\"@id\":\"https:\/\/unbrinderien.fr\/?product=boxer-homme-dolce-gabbana#primaryimage\",\"url\":\"https:\/\/unbrinderien.fr\/wp-content\/uploads\/2020\/07\/Ref.M31232-Boxer-DOLCEGABANNA.jpg\",\"contentUrl\":\"https:\/\/unbrinderien.fr\/wp-content\/uploads\/2020\/07\/Ref.M31232-Boxer-DOLCEGABANNA.jpg\",\"width\":512,\"height\":384},{\"@type\":\"BreadcrumbList\",\"@id\":\"https:\/\/unbrinderien.fr\/?product=boxer-homme-dolce-gabbana#breadcrumb\",\"itemListElement\":[{\"@type\":\"ListItem\",\"position\":1,\"name\":\"Accueil\",\"item\":\"https:\/\/unbrinderien.fr\/\"},{\"@type\":\"ListItem\",\"position\":2,\"name\":\"Boutique\",\"item\":\"https:\/\/unbrinderien.fr\/?page_id=3298\"},{\"@type\":\"ListItem\",\"position\":3,\"name\":\"Boxer homme &#8220;Dolce &#038; Gabbana&#8221;\"}]},{\"@type\":\"WebSite\",\"@id\":\"https:\/\/unbrinderien.fr\/#website\",\"url\":\"https:\/\/unbrinderien.fr\/\",\"name\":\"UNBRINDERIEN\",\"description\":\"Le site qui vous va bien ...\",\"publisher\":{\"@id\":\"https:\/\/unbrinderien.fr\/#organization\"},\"potentialAction\":[{\"@type\":\"SearchAction\",\"target\":{\"@type\":\"EntryPoint\",\"urlTemplate\":\"https:\/\/unbrinderien.fr\/?s={search_term_string}\"},\"query-input\":{\"@type\":\"PropertyValueSpecification\",\"valueRequired\":true,\"valueName\":\"search_term_string\"}}],\"inLanguage\":\"fr-FR\"},{\"@type\":\"Organization\",\"@id\":\"https:\/\/unbrinderien.fr\/#organization\",\"name\":\"Unbrinderien\",\"url\":\"https:\/\/unbrinderien.fr\/\",\"logo\":{\"@type\":\"ImageObject\",\"inLanguage\":\"fr-FR\",\"@id\":\"https:\/\/unbrinderien.fr\/#\/schema\/logo\/image\/\",\"url\":\"https:\/\/i2.wp.com\/unbrinderien.fr\/wp-content\/uploads\/2020\/05\/Logo-2020Taille-originale-Since-2012-v2-valide.png?fit=456%2C457&ssl=1\",\"contentUrl\":\"https:\/\/i2.wp.com\/unbrinderien.fr\/wp-content\/uploads\/2020\/05\/Logo-2020Taille-originale-Since-2012-v2-valide.png?fit=456%2C457&ssl=1\",\"width\":456,\"height\":457,\"caption\":\"Unbrinderien\"},\"image\":{\"@id\":\"https:\/\/unbrinderien.fr\/#\/schema\/logo\/image\/\"},\"sameAs\":[\"https:\/\/www.facebook.com\/unbrinderien.celinenoisette\/\",\"https:\/\/x.com\/Unbrinderien01\",\"https:\/\/instagram.com\/unbrinderien?igshid=Itlgnkslaq489\"]}]}<\/script>\n<!-- \/ Yoast SEO plugin. -->","yoast_head_json":{"title":"Boxer homme \"Dolce & Gabbana\" - UNBRINDERIEN","description":"tr\u00e8s beau boxer pour homme dolce & gabbana blanc avec \u00e9lastique orange 95% coton et 5% \u00e9lasthane bon confort et maintien lavage \u00e0 30 degr\u00e9s","robots":{"index":"index","follow":"follow","max-snippet":"max-snippet:-1","max-image-preview":"max-image-preview:large","max-video-preview":"max-video-preview:-1"},"canonical":"https:\/\/unbrinderien.fr\/?product=boxer-homme-dolce-gabbana","og_locale":"fr_FR","og_type":"article","og_title":"Boxer homme \"Dolce & Gabbana\" - UNBRINDERIEN","og_description":"tr\u00e8s beau boxer pour homme dolce & gabbana blanc avec \u00e9lastique orange 95% coton et 5% \u00e9lasthane bon confort et maintien lavage \u00e0 30 degr\u00e9s","og_url":"https:\/\/unbrinderien.fr\/?product=boxer-homme-dolce-gabbana","og_site_name":"UNBRINDERIEN","article_publisher":"https:\/\/www.facebook.com\/unbrinderien.celinenoisette\/","article_modified_time":"2020-11-24T09:11:37+00:00","og_image":[{"width":512,"height":384,"url":"https:\/\/i2.wp.com\/unbrinderien.fr\/wp-content\/uploads\/2020\/07\/Ref.M31232-Boxer-DOLCEGABANNA.jpg?fit=512%2C384&ssl=1","type":"image\/jpeg"}],"twitter_card":"summary_large_image","twitter_site":"@Unbrinderien01","schema":{"@context":"https:\/\/schema.org","@graph":[{"@type":"WebPage","@id":"https:\/\/unbrinderien.fr\/?product=boxer-homme-dolce-gabbana","url":"https:\/\/unbrinderien.fr\/?product=boxer-homme-dolce-gabbana","name":"Boxer homme \"Dolce & Gabbana\" - UNBRINDERIEN","isPartOf":{"@id":"https:\/\/unbrinderien.fr\/#website"},"primaryImageOfPage":{"@id":"https:\/\/unbrinderien.fr\/?product=boxer-homme-dolce-gabbana#primaryimage"},"image":{"@id":"https:\/\/unbrinderien.fr\/?product=boxer-homme-dolce-gabbana#primaryimage"},"thumbnailUrl":"https:\/\/unbrinderien.fr\/wp-content\/uploads\/2020\/07\/Ref.M31232-Boxer-DOLCEGABANNA.jpg","datePublished":"2020-07-08T09:28:01+00:00","dateModified":"2020-11-24T09:11:37+00:00","description":"tr\u00e8s beau boxer pour homme dolce & gabbana blanc avec \u00e9lastique orange 95% coton et 5% \u00e9lasthane bon confort et maintien lavage \u00e0 30 degr\u00e9s","breadcrumb":{"@id":"https:\/\/unbrinderien.fr\/?product=boxer-homme-dolce-gabbana#breadcrumb"},"inLanguage":"fr-FR","potentialAction":[{"@type":"ReadAction","target":["https:\/\/unbrinderien.fr\/?product=boxer-homme-dolce-gabbana"]}]},{"@type":"ImageObject","inLanguage":"fr-FR","@id":"https:\/\/unbrinderien.fr\/?product=boxer-homme-dolce-gabbana#primaryimage","url":"https:\/\/unbrinderien.fr\/wp-content\/uploads\/2020\/07\/Ref.M31232-Boxer-DOLCEGABANNA.jpg","contentUrl":"https:\/\/unbrinderien.fr\/wp-content\/uploads\/2020\/07\/Ref.M31232-Boxer-DOLCEGABANNA.jpg","width":512,"height":384},{"@type":"BreadcrumbList","@id":"https:\/\/unbrinderien.fr\/?product=boxer-homme-dolce-gabbana#breadcrumb","itemListElement":[{"@type":"ListItem","position":1,"name":"Accueil","item":"https:\/\/unbrinderien.fr\/"},{"@type":"ListItem","position":2,"name":"Boutique","item":"https:\/\/unbrinderien.fr\/?page_id=3298"},{"@type":"ListItem","position":3,"name":"Boxer homme &#8220;Dolce &#038; Gabbana&#8221;"}]},{"@type":"WebSite","@id":"https:\/\/unbrinderien.fr\/#website","url":"https:\/\/unbrinderien.fr\/","name":"UNBRINDERIEN","description":"Le site qui vous va bien ...","publisher":{"@id":"https:\/\/unbrinderien.fr\/#organization"},"potentialAction":[{"@type":"SearchAction","target":{"@type":"EntryPoint","urlTemplate":"https:\/\/unbrinderien.fr\/?s={search_term_string}"},"query-input":{"@type":"PropertyValueSpecification","valueRequired":true,"valueName":"search_term_string"}}],"inLanguage":"fr-FR"},{"@type":"Organization","@id":"https:\/\/unbrinderien.fr\/#organization","name":"Unbrinderien","url":"https:\/\/unbrinderien.fr\/","logo":{"@type":"ImageObject","inLanguage":"fr-FR","@id":"https:\/\/unbrinderien.fr\/#\/schema\/logo\/image\/","url":"https:\/\/i2.wp.com\/unbrinderien.fr\/wp-content\/uploads\/2020\/05\/Logo-2020Taille-originale-Since-2012-v2-valide.png?fit=456%2C457&ssl=1","contentUrl":"https:\/\/i2.wp.com\/unbrinderien.fr\/wp-content\/uploads\/2020\/05\/Logo-2020Taille-originale-Since-2012-v2-valide.png?fit=456%2C457&ssl=1","width":456,"height":457,"caption":"Unbrinderien"},"image":{"@id":"https:\/\/unbrinderien.fr\/#\/schema\/logo\/image\/"},"sameAs":["https:\/\/www.facebook.com\/unbrinderien.celinenoisette\/","https:\/\/x.com\/Unbrinderien01","https:\/\/instagram.com\/unbrinderien?igshid=Itlgnkslaq489"]}]}},"jetpack_sharing_enabled":true,"_links":{"self":[{"href":"https:\/\/unbrinderien.fr\/index.php?rest_route=\/wp\/v2\/product\/5102","targetHints":{"allow":["GET"]}}],"collection":[{"href":"https:\/\/unbrinderien.fr\/index.php?rest_route=\/wp\/v2\/product"}],"about":[{"href":"https:\/\/unbrinderien.fr\/index.php?rest_route=\/wp\/v2\/types\/product"}],"replies":[{"embeddable":true,"href":"https:\/\/unbrinderien.fr\/index.php?rest_route=%2Fwp%2Fv2%2Fcomments&post=5102"}],"version-history":[{"count":0,"href":"https:\/\/unbrinderien.fr\/index.php?rest_route=\/wp\/v2\/product\/5102\/revisions"}],"wp:featuredmedia":[{"embeddable":true,"href":"https:\/\/unbrinderien.fr\/index.php?rest_route=\/wp\/v2\/media\/5106"}],"wp:attachment":[{"href":"https:\/\/unbrinderien.fr\/index.php?rest_route=%2Fwp%2Fv2%2Fmedia&parent=5102"}],"wp:term":[{"taxonomy":"product_brand","embeddable":true,"href":"https:\/\/unbrinderien.fr\/index.php?rest_route=%2Fwp%2Fv2%2Fproduct_brand&post=5102"},{"taxonomy":"product_cat","embeddable":true,"href":"https:\/\/unbrinderien.fr\/index.php?rest_route=%2Fwp%2Fv2%2Fproduct_cat&post=5102"},{"taxonomy":"product_tag","embeddable":true,"href":"https:\/\/unbrinderien.fr\/index.php?rest_route=%2Fwp%2Fv2%2Fproduct_tag&post=5102"}],"curies":[{"name":"wp","href":"https:\/\/api.w.org\/{rel}","templated":true}]}}