{"id":5014,"date":"2020-07-07T11:44:49","date_gmt":"2020-07-07T09:44:49","guid":{"rendered":"https:\/\/unbrinderien.fr\/?post_type=product&#038;p=5014"},"modified":"2020-11-24T10:11:40","modified_gmt":"2020-11-24T09:11:40","slug":"petite-boite-a-dents-de-lait-pour-la-petite-souris","status":"publish","type":"product","link":"https:\/\/unbrinderien.fr\/?product=petite-boite-a-dents-de-lait-pour-la-petite-souris","title":{"rendered":"Petite boite \u00e0 dents de lait pour la petite souris"},"content":{"rendered":"","protected":false},"excerpt":{"rendered":"<p>Petite boite \u00e0 dents de lait, la pr\u00e9f\u00e9r\u00e9e de la petite souris, un vrai plaisir ludique, marrant et nostalgique.<br \/>\nUne excellente id\u00e9e de cadeau.<br \/>\nNe pas laisser entre les mains d&rsquo;un enfant en dessous de 3 ans.<\/p>\n","protected":false},"featured_media":5018,"comment_status":"open","ping_status":"closed","template":"","meta":{"_mo_disable_npp":"","om_disable_all_campaigns":false,"_monsterinsights_skip_tracking":false,"_monsterinsights_sitenote_active":false,"_monsterinsights_sitenote_note":"","_monsterinsights_sitenote_category":0,"_uf_show_specific_survey":0,"_uf_disable_surveys":false},"product_brand":[],"product_cat":[122,127],"product_tag":[161,162,130],"class_list":{"0":"post-5014","1":"product","2":"type-product","3":"status-publish","4":"has-post-thumbnail","6":"product_cat-enfant","7":"product_cat-jouet-en-bois","8":"product_tag-enfant","9":"product_tag-jouet","10":"product_tag-jouet-bois","12":"first","13":"instock","14":"purchasable","15":"product-type-variable"},"aioseo_notices":[],"jetpack_sharing_enabled":true,"_links":{"self":[{"href":"https:\/\/unbrinderien.fr\/index.php?rest_route=\/wp\/v2\/product\/5014","targetHints":{"allow":["GET"]}}],"collection":[{"href":"https:\/\/unbrinderien.fr\/index.php?rest_route=\/wp\/v2\/product"}],"about":[{"href":"https:\/\/unbrinderien.fr\/index.php?rest_route=\/wp\/v2\/types\/product"}],"replies":[{"embeddable":true,"href":"https:\/\/unbrinderien.fr\/index.php?rest_route=%2Fwp%2Fv2%2Fcomments&post=5014"}],"version-history":[{"count":0,"href":"https:\/\/unbrinderien.fr\/index.php?rest_route=\/wp\/v2\/product\/5014\/revisions"}],"wp:featuredmedia":[{"embeddable":true,"href":"https:\/\/unbrinderien.fr\/index.php?rest_route=\/wp\/v2\/media\/5018"}],"wp:attachment":[{"href":"https:\/\/unbrinderien.fr\/index.php?rest_route=%2Fwp%2Fv2%2Fmedia&parent=5014"}],"wp:term":[{"taxonomy":"product_brand","embeddable":true,"href":"https:\/\/unbrinderien.fr\/index.php?rest_route=%2Fwp%2Fv2%2Fproduct_brand&post=5014"},{"taxonomy":"product_cat","embeddable":true,"href":"https:\/\/unbrinderien.fr\/index.php?rest_route=%2Fwp%2Fv2%2Fproduct_cat&post=5014"},{"taxonomy":"product_tag","embeddable":true,"href":"https:\/\/unbrinderien.fr\/index.php?rest_route=%2Fwp%2Fv2%2Fproduct_tag&post=5014"}],"curies":[{"name":"wp","href":"https:\/\/api.w.org\/{rel}","templated":true}]}}