{"id":4999,"date":"2020-07-06T20:11:09","date_gmt":"2020-07-06T18:11:09","guid":{"rendered":"https:\/\/unbrinderien.fr\/?post_type=product&#038;p=4999"},"modified":"2020-11-24T10:11:41","modified_gmt":"2020-11-24T09:11:41","slug":"boucles-doreille-puce-couleur-emeraude-argent-925","status":"publish","type":"product","link":"https:\/\/unbrinderien.fr\/?product=boucles-doreille-puce-couleur-emeraude-argent-925","title":{"rendered":"Boucles d&rsquo;oreille puce couleur \u00e9meraude argent 925"},"content":{"rendered":"","protected":false},"excerpt":{"rendered":"<p>Tr\u00e8s jolie paire de boucles d&rsquo;oreille puce de 3 mm couleur \u00e9meraude en argent 925 dor\u00e9, \u00e0 porter en toute simplicit\u00e9.<\/p>\n<p>&nbsp;<\/p>\n<p>&nbsp;<\/p>\n<p>&nbsp;<\/p>\n<p>&nbsp;<\/p>\n<p>&nbsp;<\/p>\n<p>&nbsp;<\/p>\n<p>&nbsp;<\/p>\n<p>&nbsp;<\/p>\n<p>&nbsp;<\/p>\n<p>&nbsp;<\/p>\n<p>&nbsp;<\/p>\n<p>&nbsp;<\/p>\n<p>&nbsp;<\/p>\n<p>&nbsp;<\/p>\n<p>&nbsp;<\/p>\n<p>&nbsp;<\/p>\n<p>&nbsp;<\/p>\n<div class=\"\" data-block=\"true\" data-editor=\"dcjl\" data-offset-key=\"51nl-0-0\">\n<div class=\"_1mf _1mj\" data-offset-key=\"51nl-0-0\">\n<p>&nbsp;<\/p>\n<\/div>\n<\/div>\n<div class=\"\" data-block=\"true\" data-editor=\"dcjl\" data-offset-key=\"1rjem-0-0\">\n<div class=\"_1mf _1mj\" data-offset-key=\"1rjem-0-0\"><span data-offset-key=\"1rjem-0-0\">\u00a0<\/span><\/div>\n<\/div>\n<div class=\"\" data-block=\"true\" data-editor=\"dcjl\" data-offset-key=\"774eq-0-0\"><\/div>\n<div class=\"\" data-block=\"true\" data-editor=\"dcjl\" data-offset-key=\"8drpg-0-0\">\n<div class=\"_1mf _1mj\" data-offset-key=\"8drpg-0-0\"><\/div>\n<\/div>\n<p>&nbsp;<\/p>\n","protected":false},"featured_media":5004,"comment_status":"open","ping_status":"closed","template":"","meta":{"_mo_disable_npp":"","om_disable_all_campaigns":false,"_monsterinsights_skip_tracking":false,"_monsterinsights_sitenote_active":false,"_monsterinsights_sitenote_note":"","_monsterinsights_sitenote_category":0,"_uf_show_specific_survey":0,"_uf_disable_surveys":false},"product_brand":[],"product_cat":[174,357,121],"product_tag":[319,312,393],"class_list":{"0":"post-4999","1":"product","2":"type-product","3":"status-publish","4":"has-post-thumbnail","6":"product_cat-boucles-doreille","7":"product_cat-boucles-doreille-argent-925","8":"product_cat-femme","9":"product_tag-bijoux-femme","10":"product_tag-boucles-doreille","11":"product_tag-puce-doreille","13":"first","14":"instock","15":"purchasable","16":"product-type-simple"},"aioseo_notices":[],"yoast_head":"<!-- This site is optimized with the Yoast SEO plugin v27.3 - https:\/\/yoast.com\/product\/yoast-seo-wordpress\/ -->\n<title>Boucles d&#039;oreille puce couleur \u00e9meraude argent 925 - UNBRINDERIEN<\/title>\n<meta name=\"description\" content=\"Tr\u00e8s jolie paire de boucles d&#039;oreille 3 mm puce couleur \u00e9meraude en argent 925 dor\u00e9 tr\u00e8s rafin\u00e9e tr\u00e8s brillante joli effe\" \/>\n<meta name=\"robots\" content=\"index, follow, max-snippet:-1, max-image-preview:large, max-video-preview:-1\" \/>\n<link rel=\"canonical\" href=\"https:\/\/unbrinderien.fr\/?product=boucles-doreille-puce-couleur-emeraude-argent-925\" \/>\n<meta property=\"og:locale\" content=\"fr_FR\" \/>\n<meta property=\"og:type\" content=\"article\" \/>\n<meta property=\"og:title\" content=\"Boucles d&#039;oreille puce couleur \u00e9meraude argent 925 - UNBRINDERIEN\" \/>\n<meta property=\"og:description\" content=\"Tr\u00e8s jolie paire de boucles d&#039;oreille 3 mm puce couleur \u00e9meraude en argent 925 dor\u00e9 tr\u00e8s rafin\u00e9e tr\u00e8s brillante joli effe\" \/>\n<meta property=\"og:url\" content=\"https:\/\/unbrinderien.fr\/?product=boucles-doreille-puce-couleur-emeraude-argent-925\" \/>\n<meta property=\"og:site_name\" content=\"UNBRINDERIEN\" \/>\n<meta property=\"article:publisher\" content=\"https:\/\/www.facebook.com\/unbrinderien.celinenoisette\/\" \/>\n<meta property=\"article:modified_time\" content=\"2020-11-24T09:11:41+00:00\" \/>\n<meta property=\"og:image\" content=\"https:\/\/i1.wp.com\/unbrinderien.fr\/wp-content\/uploads\/2020\/07\/Ref.HUP-Puce-doreille-\u00e9meraude-argent-925.jpg?fit=512%2C737&ssl=1\" \/>\n\t<meta property=\"og:image:width\" content=\"512\" \/>\n\t<meta property=\"og:image:height\" content=\"737\" \/>\n\t<meta property=\"og:image:type\" content=\"image\/jpeg\" \/>\n<meta name=\"twitter:card\" content=\"summary_large_image\" \/>\n<meta name=\"twitter:site\" content=\"@Unbrinderien01\" \/>\n<script type=\"application\/ld+json\" class=\"yoast-schema-graph\">{\"@context\":\"https:\\\/\\\/schema.org\",\"@graph\":[{\"@type\":\"WebPage\",\"@id\":\"https:\\\/\\\/unbrinderien.fr\\\/?product=boucles-doreille-puce-couleur-emeraude-argent-925\",\"url\":\"https:\\\/\\\/unbrinderien.fr\\\/?product=boucles-doreille-puce-couleur-emeraude-argent-925\",\"name\":\"Boucles d'oreille puce couleur \u00e9meraude argent 925 - UNBRINDERIEN\",\"isPartOf\":{\"@id\":\"https:\\\/\\\/unbrinderien.fr\\\/#website\"},\"primaryImageOfPage\":{\"@id\":\"https:\\\/\\\/unbrinderien.fr\\\/?product=boucles-doreille-puce-couleur-emeraude-argent-925#primaryimage\"},\"image\":{\"@id\":\"https:\\\/\\\/unbrinderien.fr\\\/?product=boucles-doreille-puce-couleur-emeraude-argent-925#primaryimage\"},\"thumbnailUrl\":\"https:\\\/\\\/unbrinderien.fr\\\/wp-content\\\/uploads\\\/2020\\\/07\\\/Ref.HUP-Puce-doreille-\u00e9meraude-argent-925.jpg\",\"datePublished\":\"2020-07-06T18:11:09+00:00\",\"dateModified\":\"2020-11-24T09:11:41+00:00\",\"description\":\"Tr\u00e8s jolie paire de boucles d'oreille 3 mm puce couleur \u00e9meraude en argent 925 dor\u00e9 tr\u00e8s rafin\u00e9e tr\u00e8s brillante joli effe\",\"breadcrumb\":{\"@id\":\"https:\\\/\\\/unbrinderien.fr\\\/?product=boucles-doreille-puce-couleur-emeraude-argent-925#breadcrumb\"},\"inLanguage\":\"fr-FR\",\"potentialAction\":[{\"@type\":\"ReadAction\",\"target\":[\"https:\\\/\\\/unbrinderien.fr\\\/?product=boucles-doreille-puce-couleur-emeraude-argent-925\"]}]},{\"@type\":\"ImageObject\",\"inLanguage\":\"fr-FR\",\"@id\":\"https:\\\/\\\/unbrinderien.fr\\\/?product=boucles-doreille-puce-couleur-emeraude-argent-925#primaryimage\",\"url\":\"https:\\\/\\\/unbrinderien.fr\\\/wp-content\\\/uploads\\\/2020\\\/07\\\/Ref.HUP-Puce-doreille-\u00e9meraude-argent-925.jpg\",\"contentUrl\":\"https:\\\/\\\/unbrinderien.fr\\\/wp-content\\\/uploads\\\/2020\\\/07\\\/Ref.HUP-Puce-doreille-\u00e9meraude-argent-925.jpg\",\"width\":512,\"height\":737},{\"@type\":\"BreadcrumbList\",\"@id\":\"https:\\\/\\\/unbrinderien.fr\\\/?product=boucles-doreille-puce-couleur-emeraude-argent-925#breadcrumb\",\"itemListElement\":[{\"@type\":\"ListItem\",\"position\":1,\"name\":\"Accueil\",\"item\":\"https:\\\/\\\/unbrinderien.fr\\\/\"},{\"@type\":\"ListItem\",\"position\":2,\"name\":\"Boutique\",\"item\":\"https:\\\/\\\/unbrinderien.fr\\\/?page_id=3298\"},{\"@type\":\"ListItem\",\"position\":3,\"name\":\"Boucles d&#8217;oreille puce couleur \u00e9meraude argent 925\"}]},{\"@type\":\"WebSite\",\"@id\":\"https:\\\/\\\/unbrinderien.fr\\\/#website\",\"url\":\"https:\\\/\\\/unbrinderien.fr\\\/\",\"name\":\"UNBRINDERIEN\",\"description\":\"Le site qui vous va bien ...\",\"publisher\":{\"@id\":\"https:\\\/\\\/unbrinderien.fr\\\/#organization\"},\"potentialAction\":[{\"@type\":\"SearchAction\",\"target\":{\"@type\":\"EntryPoint\",\"urlTemplate\":\"https:\\\/\\\/unbrinderien.fr\\\/?s={search_term_string}\"},\"query-input\":{\"@type\":\"PropertyValueSpecification\",\"valueRequired\":true,\"valueName\":\"search_term_string\"}}],\"inLanguage\":\"fr-FR\"},{\"@type\":\"Organization\",\"@id\":\"https:\\\/\\\/unbrinderien.fr\\\/#organization\",\"name\":\"Unbrinderien\",\"url\":\"https:\\\/\\\/unbrinderien.fr\\\/\",\"logo\":{\"@type\":\"ImageObject\",\"inLanguage\":\"fr-FR\",\"@id\":\"https:\\\/\\\/unbrinderien.fr\\\/#\\\/schema\\\/logo\\\/image\\\/\",\"url\":\"https:\\\/\\\/i2.wp.com\\\/unbrinderien.fr\\\/wp-content\\\/uploads\\\/2020\\\/05\\\/Logo-2020Taille-originale-Since-2012-v2-valide.png?fit=456%2C457&ssl=1\",\"contentUrl\":\"https:\\\/\\\/i2.wp.com\\\/unbrinderien.fr\\\/wp-content\\\/uploads\\\/2020\\\/05\\\/Logo-2020Taille-originale-Since-2012-v2-valide.png?fit=456%2C457&ssl=1\",\"width\":456,\"height\":457,\"caption\":\"Unbrinderien\"},\"image\":{\"@id\":\"https:\\\/\\\/unbrinderien.fr\\\/#\\\/schema\\\/logo\\\/image\\\/\"},\"sameAs\":[\"https:\\\/\\\/www.facebook.com\\\/unbrinderien.celinenoisette\\\/\",\"https:\\\/\\\/x.com\\\/Unbrinderien01\",\"https:\\\/\\\/instagram.com\\\/unbrinderien?igshid=Itlgnkslaq489\"]}]}<\/script>\n<!-- \/ Yoast SEO plugin. -->","yoast_head_json":{"title":"Boucles d'oreille puce couleur \u00e9meraude argent 925 - UNBRINDERIEN","description":"Tr\u00e8s jolie paire de boucles d'oreille 3 mm puce couleur \u00e9meraude en argent 925 dor\u00e9 tr\u00e8s rafin\u00e9e tr\u00e8s brillante joli effe","robots":{"index":"index","follow":"follow","max-snippet":"max-snippet:-1","max-image-preview":"max-image-preview:large","max-video-preview":"max-video-preview:-1"},"canonical":"https:\/\/unbrinderien.fr\/?product=boucles-doreille-puce-couleur-emeraude-argent-925","og_locale":"fr_FR","og_type":"article","og_title":"Boucles d'oreille puce couleur \u00e9meraude argent 925 - UNBRINDERIEN","og_description":"Tr\u00e8s jolie paire de boucles d'oreille 3 mm puce couleur \u00e9meraude en argent 925 dor\u00e9 tr\u00e8s rafin\u00e9e tr\u00e8s brillante joli effe","og_url":"https:\/\/unbrinderien.fr\/?product=boucles-doreille-puce-couleur-emeraude-argent-925","og_site_name":"UNBRINDERIEN","article_publisher":"https:\/\/www.facebook.com\/unbrinderien.celinenoisette\/","article_modified_time":"2020-11-24T09:11:41+00:00","og_image":[{"width":512,"height":737,"url":"https:\/\/i1.wp.com\/unbrinderien.fr\/wp-content\/uploads\/2020\/07\/Ref.HUP-Puce-doreille-\u00e9meraude-argent-925.jpg?fit=512%2C737&ssl=1","type":"image\/jpeg"}],"twitter_card":"summary_large_image","twitter_site":"@Unbrinderien01","schema":{"@context":"https:\/\/schema.org","@graph":[{"@type":"WebPage","@id":"https:\/\/unbrinderien.fr\/?product=boucles-doreille-puce-couleur-emeraude-argent-925","url":"https:\/\/unbrinderien.fr\/?product=boucles-doreille-puce-couleur-emeraude-argent-925","name":"Boucles d'oreille puce couleur \u00e9meraude argent 925 - UNBRINDERIEN","isPartOf":{"@id":"https:\/\/unbrinderien.fr\/#website"},"primaryImageOfPage":{"@id":"https:\/\/unbrinderien.fr\/?product=boucles-doreille-puce-couleur-emeraude-argent-925#primaryimage"},"image":{"@id":"https:\/\/unbrinderien.fr\/?product=boucles-doreille-puce-couleur-emeraude-argent-925#primaryimage"},"thumbnailUrl":"https:\/\/unbrinderien.fr\/wp-content\/uploads\/2020\/07\/Ref.HUP-Puce-doreille-\u00e9meraude-argent-925.jpg","datePublished":"2020-07-06T18:11:09+00:00","dateModified":"2020-11-24T09:11:41+00:00","description":"Tr\u00e8s jolie paire de boucles d'oreille 3 mm puce couleur \u00e9meraude en argent 925 dor\u00e9 tr\u00e8s rafin\u00e9e tr\u00e8s brillante joli effe","breadcrumb":{"@id":"https:\/\/unbrinderien.fr\/?product=boucles-doreille-puce-couleur-emeraude-argent-925#breadcrumb"},"inLanguage":"fr-FR","potentialAction":[{"@type":"ReadAction","target":["https:\/\/unbrinderien.fr\/?product=boucles-doreille-puce-couleur-emeraude-argent-925"]}]},{"@type":"ImageObject","inLanguage":"fr-FR","@id":"https:\/\/unbrinderien.fr\/?product=boucles-doreille-puce-couleur-emeraude-argent-925#primaryimage","url":"https:\/\/unbrinderien.fr\/wp-content\/uploads\/2020\/07\/Ref.HUP-Puce-doreille-\u00e9meraude-argent-925.jpg","contentUrl":"https:\/\/unbrinderien.fr\/wp-content\/uploads\/2020\/07\/Ref.HUP-Puce-doreille-\u00e9meraude-argent-925.jpg","width":512,"height":737},{"@type":"BreadcrumbList","@id":"https:\/\/unbrinderien.fr\/?product=boucles-doreille-puce-couleur-emeraude-argent-925#breadcrumb","itemListElement":[{"@type":"ListItem","position":1,"name":"Accueil","item":"https:\/\/unbrinderien.fr\/"},{"@type":"ListItem","position":2,"name":"Boutique","item":"https:\/\/unbrinderien.fr\/?page_id=3298"},{"@type":"ListItem","position":3,"name":"Boucles d&#8217;oreille puce couleur \u00e9meraude argent 925"}]},{"@type":"WebSite","@id":"https:\/\/unbrinderien.fr\/#website","url":"https:\/\/unbrinderien.fr\/","name":"UNBRINDERIEN","description":"Le site qui vous va bien ...","publisher":{"@id":"https:\/\/unbrinderien.fr\/#organization"},"potentialAction":[{"@type":"SearchAction","target":{"@type":"EntryPoint","urlTemplate":"https:\/\/unbrinderien.fr\/?s={search_term_string}"},"query-input":{"@type":"PropertyValueSpecification","valueRequired":true,"valueName":"search_term_string"}}],"inLanguage":"fr-FR"},{"@type":"Organization","@id":"https:\/\/unbrinderien.fr\/#organization","name":"Unbrinderien","url":"https:\/\/unbrinderien.fr\/","logo":{"@type":"ImageObject","inLanguage":"fr-FR","@id":"https:\/\/unbrinderien.fr\/#\/schema\/logo\/image\/","url":"https:\/\/i2.wp.com\/unbrinderien.fr\/wp-content\/uploads\/2020\/05\/Logo-2020Taille-originale-Since-2012-v2-valide.png?fit=456%2C457&ssl=1","contentUrl":"https:\/\/i2.wp.com\/unbrinderien.fr\/wp-content\/uploads\/2020\/05\/Logo-2020Taille-originale-Since-2012-v2-valide.png?fit=456%2C457&ssl=1","width":456,"height":457,"caption":"Unbrinderien"},"image":{"@id":"https:\/\/unbrinderien.fr\/#\/schema\/logo\/image\/"},"sameAs":["https:\/\/www.facebook.com\/unbrinderien.celinenoisette\/","https:\/\/x.com\/Unbrinderien01","https:\/\/instagram.com\/unbrinderien?igshid=Itlgnkslaq489"]}]}},"jetpack_sharing_enabled":true,"_links":{"self":[{"href":"https:\/\/unbrinderien.fr\/index.php?rest_route=\/wp\/v2\/product\/4999","targetHints":{"allow":["GET"]}}],"collection":[{"href":"https:\/\/unbrinderien.fr\/index.php?rest_route=\/wp\/v2\/product"}],"about":[{"href":"https:\/\/unbrinderien.fr\/index.php?rest_route=\/wp\/v2\/types\/product"}],"replies":[{"embeddable":true,"href":"https:\/\/unbrinderien.fr\/index.php?rest_route=%2Fwp%2Fv2%2Fcomments&post=4999"}],"version-history":[{"count":0,"href":"https:\/\/unbrinderien.fr\/index.php?rest_route=\/wp\/v2\/product\/4999\/revisions"}],"wp:featuredmedia":[{"embeddable":true,"href":"https:\/\/unbrinderien.fr\/index.php?rest_route=\/wp\/v2\/media\/5004"}],"wp:attachment":[{"href":"https:\/\/unbrinderien.fr\/index.php?rest_route=%2Fwp%2Fv2%2Fmedia&parent=4999"}],"wp:term":[{"taxonomy":"product_brand","embeddable":true,"href":"https:\/\/unbrinderien.fr\/index.php?rest_route=%2Fwp%2Fv2%2Fproduct_brand&post=4999"},{"taxonomy":"product_cat","embeddable":true,"href":"https:\/\/unbrinderien.fr\/index.php?rest_route=%2Fwp%2Fv2%2Fproduct_cat&post=4999"},{"taxonomy":"product_tag","embeddable":true,"href":"https:\/\/unbrinderien.fr\/index.php?rest_route=%2Fwp%2Fv2%2Fproduct_tag&post=4999"}],"curies":[{"name":"wp","href":"https:\/\/api.w.org\/{rel}","templated":true}]}}