{"id":4492,"date":"2020-06-25T18:10:04","date_gmt":"2020-06-25T16:10:04","guid":{"rendered":"https:\/\/unbrinderien.fr\/?post_type=product&#038;p=4492"},"modified":"2021-02-17T00:09:34","modified_gmt":"2021-02-16T23:09:34","slug":"bague-zirconiums-noirs-plaque-argent","status":"publish","type":"product","link":"https:\/\/unbrinderien.fr\/?product=bague-zirconiums-noirs-plaque-argent","title":{"rendered":"Bague zirconiums noirs plaqu\u00e9 argent"},"content":{"rendered":"","protected":false},"excerpt":{"rendered":"<p>Bague en plaqu\u00e9 argent, orn\u00e9e de zirconiums noirs pour femme, fine et raffin\u00e9e.<\/p>\n<p>Plus qu&rsquo;une taille disponible.<\/p>\n","protected":false},"featured_media":4497,"comment_status":"open","ping_status":"closed","template":"","meta":{"_mo_disable_npp":"","om_disable_all_campaigns":false,"_monsterinsights_skip_tracking":false,"_monsterinsights_sitenote_active":false,"_monsterinsights_sitenote_note":"","_monsterinsights_sitenote_category":0,"_uf_show_specific_survey":0,"_uf_disable_surveys":false},"product_brand":[],"product_cat":[171,355,121],"product_tag":[226,223,309,373],"class_list":{"0":"post-4492","1":"product","2":"type-product","3":"status-publish","4":"has-post-thumbnail","6":"product_cat-bague","7":"product_cat-bague-argent-925","8":"product_cat-femme","9":"product_tag-argent-925","10":"product_tag-bague","11":"product_tag-femme","12":"product_tag-plaque-argent","14":"first","15":"instock","16":"purchasable","17":"product-type-variable"},"aioseo_notices":[],"jetpack_sharing_enabled":true,"_links":{"self":[{"href":"https:\/\/unbrinderien.fr\/index.php?rest_route=\/wp\/v2\/product\/4492","targetHints":{"allow":["GET"]}}],"collection":[{"href":"https:\/\/unbrinderien.fr\/index.php?rest_route=\/wp\/v2\/product"}],"about":[{"href":"https:\/\/unbrinderien.fr\/index.php?rest_route=\/wp\/v2\/types\/product"}],"replies":[{"embeddable":true,"href":"https:\/\/unbrinderien.fr\/index.php?rest_route=%2Fwp%2Fv2%2Fcomments&post=4492"}],"version-history":[{"count":0,"href":"https:\/\/unbrinderien.fr\/index.php?rest_route=\/wp\/v2\/product\/4492\/revisions"}],"wp:featuredmedia":[{"embeddable":true,"href":"https:\/\/unbrinderien.fr\/index.php?rest_route=\/wp\/v2\/media\/4497"}],"wp:attachment":[{"href":"https:\/\/unbrinderien.fr\/index.php?rest_route=%2Fwp%2Fv2%2Fmedia&parent=4492"}],"wp:term":[{"taxonomy":"product_brand","embeddable":true,"href":"https:\/\/unbrinderien.fr\/index.php?rest_route=%2Fwp%2Fv2%2Fproduct_brand&post=4492"},{"taxonomy":"product_cat","embeddable":true,"href":"https:\/\/unbrinderien.fr\/index.php?rest_route=%2Fwp%2Fv2%2Fproduct_cat&post=4492"},{"taxonomy":"product_tag","embeddable":true,"href":"https:\/\/unbrinderien.fr\/index.php?rest_route=%2Fwp%2Fv2%2Fproduct_tag&post=4492"}],"curies":[{"name":"wp","href":"https:\/\/api.w.org\/{rel}","templated":true}]}}