{"id":4164,"date":"2020-06-23T15:52:55","date_gmt":"2020-06-23T13:52:55","guid":{"rendered":"https:\/\/unbrinderien.fr\/?post_type=product&#038;p=4164"},"modified":"2021-02-17T00:05:04","modified_gmt":"2021-02-16T23:05:04","slug":"collier-pierre-roulee-naturelle-sodalite","status":"publish","type":"product","link":"https:\/\/unbrinderien.fr\/?product=collier-pierre-roulee-naturelle-sodalite","title":{"rendered":"Collier pierre roul\u00e9e naturelle Sodalite"},"content":{"rendered":"","protected":false},"excerpt":{"rendered":"<p>pierres forme Roul\u00e9e\u00a0 entre 2 et 3 cm<\/p>\n<p>Collier r\u00e9glable<\/p>\n<p>Chaque pierre est unique en sa forme et sa couleur, la couleur peut donc l\u00e9g\u00e8rement \u00eatre diff\u00e9rente de la photo ainsi que sa forme.<\/p>\n<h3 class=\"fusion-responsive-typography-calculated\" data-fontsize=\"19.5\" data-lineheight=\"35.1px\"><em><strong>Vertus De La Sodalite :<\/strong><\/em><\/h3>\n<p>Premi\u00e8rement, la sodalite est parfaite pour les r\u00e9gimes amincissant car elle permet d\u2019apaiser la faim. De plus c\u2019est une tr\u00e8s bonne pierre qui permet d\u2019\u00e9loigner nos inqui\u00e9tudes et nos peurs. \u00c9galement tr\u00e8s utile pour accro\u00eetre nos facult\u00e9s intellectuelles ainsi que la concentration lors d\u2019apprentissage.\u00a0\u00a0 De plus \u00e9tant une pierre de d\u00e9tente elle sera parfaite pour apaiser le stress, l\u2019anxi\u00e9t\u00e9 ainsi que le sommeil.<\/p>\n<h3 class=\"fusion-responsive-typography-calculated\" data-fontsize=\"19.5\" data-lineheight=\"35.1px\"><strong><em>Tradition et Symbolisme :<\/em><\/strong><\/h3>\n<p>Tradition : Paix int\u00e9rieur.<\/p>\n<p>&nbsp;<\/p>\n<p>&nbsp;<\/p>\n<p>&nbsp;<\/p>\n<p>&nbsp;<\/p>\n<p>&nbsp;<\/p>\n<p>&nbsp;<\/p>\n<p>&nbsp;<\/p>\n<p>&nbsp;<\/p>\n<div class=\"\" data-block=\"true\" data-editor=\"dcjl\" data-offset-key=\"51nl-0-0\">\n<div class=\"_1mf _1mj\" data-offset-key=\"51nl-0-0\">\n<p>&nbsp;<\/p>\n<\/div>\n<\/div>\n<div class=\"\" data-block=\"true\" data-editor=\"dcjl\" data-offset-key=\"1rjem-0-0\">\n<div class=\"_1mf _1mj\" data-offset-key=\"1rjem-0-0\"><span data-offset-key=\"1rjem-0-0\">\u00a0<\/span><\/div>\n<\/div>\n<div class=\"\" data-block=\"true\" data-editor=\"dcjl\" data-offset-key=\"774eq-0-0\"><\/div>\n<div class=\"\" data-block=\"true\" data-editor=\"dcjl\" data-offset-key=\"8drpg-0-0\">\n<div class=\"_1mf _1mj\" data-offset-key=\"8drpg-0-0\"><\/div>\n<\/div>\n<p>&nbsp;<\/p>\n","protected":false},"featured_media":4166,"comment_status":"open","ping_status":"closed","template":"","meta":{"_mo_disable_npp":"","om_disable_all_campaigns":false,"_monsterinsights_skip_tracking":false,"_monsterinsights_sitenote_active":false,"_monsterinsights_sitenote_note":"","_monsterinsights_sitenote_category":0,"_uf_show_specific_survey":0,"_uf_disable_surveys":false},"product_brand":[],"product_cat":[248,121,126],"product_tag":[319,304,131,308],"class_list":{"0":"post-4164","1":"product","2":"type-product","3":"status-publish","4":"has-post-thumbnail","6":"product_cat-collier-pierres-naturelles","7":"product_cat-femme","8":"product_cat-pierres-naturelles","9":"product_tag-bijoux-femme","10":"product_tag-collier","11":"product_tag-pierre-naturelle","12":"product_tag-sodalite","14":"first","15":"instock","16":"purchasable","17":"product-type-simple"},"aioseo_notices":[],"jetpack_sharing_enabled":true,"_links":{"self":[{"href":"https:\/\/unbrinderien.fr\/index.php?rest_route=\/wp\/v2\/product\/4164","targetHints":{"allow":["GET"]}}],"collection":[{"href":"https:\/\/unbrinderien.fr\/index.php?rest_route=\/wp\/v2\/product"}],"about":[{"href":"https:\/\/unbrinderien.fr\/index.php?rest_route=\/wp\/v2\/types\/product"}],"replies":[{"embeddable":true,"href":"https:\/\/unbrinderien.fr\/index.php?rest_route=%2Fwp%2Fv2%2Fcomments&post=4164"}],"version-history":[{"count":0,"href":"https:\/\/unbrinderien.fr\/index.php?rest_route=\/wp\/v2\/product\/4164\/revisions"}],"wp:featuredmedia":[{"embeddable":true,"href":"https:\/\/unbrinderien.fr\/index.php?rest_route=\/wp\/v2\/media\/4166"}],"wp:attachment":[{"href":"https:\/\/unbrinderien.fr\/index.php?rest_route=%2Fwp%2Fv2%2Fmedia&parent=4164"}],"wp:term":[{"taxonomy":"product_brand","embeddable":true,"href":"https:\/\/unbrinderien.fr\/index.php?rest_route=%2Fwp%2Fv2%2Fproduct_brand&post=4164"},{"taxonomy":"product_cat","embeddable":true,"href":"https:\/\/unbrinderien.fr\/index.php?rest_route=%2Fwp%2Fv2%2Fproduct_cat&post=4164"},{"taxonomy":"product_tag","embeddable":true,"href":"https:\/\/unbrinderien.fr\/index.php?rest_route=%2Fwp%2Fv2%2Fproduct_tag&post=4164"}],"curies":[{"name":"wp","href":"https:\/\/api.w.org\/{rel}","templated":true}]}}