{"id":4152,"date":"2020-06-23T15:16:11","date_gmt":"2020-06-23T13:16:11","guid":{"rendered":"https:\/\/unbrinderien.fr\/?post_type=product&#038;p=4152"},"modified":"2021-02-17T00:05:04","modified_gmt":"2021-02-16T23:05:04","slug":"collier-pierre-roulee-naturelle-oeil-de-faucon","status":"publish","type":"product","link":"https:\/\/unbrinderien.fr\/?product=collier-pierre-roulee-naturelle-oeil-de-faucon","title":{"rendered":"Collier pierre roul\u00e9e naturelle \u0152il de Faucon"},"content":{"rendered":"","protected":false},"excerpt":{"rendered":"<p>pierres forme Roul\u00e9e\u00a0 entre 2 et 3 cm<\/p>\n<p>Collier r\u00e9glable<\/p>\n<p>Chaque pierre est unique en sa forme et sa couleur, la couleur peut donc l\u00e9g\u00e8rement \u00eatre diff\u00e9rente de la photo ainsi que sa forme.<\/p>\n<h3 class=\"fusion-responsive-typography-calculated\" data-fontsize=\"19.5\" data-lineheight=\"35.1px\"><strong><em>Vertus De L\u2019Oeil De Faucon :<\/em><\/strong><\/h3>\n<p>L\u2019 \u0152il de Faucon. D\u2019une part ce Min\u00e9ral doit sa luminosit\u00e9 \u00e9tincelante qui est due \u00e0 la r\u00e9flexion de la lumi\u00e8re sur sa structure fibreuse. Par ce fait elle est recommand\u00e9e pour les travaux intellectuels et \u00e9galement pour apaiser le stress. De plus elle active le chakras des yeux. C\u2019est pourquoi elle est tr\u00e8s utile pour favoriser le bien \u00eatre de cette endroit.<br \/>\nPar ailleurs l\u2019\u0153il de Faucon ouvre \u00e9galement l\u2019esprit aux id\u00e9es neuves tout en stimulant l\u2019\u00e9coute d\u2019autrui.<\/p>\n<p>&nbsp;<\/p>\n<p>&nbsp;<\/p>\n<p>&nbsp;<\/p>\n<p>&nbsp;<\/p>\n<p>&nbsp;<\/p>\n<p>&nbsp;<\/p>\n<p>&nbsp;<\/p>\n<p>&nbsp;<\/p>\n<div class=\"\" data-block=\"true\" data-editor=\"dcjl\" data-offset-key=\"51nl-0-0\">\n<div class=\"_1mf _1mj\" data-offset-key=\"51nl-0-0\">\n<p>&nbsp;<\/p>\n<\/div>\n<\/div>\n<div class=\"\" data-block=\"true\" data-editor=\"dcjl\" data-offset-key=\"1rjem-0-0\">\n<div class=\"_1mf _1mj\" data-offset-key=\"1rjem-0-0\"><span data-offset-key=\"1rjem-0-0\">\u00a0<\/span><\/div>\n<\/div>\n<div class=\"\" data-block=\"true\" data-editor=\"dcjl\" data-offset-key=\"774eq-0-0\"><\/div>\n<div class=\"\" data-block=\"true\" data-editor=\"dcjl\" data-offset-key=\"8drpg-0-0\">\n<div class=\"_1mf _1mj\" data-offset-key=\"8drpg-0-0\"><\/div>\n<\/div>\n<p>&nbsp;<\/p>\n","protected":false},"featured_media":4155,"comment_status":"open","ping_status":"closed","template":"","meta":{"_mo_disable_npp":"","om_disable_all_campaigns":false,"_monsterinsights_skip_tracking":false,"_monsterinsights_sitenote_active":false,"_monsterinsights_sitenote_note":"","_monsterinsights_sitenote_category":0,"_uf_show_specific_survey":0,"_uf_disable_surveys":false},"product_brand":[],"product_cat":[248,121,126],"product_tag":[319,304,177,131],"class_list":{"0":"post-4152","1":"product","2":"type-product","3":"status-publish","4":"has-post-thumbnail","6":"product_cat-collier-pierres-naturelles","7":"product_cat-femme","8":"product_cat-pierres-naturelles","9":"product_tag-bijoux-femme","10":"product_tag-collier","11":"product_tag-oeil-de-faucon","12":"product_tag-pierre-naturelle","14":"first","15":"instock","16":"purchasable","17":"product-type-simple"},"aioseo_notices":[],"yoast_head":"<!-- This site is optimized with the Yoast SEO plugin v27.3 - https:\/\/yoast.com\/product\/yoast-seo-wordpress\/ -->\n<title>Collier pierre roul\u00e9e naturelle \u0152il de Faucon - UNBRINDERIEN<\/title>\n<meta name=\"description\" content=\"Collier en pierre roul\u00e9e naturelle oeil de faucon r\u00e9glable en taille grace \u00e0 ses noeuds coulissants pierre aux bienfaits pour l&#039;organisme\" \/>\n<meta name=\"robots\" content=\"index, follow, max-snippet:-1, max-image-preview:large, max-video-preview:-1\" \/>\n<link rel=\"canonical\" href=\"https:\/\/unbrinderien.fr\/?product=collier-pierre-roulee-naturelle-oeil-de-faucon\" \/>\n<meta property=\"og:locale\" content=\"fr_FR\" \/>\n<meta property=\"og:type\" content=\"article\" \/>\n<meta property=\"og:title\" content=\"Collier pierre roul\u00e9e naturelle \u0152il de Faucon - UNBRINDERIEN\" \/>\n<meta property=\"og:description\" content=\"Collier en pierre roul\u00e9e naturelle oeil de faucon r\u00e9glable en taille grace \u00e0 ses noeuds coulissants pierre aux bienfaits pour l&#039;organisme\" \/>\n<meta property=\"og:url\" content=\"https:\/\/unbrinderien.fr\/?product=collier-pierre-roulee-naturelle-oeil-de-faucon\" \/>\n<meta property=\"og:site_name\" content=\"UNBRINDERIEN\" \/>\n<meta property=\"article:publisher\" content=\"https:\/\/www.facebook.com\/unbrinderien.celinenoisette\/\" \/>\n<meta property=\"article:modified_time\" content=\"2021-02-16T23:05:04+00:00\" \/>\n<meta property=\"og:image\" content=\"https:\/\/i0.wp.com\/unbrinderien.fr\/wp-content\/uploads\/2020\/06\/Ref.PPR10..-Collier-Forme-Oeil-de-Faucon-scaled.jpg?fit=1920%2C2560&ssl=1\" \/>\n\t<meta property=\"og:image:width\" content=\"1920\" \/>\n\t<meta property=\"og:image:height\" content=\"2560\" \/>\n\t<meta property=\"og:image:type\" content=\"image\/jpeg\" \/>\n<meta name=\"twitter:card\" content=\"summary_large_image\" \/>\n<meta name=\"twitter:site\" content=\"@Unbrinderien01\" \/>\n<script type=\"application\/ld+json\" class=\"yoast-schema-graph\">{\"@context\":\"https:\\\/\\\/schema.org\",\"@graph\":[{\"@type\":\"WebPage\",\"@id\":\"https:\\\/\\\/unbrinderien.fr\\\/?product=collier-pierre-roulee-naturelle-oeil-de-faucon\",\"url\":\"https:\\\/\\\/unbrinderien.fr\\\/?product=collier-pierre-roulee-naturelle-oeil-de-faucon\",\"name\":\"Collier pierre roul\u00e9e naturelle \u0152il de Faucon - UNBRINDERIEN\",\"isPartOf\":{\"@id\":\"https:\\\/\\\/unbrinderien.fr\\\/#website\"},\"primaryImageOfPage\":{\"@id\":\"https:\\\/\\\/unbrinderien.fr\\\/?product=collier-pierre-roulee-naturelle-oeil-de-faucon#primaryimage\"},\"image\":{\"@id\":\"https:\\\/\\\/unbrinderien.fr\\\/?product=collier-pierre-roulee-naturelle-oeil-de-faucon#primaryimage\"},\"thumbnailUrl\":\"https:\\\/\\\/unbrinderien.fr\\\/wp-content\\\/uploads\\\/2020\\\/06\\\/Ref.PPR10..-Collier-Forme-Oeil-de-Faucon-scaled.jpg\",\"datePublished\":\"2020-06-23T13:16:11+00:00\",\"dateModified\":\"2021-02-16T23:05:04+00:00\",\"description\":\"Collier en pierre roul\u00e9e naturelle oeil de faucon r\u00e9glable en taille grace \u00e0 ses noeuds coulissants pierre aux bienfaits pour l'organisme\",\"breadcrumb\":{\"@id\":\"https:\\\/\\\/unbrinderien.fr\\\/?product=collier-pierre-roulee-naturelle-oeil-de-faucon#breadcrumb\"},\"inLanguage\":\"fr-FR\",\"potentialAction\":[{\"@type\":\"ReadAction\",\"target\":[\"https:\\\/\\\/unbrinderien.fr\\\/?product=collier-pierre-roulee-naturelle-oeil-de-faucon\"]}]},{\"@type\":\"ImageObject\",\"inLanguage\":\"fr-FR\",\"@id\":\"https:\\\/\\\/unbrinderien.fr\\\/?product=collier-pierre-roulee-naturelle-oeil-de-faucon#primaryimage\",\"url\":\"https:\\\/\\\/unbrinderien.fr\\\/wp-content\\\/uploads\\\/2020\\\/06\\\/Ref.PPR10..-Collier-Forme-Oeil-de-Faucon-scaled.jpg\",\"contentUrl\":\"https:\\\/\\\/unbrinderien.fr\\\/wp-content\\\/uploads\\\/2020\\\/06\\\/Ref.PPR10..-Collier-Forme-Oeil-de-Faucon-scaled.jpg\",\"width\":1920,\"height\":2560},{\"@type\":\"BreadcrumbList\",\"@id\":\"https:\\\/\\\/unbrinderien.fr\\\/?product=collier-pierre-roulee-naturelle-oeil-de-faucon#breadcrumb\",\"itemListElement\":[{\"@type\":\"ListItem\",\"position\":1,\"name\":\"Accueil\",\"item\":\"https:\\\/\\\/unbrinderien.fr\\\/\"},{\"@type\":\"ListItem\",\"position\":2,\"name\":\"Boutique\",\"item\":\"https:\\\/\\\/unbrinderien.fr\\\/?page_id=3298\"},{\"@type\":\"ListItem\",\"position\":3,\"name\":\"Collier pierre roul\u00e9e naturelle \u0152il de Faucon\"}]},{\"@type\":\"WebSite\",\"@id\":\"https:\\\/\\\/unbrinderien.fr\\\/#website\",\"url\":\"https:\\\/\\\/unbrinderien.fr\\\/\",\"name\":\"UNBRINDERIEN\",\"description\":\"Le site qui vous va bien ...\",\"publisher\":{\"@id\":\"https:\\\/\\\/unbrinderien.fr\\\/#organization\"},\"potentialAction\":[{\"@type\":\"SearchAction\",\"target\":{\"@type\":\"EntryPoint\",\"urlTemplate\":\"https:\\\/\\\/unbrinderien.fr\\\/?s={search_term_string}\"},\"query-input\":{\"@type\":\"PropertyValueSpecification\",\"valueRequired\":true,\"valueName\":\"search_term_string\"}}],\"inLanguage\":\"fr-FR\"},{\"@type\":\"Organization\",\"@id\":\"https:\\\/\\\/unbrinderien.fr\\\/#organization\",\"name\":\"Unbrinderien\",\"url\":\"https:\\\/\\\/unbrinderien.fr\\\/\",\"logo\":{\"@type\":\"ImageObject\",\"inLanguage\":\"fr-FR\",\"@id\":\"https:\\\/\\\/unbrinderien.fr\\\/#\\\/schema\\\/logo\\\/image\\\/\",\"url\":\"https:\\\/\\\/i2.wp.com\\\/unbrinderien.fr\\\/wp-content\\\/uploads\\\/2020\\\/05\\\/Logo-2020Taille-originale-Since-2012-v2-valide.png?fit=456%2C457&ssl=1\",\"contentUrl\":\"https:\\\/\\\/i2.wp.com\\\/unbrinderien.fr\\\/wp-content\\\/uploads\\\/2020\\\/05\\\/Logo-2020Taille-originale-Since-2012-v2-valide.png?fit=456%2C457&ssl=1\",\"width\":456,\"height\":457,\"caption\":\"Unbrinderien\"},\"image\":{\"@id\":\"https:\\\/\\\/unbrinderien.fr\\\/#\\\/schema\\\/logo\\\/image\\\/\"},\"sameAs\":[\"https:\\\/\\\/www.facebook.com\\\/unbrinderien.celinenoisette\\\/\",\"https:\\\/\\\/x.com\\\/Unbrinderien01\",\"https:\\\/\\\/instagram.com\\\/unbrinderien?igshid=Itlgnkslaq489\"]}]}<\/script>\n<!-- \/ Yoast SEO plugin. -->","yoast_head_json":{"title":"Collier pierre roul\u00e9e naturelle \u0152il de Faucon - UNBRINDERIEN","description":"Collier en pierre roul\u00e9e naturelle oeil de faucon r\u00e9glable en taille grace \u00e0 ses noeuds coulissants pierre aux bienfaits pour l'organisme","robots":{"index":"index","follow":"follow","max-snippet":"max-snippet:-1","max-image-preview":"max-image-preview:large","max-video-preview":"max-video-preview:-1"},"canonical":"https:\/\/unbrinderien.fr\/?product=collier-pierre-roulee-naturelle-oeil-de-faucon","og_locale":"fr_FR","og_type":"article","og_title":"Collier pierre roul\u00e9e naturelle \u0152il de Faucon - UNBRINDERIEN","og_description":"Collier en pierre roul\u00e9e naturelle oeil de faucon r\u00e9glable en taille grace \u00e0 ses noeuds coulissants pierre aux bienfaits pour l'organisme","og_url":"https:\/\/unbrinderien.fr\/?product=collier-pierre-roulee-naturelle-oeil-de-faucon","og_site_name":"UNBRINDERIEN","article_publisher":"https:\/\/www.facebook.com\/unbrinderien.celinenoisette\/","article_modified_time":"2021-02-16T23:05:04+00:00","og_image":[{"width":1920,"height":2560,"url":"https:\/\/i0.wp.com\/unbrinderien.fr\/wp-content\/uploads\/2020\/06\/Ref.PPR10..-Collier-Forme-Oeil-de-Faucon-scaled.jpg?fit=1920%2C2560&ssl=1","type":"image\/jpeg"}],"twitter_card":"summary_large_image","twitter_site":"@Unbrinderien01","schema":{"@context":"https:\/\/schema.org","@graph":[{"@type":"WebPage","@id":"https:\/\/unbrinderien.fr\/?product=collier-pierre-roulee-naturelle-oeil-de-faucon","url":"https:\/\/unbrinderien.fr\/?product=collier-pierre-roulee-naturelle-oeil-de-faucon","name":"Collier pierre roul\u00e9e naturelle \u0152il de Faucon - UNBRINDERIEN","isPartOf":{"@id":"https:\/\/unbrinderien.fr\/#website"},"primaryImageOfPage":{"@id":"https:\/\/unbrinderien.fr\/?product=collier-pierre-roulee-naturelle-oeil-de-faucon#primaryimage"},"image":{"@id":"https:\/\/unbrinderien.fr\/?product=collier-pierre-roulee-naturelle-oeil-de-faucon#primaryimage"},"thumbnailUrl":"https:\/\/unbrinderien.fr\/wp-content\/uploads\/2020\/06\/Ref.PPR10..-Collier-Forme-Oeil-de-Faucon-scaled.jpg","datePublished":"2020-06-23T13:16:11+00:00","dateModified":"2021-02-16T23:05:04+00:00","description":"Collier en pierre roul\u00e9e naturelle oeil de faucon r\u00e9glable en taille grace \u00e0 ses noeuds coulissants pierre aux bienfaits pour l'organisme","breadcrumb":{"@id":"https:\/\/unbrinderien.fr\/?product=collier-pierre-roulee-naturelle-oeil-de-faucon#breadcrumb"},"inLanguage":"fr-FR","potentialAction":[{"@type":"ReadAction","target":["https:\/\/unbrinderien.fr\/?product=collier-pierre-roulee-naturelle-oeil-de-faucon"]}]},{"@type":"ImageObject","inLanguage":"fr-FR","@id":"https:\/\/unbrinderien.fr\/?product=collier-pierre-roulee-naturelle-oeil-de-faucon#primaryimage","url":"https:\/\/unbrinderien.fr\/wp-content\/uploads\/2020\/06\/Ref.PPR10..-Collier-Forme-Oeil-de-Faucon-scaled.jpg","contentUrl":"https:\/\/unbrinderien.fr\/wp-content\/uploads\/2020\/06\/Ref.PPR10..-Collier-Forme-Oeil-de-Faucon-scaled.jpg","width":1920,"height":2560},{"@type":"BreadcrumbList","@id":"https:\/\/unbrinderien.fr\/?product=collier-pierre-roulee-naturelle-oeil-de-faucon#breadcrumb","itemListElement":[{"@type":"ListItem","position":1,"name":"Accueil","item":"https:\/\/unbrinderien.fr\/"},{"@type":"ListItem","position":2,"name":"Boutique","item":"https:\/\/unbrinderien.fr\/?page_id=3298"},{"@type":"ListItem","position":3,"name":"Collier pierre roul\u00e9e naturelle \u0152il de Faucon"}]},{"@type":"WebSite","@id":"https:\/\/unbrinderien.fr\/#website","url":"https:\/\/unbrinderien.fr\/","name":"UNBRINDERIEN","description":"Le site qui vous va bien ...","publisher":{"@id":"https:\/\/unbrinderien.fr\/#organization"},"potentialAction":[{"@type":"SearchAction","target":{"@type":"EntryPoint","urlTemplate":"https:\/\/unbrinderien.fr\/?s={search_term_string}"},"query-input":{"@type":"PropertyValueSpecification","valueRequired":true,"valueName":"search_term_string"}}],"inLanguage":"fr-FR"},{"@type":"Organization","@id":"https:\/\/unbrinderien.fr\/#organization","name":"Unbrinderien","url":"https:\/\/unbrinderien.fr\/","logo":{"@type":"ImageObject","inLanguage":"fr-FR","@id":"https:\/\/unbrinderien.fr\/#\/schema\/logo\/image\/","url":"https:\/\/i2.wp.com\/unbrinderien.fr\/wp-content\/uploads\/2020\/05\/Logo-2020Taille-originale-Since-2012-v2-valide.png?fit=456%2C457&ssl=1","contentUrl":"https:\/\/i2.wp.com\/unbrinderien.fr\/wp-content\/uploads\/2020\/05\/Logo-2020Taille-originale-Since-2012-v2-valide.png?fit=456%2C457&ssl=1","width":456,"height":457,"caption":"Unbrinderien"},"image":{"@id":"https:\/\/unbrinderien.fr\/#\/schema\/logo\/image\/"},"sameAs":["https:\/\/www.facebook.com\/unbrinderien.celinenoisette\/","https:\/\/x.com\/Unbrinderien01","https:\/\/instagram.com\/unbrinderien?igshid=Itlgnkslaq489"]}]}},"jetpack_sharing_enabled":true,"_links":{"self":[{"href":"https:\/\/unbrinderien.fr\/index.php?rest_route=\/wp\/v2\/product\/4152","targetHints":{"allow":["GET"]}}],"collection":[{"href":"https:\/\/unbrinderien.fr\/index.php?rest_route=\/wp\/v2\/product"}],"about":[{"href":"https:\/\/unbrinderien.fr\/index.php?rest_route=\/wp\/v2\/types\/product"}],"replies":[{"embeddable":true,"href":"https:\/\/unbrinderien.fr\/index.php?rest_route=%2Fwp%2Fv2%2Fcomments&post=4152"}],"version-history":[{"count":0,"href":"https:\/\/unbrinderien.fr\/index.php?rest_route=\/wp\/v2\/product\/4152\/revisions"}],"wp:featuredmedia":[{"embeddable":true,"href":"https:\/\/unbrinderien.fr\/index.php?rest_route=\/wp\/v2\/media\/4155"}],"wp:attachment":[{"href":"https:\/\/unbrinderien.fr\/index.php?rest_route=%2Fwp%2Fv2%2Fmedia&parent=4152"}],"wp:term":[{"taxonomy":"product_brand","embeddable":true,"href":"https:\/\/unbrinderien.fr\/index.php?rest_route=%2Fwp%2Fv2%2Fproduct_brand&post=4152"},{"taxonomy":"product_cat","embeddable":true,"href":"https:\/\/unbrinderien.fr\/index.php?rest_route=%2Fwp%2Fv2%2Fproduct_cat&post=4152"},{"taxonomy":"product_tag","embeddable":true,"href":"https:\/\/unbrinderien.fr\/index.php?rest_route=%2Fwp%2Fv2%2Fproduct_tag&post=4152"}],"curies":[{"name":"wp","href":"https:\/\/api.w.org\/{rel}","templated":true}]}}