{"id":4139,"date":"2020-06-23T15:05:13","date_gmt":"2020-06-23T13:05:13","guid":{"rendered":"https:\/\/unbrinderien.fr\/?post_type=product&#038;p=4139"},"modified":"2021-02-17T00:05:05","modified_gmt":"2021-02-16T23:05:05","slug":"collier-pierre-roulee-naturelle-obsidienne","status":"publish","type":"product","link":"https:\/\/unbrinderien.fr\/?product=collier-pierre-roulee-naturelle-obsidienne","title":{"rendered":"Collier pierre roul\u00e9e naturelle Obsidienne"},"content":{"rendered":"","protected":false},"excerpt":{"rendered":"<p>pierres forme Roul\u00e9e\u00a0 entre 2 et 3 cm<\/p>\n<p>Collier r\u00e9glable<\/p>\n<p>Chaque pierre est unique en sa forme et sa couleur, la couleur peut donc l\u00e9g\u00e8rement \u00eatre diff\u00e9rente de la photo ainsi que sa forme.<\/p>\n<h3 class=\"fusion-responsive-typography-calculated\" data-fontsize=\"19.5\" data-lineheight=\"35.1px\"><strong><em>Vertus De L\u2019Obsidienne Noire :<\/em><\/strong><\/h3>\n<p>Premi\u00e8rement, l\u2019 Obsidienne Noire nous aide \u00e0 travailler sur notre \u00ab c\u00f4t\u00e9 obscur \u00bb. D\u2019une part elle nous met en face de tout ce que nous souhaitons ainsi nous cacher \u00e0 nous-m\u00eames, d\u2019autre part on lui attribue une qualit\u00e9 de protecteur. Par ce fait l\u2019Obsidienne Noire est un bouclier tr\u00e8s efficace contre les \u00e9nergies n\u00e9gatives et la magie noire notamment.<\/p>\n<p>D\u2019une mani\u00e8re g\u00e9n\u00e9rale, les Obsidiennes facilitent ainsi la connexion \u00e0 notre inconscient. De plus si nous acceptons de faire face \u00e0 nos probl\u00e8mes, l\u2019Obsidienne offrira alors son soutien tout au long du chemin pour parvenir \u00e0 les r\u00e9soudre. Gr\u00e2ce a ses facult\u00e9s, cette Obsidienne nous apprend a garder notre sang froid. Par ce fait elle facilite le fait de trouver une solution de fa\u00e7on sereine a nos probl\u00e8mes.<br \/>\nPour finir, cette pierre est \u00e9galement tr\u00e8s bien pour la m\u00e9ditation afin de nous aider a s\u2019interroger sur notre avenir et par cons\u00e9quence en trouver les solutions.<\/p>\n<h3 class=\"fusion-responsive-typography-calculated\" data-fontsize=\"19.5\" data-lineheight=\"35.1px\"><em><strong>Tradition et Symbolisme :<\/strong><\/em><\/h3>\n<p>Tradition : Protection.<\/p>\n<p>&nbsp;<\/p>\n<p>&nbsp;<\/p>\n<p>&nbsp;<\/p>\n<p>&nbsp;<\/p>\n<p>&nbsp;<\/p>\n<p>&nbsp;<\/p>\n<p>&nbsp;<\/p>\n<div class=\"\" data-block=\"true\" data-editor=\"dcjl\" data-offset-key=\"51nl-0-0\">\n<div class=\"_1mf _1mj\" data-offset-key=\"51nl-0-0\">\n<p>&nbsp;<\/p>\n<\/div>\n<\/div>\n<div class=\"\" data-block=\"true\" data-editor=\"dcjl\" data-offset-key=\"1rjem-0-0\">\n<div class=\"_1mf _1mj\" data-offset-key=\"1rjem-0-0\"><span data-offset-key=\"1rjem-0-0\">\u00a0<\/span><\/div>\n<\/div>\n<div class=\"\" data-block=\"true\" data-editor=\"dcjl\" data-offset-key=\"774eq-0-0\"><\/div>\n<div class=\"\" data-block=\"true\" data-editor=\"dcjl\" data-offset-key=\"8drpg-0-0\">\n<div class=\"_1mf _1mj\" data-offset-key=\"8drpg-0-0\"><\/div>\n<\/div>\n<p>&nbsp;<\/p>\n","protected":false},"featured_media":4142,"comment_status":"open","ping_status":"closed","template":"","meta":{"_mo_disable_npp":"","om_disable_all_campaigns":false,"_monsterinsights_skip_tracking":false,"_monsterinsights_sitenote_active":false,"_monsterinsights_sitenote_note":"","_monsterinsights_sitenote_category":0,"_uf_show_specific_survey":0,"_uf_disable_surveys":false},"product_brand":[],"product_cat":[248,121,126],"product_tag":[319,304,255,131],"class_list":{"0":"post-4139","1":"product","2":"type-product","3":"status-publish","4":"has-post-thumbnail","6":"product_cat-collier-pierres-naturelles","7":"product_cat-femme","8":"product_cat-pierres-naturelles","9":"product_tag-bijoux-femme","10":"product_tag-collier","11":"product_tag-obsidienne","12":"product_tag-pierre-naturelle","14":"first","15":"instock","16":"purchasable","17":"product-type-simple"},"aioseo_notices":[],"yoast_head":"<!-- This site is optimized with the Yoast SEO plugin v27.3 - https:\/\/yoast.com\/product\/yoast-seo-wordpress\/ -->\n<title>Collier pierre roul\u00e9e naturelle Obsidienne - UNBRINDERIEN<\/title>\n<meta name=\"description\" content=\"Collier en pierre roul\u00e9e naturelle obsidienne r\u00e9glable en taille grace \u00e0 ses noeuds coulissants pierre aux bienfaits pour l&#039;organisme\" \/>\n<meta name=\"robots\" content=\"index, follow, max-snippet:-1, max-image-preview:large, max-video-preview:-1\" \/>\n<link rel=\"canonical\" href=\"https:\/\/unbrinderien.fr\/?product=collier-pierre-roulee-naturelle-obsidienne\" \/>\n<meta property=\"og:locale\" content=\"fr_FR\" \/>\n<meta property=\"og:type\" content=\"article\" \/>\n<meta property=\"og:title\" content=\"Collier pierre roul\u00e9e naturelle Obsidienne - UNBRINDERIEN\" \/>\n<meta property=\"og:description\" content=\"Collier en pierre roul\u00e9e naturelle obsidienne r\u00e9glable en taille grace \u00e0 ses noeuds coulissants pierre aux bienfaits pour l&#039;organisme\" \/>\n<meta property=\"og:url\" content=\"https:\/\/unbrinderien.fr\/?product=collier-pierre-roulee-naturelle-obsidienne\" \/>\n<meta property=\"og:site_name\" content=\"UNBRINDERIEN\" \/>\n<meta property=\"article:publisher\" content=\"https:\/\/www.facebook.com\/unbrinderien.celinenoisette\/\" \/>\n<meta property=\"article:modified_time\" content=\"2021-02-16T23:05:05+00:00\" \/>\n<meta property=\"og:image\" content=\"https:\/\/i2.wp.com\/unbrinderien.fr\/wp-content\/uploads\/2020\/06\/Ref.PPR5_..-Collier-Forme-Obsidienne-scaled.jpg?fit=1920%2C2560&ssl=1\" \/>\n\t<meta property=\"og:image:width\" content=\"1920\" \/>\n\t<meta property=\"og:image:height\" content=\"2560\" \/>\n\t<meta property=\"og:image:type\" content=\"image\/jpeg\" \/>\n<meta name=\"twitter:card\" content=\"summary_large_image\" \/>\n<meta name=\"twitter:site\" content=\"@Unbrinderien01\" \/>\n<script type=\"application\/ld+json\" class=\"yoast-schema-graph\">{\"@context\":\"https:\\\/\\\/schema.org\",\"@graph\":[{\"@type\":\"WebPage\",\"@id\":\"https:\\\/\\\/unbrinderien.fr\\\/?product=collier-pierre-roulee-naturelle-obsidienne\",\"url\":\"https:\\\/\\\/unbrinderien.fr\\\/?product=collier-pierre-roulee-naturelle-obsidienne\",\"name\":\"Collier pierre roul\u00e9e naturelle Obsidienne - UNBRINDERIEN\",\"isPartOf\":{\"@id\":\"https:\\\/\\\/unbrinderien.fr\\\/#website\"},\"primaryImageOfPage\":{\"@id\":\"https:\\\/\\\/unbrinderien.fr\\\/?product=collier-pierre-roulee-naturelle-obsidienne#primaryimage\"},\"image\":{\"@id\":\"https:\\\/\\\/unbrinderien.fr\\\/?product=collier-pierre-roulee-naturelle-obsidienne#primaryimage\"},\"thumbnailUrl\":\"https:\\\/\\\/unbrinderien.fr\\\/wp-content\\\/uploads\\\/2020\\\/06\\\/Ref.PPR5_..-Collier-Forme-Obsidienne-scaled.jpg\",\"datePublished\":\"2020-06-23T13:05:13+00:00\",\"dateModified\":\"2021-02-16T23:05:05+00:00\",\"description\":\"Collier en pierre roul\u00e9e naturelle obsidienne r\u00e9glable en taille grace \u00e0 ses noeuds coulissants pierre aux bienfaits pour l'organisme\",\"breadcrumb\":{\"@id\":\"https:\\\/\\\/unbrinderien.fr\\\/?product=collier-pierre-roulee-naturelle-obsidienne#breadcrumb\"},\"inLanguage\":\"fr-FR\",\"potentialAction\":[{\"@type\":\"ReadAction\",\"target\":[\"https:\\\/\\\/unbrinderien.fr\\\/?product=collier-pierre-roulee-naturelle-obsidienne\"]}]},{\"@type\":\"ImageObject\",\"inLanguage\":\"fr-FR\",\"@id\":\"https:\\\/\\\/unbrinderien.fr\\\/?product=collier-pierre-roulee-naturelle-obsidienne#primaryimage\",\"url\":\"https:\\\/\\\/unbrinderien.fr\\\/wp-content\\\/uploads\\\/2020\\\/06\\\/Ref.PPR5_..-Collier-Forme-Obsidienne-scaled.jpg\",\"contentUrl\":\"https:\\\/\\\/unbrinderien.fr\\\/wp-content\\\/uploads\\\/2020\\\/06\\\/Ref.PPR5_..-Collier-Forme-Obsidienne-scaled.jpg\",\"width\":1920,\"height\":2560},{\"@type\":\"BreadcrumbList\",\"@id\":\"https:\\\/\\\/unbrinderien.fr\\\/?product=collier-pierre-roulee-naturelle-obsidienne#breadcrumb\",\"itemListElement\":[{\"@type\":\"ListItem\",\"position\":1,\"name\":\"Accueil\",\"item\":\"https:\\\/\\\/unbrinderien.fr\\\/\"},{\"@type\":\"ListItem\",\"position\":2,\"name\":\"Boutique\",\"item\":\"https:\\\/\\\/unbrinderien.fr\\\/?page_id=3298\"},{\"@type\":\"ListItem\",\"position\":3,\"name\":\"Collier pierre roul\u00e9e naturelle Obsidienne\"}]},{\"@type\":\"WebSite\",\"@id\":\"https:\\\/\\\/unbrinderien.fr\\\/#website\",\"url\":\"https:\\\/\\\/unbrinderien.fr\\\/\",\"name\":\"UNBRINDERIEN\",\"description\":\"Le site qui vous va bien ...\",\"publisher\":{\"@id\":\"https:\\\/\\\/unbrinderien.fr\\\/#organization\"},\"potentialAction\":[{\"@type\":\"SearchAction\",\"target\":{\"@type\":\"EntryPoint\",\"urlTemplate\":\"https:\\\/\\\/unbrinderien.fr\\\/?s={search_term_string}\"},\"query-input\":{\"@type\":\"PropertyValueSpecification\",\"valueRequired\":true,\"valueName\":\"search_term_string\"}}],\"inLanguage\":\"fr-FR\"},{\"@type\":\"Organization\",\"@id\":\"https:\\\/\\\/unbrinderien.fr\\\/#organization\",\"name\":\"Unbrinderien\",\"url\":\"https:\\\/\\\/unbrinderien.fr\\\/\",\"logo\":{\"@type\":\"ImageObject\",\"inLanguage\":\"fr-FR\",\"@id\":\"https:\\\/\\\/unbrinderien.fr\\\/#\\\/schema\\\/logo\\\/image\\\/\",\"url\":\"https:\\\/\\\/i2.wp.com\\\/unbrinderien.fr\\\/wp-content\\\/uploads\\\/2020\\\/05\\\/Logo-2020Taille-originale-Since-2012-v2-valide.png?fit=456%2C457&ssl=1\",\"contentUrl\":\"https:\\\/\\\/i2.wp.com\\\/unbrinderien.fr\\\/wp-content\\\/uploads\\\/2020\\\/05\\\/Logo-2020Taille-originale-Since-2012-v2-valide.png?fit=456%2C457&ssl=1\",\"width\":456,\"height\":457,\"caption\":\"Unbrinderien\"},\"image\":{\"@id\":\"https:\\\/\\\/unbrinderien.fr\\\/#\\\/schema\\\/logo\\\/image\\\/\"},\"sameAs\":[\"https:\\\/\\\/www.facebook.com\\\/unbrinderien.celinenoisette\\\/\",\"https:\\\/\\\/x.com\\\/Unbrinderien01\",\"https:\\\/\\\/instagram.com\\\/unbrinderien?igshid=Itlgnkslaq489\"]}]}<\/script>\n<!-- \/ Yoast SEO plugin. -->","yoast_head_json":{"title":"Collier pierre roul\u00e9e naturelle Obsidienne - UNBRINDERIEN","description":"Collier en pierre roul\u00e9e naturelle obsidienne r\u00e9glable en taille grace \u00e0 ses noeuds coulissants pierre aux bienfaits pour l'organisme","robots":{"index":"index","follow":"follow","max-snippet":"max-snippet:-1","max-image-preview":"max-image-preview:large","max-video-preview":"max-video-preview:-1"},"canonical":"https:\/\/unbrinderien.fr\/?product=collier-pierre-roulee-naturelle-obsidienne","og_locale":"fr_FR","og_type":"article","og_title":"Collier pierre roul\u00e9e naturelle Obsidienne - UNBRINDERIEN","og_description":"Collier en pierre roul\u00e9e naturelle obsidienne r\u00e9glable en taille grace \u00e0 ses noeuds coulissants pierre aux bienfaits pour l'organisme","og_url":"https:\/\/unbrinderien.fr\/?product=collier-pierre-roulee-naturelle-obsidienne","og_site_name":"UNBRINDERIEN","article_publisher":"https:\/\/www.facebook.com\/unbrinderien.celinenoisette\/","article_modified_time":"2021-02-16T23:05:05+00:00","og_image":[{"width":1920,"height":2560,"url":"https:\/\/i2.wp.com\/unbrinderien.fr\/wp-content\/uploads\/2020\/06\/Ref.PPR5_..-Collier-Forme-Obsidienne-scaled.jpg?fit=1920%2C2560&ssl=1","type":"image\/jpeg"}],"twitter_card":"summary_large_image","twitter_site":"@Unbrinderien01","schema":{"@context":"https:\/\/schema.org","@graph":[{"@type":"WebPage","@id":"https:\/\/unbrinderien.fr\/?product=collier-pierre-roulee-naturelle-obsidienne","url":"https:\/\/unbrinderien.fr\/?product=collier-pierre-roulee-naturelle-obsidienne","name":"Collier pierre roul\u00e9e naturelle Obsidienne - UNBRINDERIEN","isPartOf":{"@id":"https:\/\/unbrinderien.fr\/#website"},"primaryImageOfPage":{"@id":"https:\/\/unbrinderien.fr\/?product=collier-pierre-roulee-naturelle-obsidienne#primaryimage"},"image":{"@id":"https:\/\/unbrinderien.fr\/?product=collier-pierre-roulee-naturelle-obsidienne#primaryimage"},"thumbnailUrl":"https:\/\/unbrinderien.fr\/wp-content\/uploads\/2020\/06\/Ref.PPR5_..-Collier-Forme-Obsidienne-scaled.jpg","datePublished":"2020-06-23T13:05:13+00:00","dateModified":"2021-02-16T23:05:05+00:00","description":"Collier en pierre roul\u00e9e naturelle obsidienne r\u00e9glable en taille grace \u00e0 ses noeuds coulissants pierre aux bienfaits pour l'organisme","breadcrumb":{"@id":"https:\/\/unbrinderien.fr\/?product=collier-pierre-roulee-naturelle-obsidienne#breadcrumb"},"inLanguage":"fr-FR","potentialAction":[{"@type":"ReadAction","target":["https:\/\/unbrinderien.fr\/?product=collier-pierre-roulee-naturelle-obsidienne"]}]},{"@type":"ImageObject","inLanguage":"fr-FR","@id":"https:\/\/unbrinderien.fr\/?product=collier-pierre-roulee-naturelle-obsidienne#primaryimage","url":"https:\/\/unbrinderien.fr\/wp-content\/uploads\/2020\/06\/Ref.PPR5_..-Collier-Forme-Obsidienne-scaled.jpg","contentUrl":"https:\/\/unbrinderien.fr\/wp-content\/uploads\/2020\/06\/Ref.PPR5_..-Collier-Forme-Obsidienne-scaled.jpg","width":1920,"height":2560},{"@type":"BreadcrumbList","@id":"https:\/\/unbrinderien.fr\/?product=collier-pierre-roulee-naturelle-obsidienne#breadcrumb","itemListElement":[{"@type":"ListItem","position":1,"name":"Accueil","item":"https:\/\/unbrinderien.fr\/"},{"@type":"ListItem","position":2,"name":"Boutique","item":"https:\/\/unbrinderien.fr\/?page_id=3298"},{"@type":"ListItem","position":3,"name":"Collier pierre roul\u00e9e naturelle Obsidienne"}]},{"@type":"WebSite","@id":"https:\/\/unbrinderien.fr\/#website","url":"https:\/\/unbrinderien.fr\/","name":"UNBRINDERIEN","description":"Le site qui vous va bien ...","publisher":{"@id":"https:\/\/unbrinderien.fr\/#organization"},"potentialAction":[{"@type":"SearchAction","target":{"@type":"EntryPoint","urlTemplate":"https:\/\/unbrinderien.fr\/?s={search_term_string}"},"query-input":{"@type":"PropertyValueSpecification","valueRequired":true,"valueName":"search_term_string"}}],"inLanguage":"fr-FR"},{"@type":"Organization","@id":"https:\/\/unbrinderien.fr\/#organization","name":"Unbrinderien","url":"https:\/\/unbrinderien.fr\/","logo":{"@type":"ImageObject","inLanguage":"fr-FR","@id":"https:\/\/unbrinderien.fr\/#\/schema\/logo\/image\/","url":"https:\/\/i2.wp.com\/unbrinderien.fr\/wp-content\/uploads\/2020\/05\/Logo-2020Taille-originale-Since-2012-v2-valide.png?fit=456%2C457&ssl=1","contentUrl":"https:\/\/i2.wp.com\/unbrinderien.fr\/wp-content\/uploads\/2020\/05\/Logo-2020Taille-originale-Since-2012-v2-valide.png?fit=456%2C457&ssl=1","width":456,"height":457,"caption":"Unbrinderien"},"image":{"@id":"https:\/\/unbrinderien.fr\/#\/schema\/logo\/image\/"},"sameAs":["https:\/\/www.facebook.com\/unbrinderien.celinenoisette\/","https:\/\/x.com\/Unbrinderien01","https:\/\/instagram.com\/unbrinderien?igshid=Itlgnkslaq489"]}]}},"jetpack_sharing_enabled":true,"_links":{"self":[{"href":"https:\/\/unbrinderien.fr\/index.php?rest_route=\/wp\/v2\/product\/4139","targetHints":{"allow":["GET"]}}],"collection":[{"href":"https:\/\/unbrinderien.fr\/index.php?rest_route=\/wp\/v2\/product"}],"about":[{"href":"https:\/\/unbrinderien.fr\/index.php?rest_route=\/wp\/v2\/types\/product"}],"replies":[{"embeddable":true,"href":"https:\/\/unbrinderien.fr\/index.php?rest_route=%2Fwp%2Fv2%2Fcomments&post=4139"}],"version-history":[{"count":0,"href":"https:\/\/unbrinderien.fr\/index.php?rest_route=\/wp\/v2\/product\/4139\/revisions"}],"wp:featuredmedia":[{"embeddable":true,"href":"https:\/\/unbrinderien.fr\/index.php?rest_route=\/wp\/v2\/media\/4142"}],"wp:attachment":[{"href":"https:\/\/unbrinderien.fr\/index.php?rest_route=%2Fwp%2Fv2%2Fmedia&parent=4139"}],"wp:term":[{"taxonomy":"product_brand","embeddable":true,"href":"https:\/\/unbrinderien.fr\/index.php?rest_route=%2Fwp%2Fv2%2Fproduct_brand&post=4139"},{"taxonomy":"product_cat","embeddable":true,"href":"https:\/\/unbrinderien.fr\/index.php?rest_route=%2Fwp%2Fv2%2Fproduct_cat&post=4139"},{"taxonomy":"product_tag","embeddable":true,"href":"https:\/\/unbrinderien.fr\/index.php?rest_route=%2Fwp%2Fv2%2Fproduct_tag&post=4139"}],"curies":[{"name":"wp","href":"https:\/\/api.w.org\/{rel}","templated":true}]}}