{"id":4118,"date":"2020-06-23T14:43:54","date_gmt":"2020-06-23T12:43:54","guid":{"rendered":"https:\/\/unbrinderien.fr\/?post_type=product&#038;p=4118"},"modified":"2021-02-17T00:05:05","modified_gmt":"2021-02-16T23:05:05","slug":"collier-pierre-roulee-naturelle-lapis-lazuli","status":"publish","type":"product","link":"https:\/\/unbrinderien.fr\/?product=collier-pierre-roulee-naturelle-lapis-lazuli","title":{"rendered":"Collier pierre roul\u00e9e naturelle Lapis lazuli"},"content":{"rendered":"","protected":false},"excerpt":{"rendered":"<p>pierres forme Roul\u00e9e\u00a0 entre 2 et 3 cm<\/p>\n<p>Collier r\u00e9glable<\/p>\n<p>Chaque pierre est unique en sa forme et sa couleur, la couleur peut donc l\u00e9g\u00e8rement \u00eatre diff\u00e9rente de la photo ainsi que sa forme.<\/p>\n<h3 class=\"fusion-responsive-typography-calculated\" data-fontsize=\"19.5\" data-lineheight=\"35.1px\"><strong><em>Vertus Du Lapis Lazuli :<\/em><\/strong><\/h3>\n<p>En Lithoth\u00e9rapie, Le Lapis Lazuli est une pierre bleue d\u00fb \u00e0 la lazurite. Premi\u00e8rement, ce magnifique min\u00e9ral fut la pierre des pharaons et dieux \u00e9gyptiens. \u00c9galement il \u00e9tait utilis\u00e9 par les moines bouddhiste lors de leurs pri\u00e8res afin de r\u00e9ussir a faire le vide dans leurs esprits.\u00a0 D\u2019une part, ses vertus concernent surtout les blocages du chakra de la t\u00eate et \u00e9galement de la gorge, d\u2019autre part pos\u00e9 sur la gorge, le Lapis lazuli renforce ainsi la parole, la voix et \u00e9galement l\u2019expression en g\u00e9n\u00e9rale. Par ailleurs, pos\u00e9 sur le chakra frontal, il stimule en outre les fonctions c\u00e9r\u00e9brales. De plus il favorise l\u2019intelligence, l\u2019amiti\u00e9, l\u2019amour et le bonheur. Egalement, cette pierre est tr\u00e8s utile pour apaiser les tension et blocage au niveau de la t\u00eate.<br \/>\nPar ailleurs, cette pierre fait partie des min\u00e9raux qui combattent les tendances d\u00e9pressives et qui apaisent \u00e9galement les pens\u00e9es pendant notre sommeil.<\/p>\n<h3 class=\"fusion-responsive-typography-calculated\" data-fontsize=\"19.5\" data-lineheight=\"35.1px\"><em><strong>Tradition et Symbolisme du Lapis Lazuli :<\/strong><\/em><\/h3>\n<p>Tradition en Lithoth\u00e9rapie : Calme et paix int\u00e9rieur.<\/p>\n<p>&nbsp;<\/p>\n<p>&nbsp;<\/p>\n<p>&nbsp;<\/p>\n<p>&nbsp;<\/p>\n<div class=\"\" data-block=\"true\" data-editor=\"dcjl\" data-offset-key=\"51nl-0-0\">\n<div class=\"_1mf _1mj\" data-offset-key=\"51nl-0-0\">\n<p>&nbsp;<\/p>\n<\/div>\n<\/div>\n<div class=\"\" data-block=\"true\" data-editor=\"dcjl\" data-offset-key=\"1rjem-0-0\">\n<div class=\"_1mf _1mj\" data-offset-key=\"1rjem-0-0\"><span data-offset-key=\"1rjem-0-0\">\u00a0<\/span><\/div>\n<\/div>\n<div class=\"\" data-block=\"true\" data-editor=\"dcjl\" data-offset-key=\"774eq-0-0\"><\/div>\n<div class=\"\" data-block=\"true\" data-editor=\"dcjl\" data-offset-key=\"8drpg-0-0\">\n<div class=\"_1mf _1mj\" data-offset-key=\"8drpg-0-0\"><\/div>\n<\/div>\n<p>&nbsp;<\/p>\n","protected":false},"featured_media":4124,"comment_status":"open","ping_status":"closed","template":"","meta":{"_mo_disable_npp":"","om_disable_all_campaigns":false,"_monsterinsights_skip_tracking":false,"_monsterinsights_sitenote_active":false,"_monsterinsights_sitenote_note":"","_monsterinsights_sitenote_category":0,"_uf_show_specific_survey":0,"_uf_disable_surveys":false},"product_brand":[],"product_cat":[248,121,126],"product_tag":[319,304,178,131],"class_list":{"0":"post-4118","1":"product","2":"type-product","3":"status-publish","4":"has-post-thumbnail","6":"product_cat-collier-pierres-naturelles","7":"product_cat-femme","8":"product_cat-pierres-naturelles","9":"product_tag-bijoux-femme","10":"product_tag-collier","11":"product_tag-lapis-lazuli","12":"product_tag-pierre-naturelle","14":"first","15":"instock","16":"purchasable","17":"product-type-simple"},"aioseo_notices":[],"jetpack_sharing_enabled":true,"_links":{"self":[{"href":"https:\/\/unbrinderien.fr\/index.php?rest_route=\/wp\/v2\/product\/4118","targetHints":{"allow":["GET"]}}],"collection":[{"href":"https:\/\/unbrinderien.fr\/index.php?rest_route=\/wp\/v2\/product"}],"about":[{"href":"https:\/\/unbrinderien.fr\/index.php?rest_route=\/wp\/v2\/types\/product"}],"replies":[{"embeddable":true,"href":"https:\/\/unbrinderien.fr\/index.php?rest_route=%2Fwp%2Fv2%2Fcomments&post=4118"}],"version-history":[{"count":0,"href":"https:\/\/unbrinderien.fr\/index.php?rest_route=\/wp\/v2\/product\/4118\/revisions"}],"wp:featuredmedia":[{"embeddable":true,"href":"https:\/\/unbrinderien.fr\/index.php?rest_route=\/wp\/v2\/media\/4124"}],"wp:attachment":[{"href":"https:\/\/unbrinderien.fr\/index.php?rest_route=%2Fwp%2Fv2%2Fmedia&parent=4118"}],"wp:term":[{"taxonomy":"product_brand","embeddable":true,"href":"https:\/\/unbrinderien.fr\/index.php?rest_route=%2Fwp%2Fv2%2Fproduct_brand&post=4118"},{"taxonomy":"product_cat","embeddable":true,"href":"https:\/\/unbrinderien.fr\/index.php?rest_route=%2Fwp%2Fv2%2Fproduct_cat&post=4118"},{"taxonomy":"product_tag","embeddable":true,"href":"https:\/\/unbrinderien.fr\/index.php?rest_route=%2Fwp%2Fv2%2Fproduct_tag&post=4118"}],"curies":[{"name":"wp","href":"https:\/\/api.w.org\/{rel}","templated":true}]}}