{"id":4098,"date":"2020-06-23T14:18:07","date_gmt":"2020-06-23T12:18:07","guid":{"rendered":"https:\/\/unbrinderien.fr\/?post_type=product&#038;p=4098"},"modified":"2021-02-17T00:05:05","modified_gmt":"2021-02-16T23:05:05","slug":"collier-pierre-roulee-naturelle-jade-nephrite","status":"publish","type":"product","link":"https:\/\/unbrinderien.fr\/?product=collier-pierre-roulee-naturelle-jade-nephrite","title":{"rendered":"Collier pierre roul\u00e9e naturelle Jade N\u00e9phrite"},"content":{"rendered":"","protected":false},"excerpt":{"rendered":"<p>pierres forme Roul\u00e9e\u00a0 entre 2 et 3 cm<\/p>\n<p>Collier r\u00e9glable<\/p>\n<p>Chaque pierre est unique en sa forme et sa couleur, la couleur peut donc l\u00e9g\u00e8rement \u00eatre diff\u00e9rente de la photo ainsi que sa forme.<\/p>\n<h3 class=\"fusion-responsive-typography-calculated\" data-fontsize=\"19.5\" data-lineheight=\"35.1px\"><strong><em>Vertus Du Jade N\u00e9phrite :<\/em><\/strong><\/h3>\n<p>En Lithoth\u00e9rapie, Pierre du yang, des deux reins. dans l\u2019Antiquit\u00e9, la tradition voulait que le Jade N\u00e9phrite soit utilis\u00e9e afin d\u2019aider les malades \u00e0 retrouver le chemin du mieux \u00eatre. D\u2019une part le rein \u00e9tant le centre physique de la peur, cette pierre s\u2019av\u00e8re ainsi utile pour att\u00e9nuer les peurs incontr\u00f4l\u00e9es et nous permettre de retrouver force et courage, d\u2019autre part le Jade N\u00e9phrite<strong>\u00a0<\/strong>\u00a0permet d\u2019att\u00e9nuer le d\u00e9sir de possession, De plus le jade permet \u00e9galement de devenir celui que nous sommes cens\u00e9 \u00eatre et de lib\u00e9rer notre potentiel. Par ailleurs cette pierre est \u00e9galement connue pour \u00eatre un porte bonheur qui attire l\u2019abondance a son porteur.<\/p>\n<h3 class=\"fusion-responsive-typography-calculated\" data-fontsize=\"19.5\" data-lineheight=\"35.1px\"><strong><em>Tradition et Symbolisme Jade N\u00e9phrite :<\/em><\/strong><\/h3>\n<p>Traditions en Lithoth\u00e9rapie : La Sant\u00e9<\/p>\n<p>&nbsp;<\/p>\n<p>&nbsp;<\/p>\n<p>&nbsp;<\/p>\n<div class=\"\" data-block=\"true\" data-editor=\"dcjl\" data-offset-key=\"51nl-0-0\">\n<div class=\"_1mf _1mj\" data-offset-key=\"51nl-0-0\">\n<p>&nbsp;<\/p>\n<\/div>\n<\/div>\n<div class=\"\" data-block=\"true\" data-editor=\"dcjl\" data-offset-key=\"1rjem-0-0\">\n<div class=\"_1mf _1mj\" data-offset-key=\"1rjem-0-0\"><span data-offset-key=\"1rjem-0-0\">\u00a0<\/span><\/div>\n<\/div>\n<div class=\"\" data-block=\"true\" data-editor=\"dcjl\" data-offset-key=\"774eq-0-0\"><\/div>\n<div class=\"\" data-block=\"true\" data-editor=\"dcjl\" data-offset-key=\"8drpg-0-0\">\n<div class=\"_1mf _1mj\" data-offset-key=\"8drpg-0-0\"><\/div>\n<\/div>\n<p>&nbsp;<\/p>\n","protected":false},"featured_media":4101,"comment_status":"open","ping_status":"closed","template":"","meta":{"_mo_disable_npp":"","om_disable_all_campaigns":false,"_monsterinsights_skip_tracking":false,"_monsterinsights_sitenote_active":false,"_monsterinsights_sitenote_note":"","_monsterinsights_sitenote_category":0,"_uf_show_specific_survey":0,"_uf_disable_surveys":false},"product_brand":[],"product_cat":[248,121,126],"product_tag":[319,304,198,131],"class_list":{"0":"post-4098","1":"product","2":"type-product","3":"status-publish","4":"has-post-thumbnail","6":"product_cat-collier-pierres-naturelles","7":"product_cat-femme","8":"product_cat-pierres-naturelles","9":"product_tag-bijoux-femme","10":"product_tag-collier","11":"product_tag-jade-nephrite","12":"product_tag-pierre-naturelle","14":"first","15":"instock","16":"purchasable","17":"product-type-simple"},"aioseo_notices":[],"yoast_head":"<!-- This site is optimized with the Yoast SEO plugin v27.3 - https:\/\/yoast.com\/product\/yoast-seo-wordpress\/ -->\n<title>Collier pierre roul\u00e9e naturelle Jade N\u00e9phrite - UNBRINDERIEN<\/title>\n<meta name=\"description\" content=\"Collier en pierre roul\u00e9e naturelle jade n\u00e9phrite r\u00e9glable en taille grace \u00e0 ses noeuds coulissants pierre aux bienfaits pour l&#039;organisme\" \/>\n<meta name=\"robots\" content=\"index, follow, max-snippet:-1, max-image-preview:large, max-video-preview:-1\" \/>\n<link rel=\"canonical\" href=\"https:\/\/unbrinderien.fr\/?product=collier-pierre-roulee-naturelle-jade-nephrite\" \/>\n<meta property=\"og:locale\" content=\"fr_FR\" \/>\n<meta property=\"og:type\" content=\"article\" \/>\n<meta property=\"og:title\" content=\"Collier pierre roul\u00e9e naturelle Jade N\u00e9phrite - UNBRINDERIEN\" \/>\n<meta property=\"og:description\" content=\"Collier en pierre roul\u00e9e naturelle jade n\u00e9phrite r\u00e9glable en taille grace \u00e0 ses noeuds coulissants pierre aux bienfaits pour l&#039;organisme\" \/>\n<meta property=\"og:url\" content=\"https:\/\/unbrinderien.fr\/?product=collier-pierre-roulee-naturelle-jade-nephrite\" \/>\n<meta property=\"og:site_name\" content=\"UNBRINDERIEN\" \/>\n<meta property=\"article:publisher\" content=\"https:\/\/www.facebook.com\/unbrinderien.celinenoisette\/\" \/>\n<meta property=\"article:modified_time\" content=\"2021-02-16T23:05:05+00:00\" \/>\n<meta property=\"og:image\" content=\"https:\/\/i0.wp.com\/unbrinderien.fr\/wp-content\/uploads\/2020\/06\/Ref.PPR3_..-Collier-Forme-Jade-N\u00e9phrite-scaled.jpg?fit=1920%2C2560&ssl=1\" \/>\n\t<meta property=\"og:image:width\" content=\"1920\" \/>\n\t<meta property=\"og:image:height\" content=\"2560\" \/>\n\t<meta property=\"og:image:type\" content=\"image\/jpeg\" \/>\n<meta name=\"twitter:card\" content=\"summary_large_image\" \/>\n<meta name=\"twitter:site\" content=\"@Unbrinderien01\" \/>\n<script type=\"application\/ld+json\" class=\"yoast-schema-graph\">{\"@context\":\"https:\\\/\\\/schema.org\",\"@graph\":[{\"@type\":\"WebPage\",\"@id\":\"https:\\\/\\\/unbrinderien.fr\\\/?product=collier-pierre-roulee-naturelle-jade-nephrite\",\"url\":\"https:\\\/\\\/unbrinderien.fr\\\/?product=collier-pierre-roulee-naturelle-jade-nephrite\",\"name\":\"Collier pierre roul\u00e9e naturelle Jade N\u00e9phrite - UNBRINDERIEN\",\"isPartOf\":{\"@id\":\"https:\\\/\\\/unbrinderien.fr\\\/#website\"},\"primaryImageOfPage\":{\"@id\":\"https:\\\/\\\/unbrinderien.fr\\\/?product=collier-pierre-roulee-naturelle-jade-nephrite#primaryimage\"},\"image\":{\"@id\":\"https:\\\/\\\/unbrinderien.fr\\\/?product=collier-pierre-roulee-naturelle-jade-nephrite#primaryimage\"},\"thumbnailUrl\":\"https:\\\/\\\/unbrinderien.fr\\\/wp-content\\\/uploads\\\/2020\\\/06\\\/Ref.PPR3_..-Collier-Forme-Jade-N\u00e9phrite-scaled.jpg\",\"datePublished\":\"2020-06-23T12:18:07+00:00\",\"dateModified\":\"2021-02-16T23:05:05+00:00\",\"description\":\"Collier en pierre roul\u00e9e naturelle jade n\u00e9phrite r\u00e9glable en taille grace \u00e0 ses noeuds coulissants pierre aux bienfaits pour l'organisme\",\"breadcrumb\":{\"@id\":\"https:\\\/\\\/unbrinderien.fr\\\/?product=collier-pierre-roulee-naturelle-jade-nephrite#breadcrumb\"},\"inLanguage\":\"fr-FR\",\"potentialAction\":[{\"@type\":\"ReadAction\",\"target\":[\"https:\\\/\\\/unbrinderien.fr\\\/?product=collier-pierre-roulee-naturelle-jade-nephrite\"]}]},{\"@type\":\"ImageObject\",\"inLanguage\":\"fr-FR\",\"@id\":\"https:\\\/\\\/unbrinderien.fr\\\/?product=collier-pierre-roulee-naturelle-jade-nephrite#primaryimage\",\"url\":\"https:\\\/\\\/unbrinderien.fr\\\/wp-content\\\/uploads\\\/2020\\\/06\\\/Ref.PPR3_..-Collier-Forme-Jade-N\u00e9phrite-scaled.jpg\",\"contentUrl\":\"https:\\\/\\\/unbrinderien.fr\\\/wp-content\\\/uploads\\\/2020\\\/06\\\/Ref.PPR3_..-Collier-Forme-Jade-N\u00e9phrite-scaled.jpg\",\"width\":1920,\"height\":2560},{\"@type\":\"BreadcrumbList\",\"@id\":\"https:\\\/\\\/unbrinderien.fr\\\/?product=collier-pierre-roulee-naturelle-jade-nephrite#breadcrumb\",\"itemListElement\":[{\"@type\":\"ListItem\",\"position\":1,\"name\":\"Accueil\",\"item\":\"https:\\\/\\\/unbrinderien.fr\\\/\"},{\"@type\":\"ListItem\",\"position\":2,\"name\":\"Boutique\",\"item\":\"https:\\\/\\\/unbrinderien.fr\\\/?page_id=3298\"},{\"@type\":\"ListItem\",\"position\":3,\"name\":\"Collier pierre roul\u00e9e naturelle Jade N\u00e9phrite\"}]},{\"@type\":\"WebSite\",\"@id\":\"https:\\\/\\\/unbrinderien.fr\\\/#website\",\"url\":\"https:\\\/\\\/unbrinderien.fr\\\/\",\"name\":\"UNBRINDERIEN\",\"description\":\"Le site qui vous va bien ...\",\"publisher\":{\"@id\":\"https:\\\/\\\/unbrinderien.fr\\\/#organization\"},\"potentialAction\":[{\"@type\":\"SearchAction\",\"target\":{\"@type\":\"EntryPoint\",\"urlTemplate\":\"https:\\\/\\\/unbrinderien.fr\\\/?s={search_term_string}\"},\"query-input\":{\"@type\":\"PropertyValueSpecification\",\"valueRequired\":true,\"valueName\":\"search_term_string\"}}],\"inLanguage\":\"fr-FR\"},{\"@type\":\"Organization\",\"@id\":\"https:\\\/\\\/unbrinderien.fr\\\/#organization\",\"name\":\"Unbrinderien\",\"url\":\"https:\\\/\\\/unbrinderien.fr\\\/\",\"logo\":{\"@type\":\"ImageObject\",\"inLanguage\":\"fr-FR\",\"@id\":\"https:\\\/\\\/unbrinderien.fr\\\/#\\\/schema\\\/logo\\\/image\\\/\",\"url\":\"https:\\\/\\\/i2.wp.com\\\/unbrinderien.fr\\\/wp-content\\\/uploads\\\/2020\\\/05\\\/Logo-2020Taille-originale-Since-2012-v2-valide.png?fit=456%2C457&ssl=1\",\"contentUrl\":\"https:\\\/\\\/i2.wp.com\\\/unbrinderien.fr\\\/wp-content\\\/uploads\\\/2020\\\/05\\\/Logo-2020Taille-originale-Since-2012-v2-valide.png?fit=456%2C457&ssl=1\",\"width\":456,\"height\":457,\"caption\":\"Unbrinderien\"},\"image\":{\"@id\":\"https:\\\/\\\/unbrinderien.fr\\\/#\\\/schema\\\/logo\\\/image\\\/\"},\"sameAs\":[\"https:\\\/\\\/www.facebook.com\\\/unbrinderien.celinenoisette\\\/\",\"https:\\\/\\\/x.com\\\/Unbrinderien01\",\"https:\\\/\\\/instagram.com\\\/unbrinderien?igshid=Itlgnkslaq489\"]}]}<\/script>\n<!-- \/ Yoast SEO plugin. -->","yoast_head_json":{"title":"Collier pierre roul\u00e9e naturelle Jade N\u00e9phrite - UNBRINDERIEN","description":"Collier en pierre roul\u00e9e naturelle jade n\u00e9phrite r\u00e9glable en taille grace \u00e0 ses noeuds coulissants pierre aux bienfaits pour l'organisme","robots":{"index":"index","follow":"follow","max-snippet":"max-snippet:-1","max-image-preview":"max-image-preview:large","max-video-preview":"max-video-preview:-1"},"canonical":"https:\/\/unbrinderien.fr\/?product=collier-pierre-roulee-naturelle-jade-nephrite","og_locale":"fr_FR","og_type":"article","og_title":"Collier pierre roul\u00e9e naturelle Jade N\u00e9phrite - UNBRINDERIEN","og_description":"Collier en pierre roul\u00e9e naturelle jade n\u00e9phrite r\u00e9glable en taille grace \u00e0 ses noeuds coulissants pierre aux bienfaits pour l'organisme","og_url":"https:\/\/unbrinderien.fr\/?product=collier-pierre-roulee-naturelle-jade-nephrite","og_site_name":"UNBRINDERIEN","article_publisher":"https:\/\/www.facebook.com\/unbrinderien.celinenoisette\/","article_modified_time":"2021-02-16T23:05:05+00:00","og_image":[{"width":1920,"height":2560,"url":"https:\/\/i0.wp.com\/unbrinderien.fr\/wp-content\/uploads\/2020\/06\/Ref.PPR3_..-Collier-Forme-Jade-N\u00e9phrite-scaled.jpg?fit=1920%2C2560&ssl=1","type":"image\/jpeg"}],"twitter_card":"summary_large_image","twitter_site":"@Unbrinderien01","schema":{"@context":"https:\/\/schema.org","@graph":[{"@type":"WebPage","@id":"https:\/\/unbrinderien.fr\/?product=collier-pierre-roulee-naturelle-jade-nephrite","url":"https:\/\/unbrinderien.fr\/?product=collier-pierre-roulee-naturelle-jade-nephrite","name":"Collier pierre roul\u00e9e naturelle Jade N\u00e9phrite - UNBRINDERIEN","isPartOf":{"@id":"https:\/\/unbrinderien.fr\/#website"},"primaryImageOfPage":{"@id":"https:\/\/unbrinderien.fr\/?product=collier-pierre-roulee-naturelle-jade-nephrite#primaryimage"},"image":{"@id":"https:\/\/unbrinderien.fr\/?product=collier-pierre-roulee-naturelle-jade-nephrite#primaryimage"},"thumbnailUrl":"https:\/\/unbrinderien.fr\/wp-content\/uploads\/2020\/06\/Ref.PPR3_..-Collier-Forme-Jade-N\u00e9phrite-scaled.jpg","datePublished":"2020-06-23T12:18:07+00:00","dateModified":"2021-02-16T23:05:05+00:00","description":"Collier en pierre roul\u00e9e naturelle jade n\u00e9phrite r\u00e9glable en taille grace \u00e0 ses noeuds coulissants pierre aux bienfaits pour l'organisme","breadcrumb":{"@id":"https:\/\/unbrinderien.fr\/?product=collier-pierre-roulee-naturelle-jade-nephrite#breadcrumb"},"inLanguage":"fr-FR","potentialAction":[{"@type":"ReadAction","target":["https:\/\/unbrinderien.fr\/?product=collier-pierre-roulee-naturelle-jade-nephrite"]}]},{"@type":"ImageObject","inLanguage":"fr-FR","@id":"https:\/\/unbrinderien.fr\/?product=collier-pierre-roulee-naturelle-jade-nephrite#primaryimage","url":"https:\/\/unbrinderien.fr\/wp-content\/uploads\/2020\/06\/Ref.PPR3_..-Collier-Forme-Jade-N\u00e9phrite-scaled.jpg","contentUrl":"https:\/\/unbrinderien.fr\/wp-content\/uploads\/2020\/06\/Ref.PPR3_..-Collier-Forme-Jade-N\u00e9phrite-scaled.jpg","width":1920,"height":2560},{"@type":"BreadcrumbList","@id":"https:\/\/unbrinderien.fr\/?product=collier-pierre-roulee-naturelle-jade-nephrite#breadcrumb","itemListElement":[{"@type":"ListItem","position":1,"name":"Accueil","item":"https:\/\/unbrinderien.fr\/"},{"@type":"ListItem","position":2,"name":"Boutique","item":"https:\/\/unbrinderien.fr\/?page_id=3298"},{"@type":"ListItem","position":3,"name":"Collier pierre roul\u00e9e naturelle Jade N\u00e9phrite"}]},{"@type":"WebSite","@id":"https:\/\/unbrinderien.fr\/#website","url":"https:\/\/unbrinderien.fr\/","name":"UNBRINDERIEN","description":"Le site qui vous va bien ...","publisher":{"@id":"https:\/\/unbrinderien.fr\/#organization"},"potentialAction":[{"@type":"SearchAction","target":{"@type":"EntryPoint","urlTemplate":"https:\/\/unbrinderien.fr\/?s={search_term_string}"},"query-input":{"@type":"PropertyValueSpecification","valueRequired":true,"valueName":"search_term_string"}}],"inLanguage":"fr-FR"},{"@type":"Organization","@id":"https:\/\/unbrinderien.fr\/#organization","name":"Unbrinderien","url":"https:\/\/unbrinderien.fr\/","logo":{"@type":"ImageObject","inLanguage":"fr-FR","@id":"https:\/\/unbrinderien.fr\/#\/schema\/logo\/image\/","url":"https:\/\/i2.wp.com\/unbrinderien.fr\/wp-content\/uploads\/2020\/05\/Logo-2020Taille-originale-Since-2012-v2-valide.png?fit=456%2C457&ssl=1","contentUrl":"https:\/\/i2.wp.com\/unbrinderien.fr\/wp-content\/uploads\/2020\/05\/Logo-2020Taille-originale-Since-2012-v2-valide.png?fit=456%2C457&ssl=1","width":456,"height":457,"caption":"Unbrinderien"},"image":{"@id":"https:\/\/unbrinderien.fr\/#\/schema\/logo\/image\/"},"sameAs":["https:\/\/www.facebook.com\/unbrinderien.celinenoisette\/","https:\/\/x.com\/Unbrinderien01","https:\/\/instagram.com\/unbrinderien?igshid=Itlgnkslaq489"]}]}},"jetpack_sharing_enabled":true,"_links":{"self":[{"href":"https:\/\/unbrinderien.fr\/index.php?rest_route=\/wp\/v2\/product\/4098","targetHints":{"allow":["GET"]}}],"collection":[{"href":"https:\/\/unbrinderien.fr\/index.php?rest_route=\/wp\/v2\/product"}],"about":[{"href":"https:\/\/unbrinderien.fr\/index.php?rest_route=\/wp\/v2\/types\/product"}],"replies":[{"embeddable":true,"href":"https:\/\/unbrinderien.fr\/index.php?rest_route=%2Fwp%2Fv2%2Fcomments&post=4098"}],"version-history":[{"count":0,"href":"https:\/\/unbrinderien.fr\/index.php?rest_route=\/wp\/v2\/product\/4098\/revisions"}],"wp:featuredmedia":[{"embeddable":true,"href":"https:\/\/unbrinderien.fr\/index.php?rest_route=\/wp\/v2\/media\/4101"}],"wp:attachment":[{"href":"https:\/\/unbrinderien.fr\/index.php?rest_route=%2Fwp%2Fv2%2Fmedia&parent=4098"}],"wp:term":[{"taxonomy":"product_brand","embeddable":true,"href":"https:\/\/unbrinderien.fr\/index.php?rest_route=%2Fwp%2Fv2%2Fproduct_brand&post=4098"},{"taxonomy":"product_cat","embeddable":true,"href":"https:\/\/unbrinderien.fr\/index.php?rest_route=%2Fwp%2Fv2%2Fproduct_cat&post=4098"},{"taxonomy":"product_tag","embeddable":true,"href":"https:\/\/unbrinderien.fr\/index.php?rest_route=%2Fwp%2Fv2%2Fproduct_tag&post=4098"}],"curies":[{"name":"wp","href":"https:\/\/api.w.org\/{rel}","templated":true}]}}