{"id":4052,"date":"2020-06-23T13:17:04","date_gmt":"2020-06-23T11:17:04","guid":{"rendered":"https:\/\/unbrinderien.fr\/?post_type=product&#038;p=4052"},"modified":"2021-02-17T00:05:06","modified_gmt":"2021-02-16T23:05:06","slug":"collier-donut-en-pierre-naturelle-cristal-de-roche","status":"publish","type":"product","link":"https:\/\/unbrinderien.fr\/?product=collier-donut-en-pierre-naturelle-cristal-de-roche","title":{"rendered":"Collier Donut en pierre naturelle Cristal de roche"},"content":{"rendered":"","protected":false},"excerpt":{"rendered":"<p>pierres forme Donut 3 cm<\/p>\n<p>Collier r\u00e9glable<\/p>\n<p>Chaque pierre est unique en sa couleur, la couleur peut donc l\u00e9g\u00e8rement \u00eatre diff\u00e9rente de la photo.<\/p>\n<p><strong><em>Vertus Du Cristal De Roche :<\/em><\/strong><br \/>\nOn appelle \u00abCristal De Roche\u00bb le Quartz incolore. D\u2019une part cette pierre est un amplificateur d\u2019\u00e9nergie, elle permet d\u2019amplifier nos propres \u00e9nergies ainsi que celles des autres pierres, d\u2019autre part ses applications sont multiples. On le conseil \u00e9galement en association avec les autres min\u00e9raux pour amplifier leur puissance et par ce fait permettre une meilleure \u00e9nergie . En outre porter un Cristal de Roche intensifiera notre aura. Il peut \u00eatre \u00e9galement programm\u00e9 avec nos propres pens\u00e9es fin de nous aider \u00e0 r\u00e9aliser nos souhaits. Le cristal de roche par sa puret\u00e9 nous rappel la perfection de la nature est de ce fait nous aide \u00e0 nous am\u00e9liorer tout au long de notre vie.<\/p>\n<p><em><strong>Tradition et Symbolisme :<\/strong><\/em><br \/>\nTradition : Noces de Cristal 15 ans , pierre des souhaits.<\/p>\n<p>&nbsp;<\/p>\n<p>&nbsp;<\/p>\n<div class=\"\" data-block=\"true\" data-editor=\"dcjl\" data-offset-key=\"51nl-0-0\">\n<div class=\"_1mf _1mj\" data-offset-key=\"51nl-0-0\">\n<p>&nbsp;<\/p>\n<\/div>\n<\/div>\n<div class=\"\" data-block=\"true\" data-editor=\"dcjl\" data-offset-key=\"1rjem-0-0\">\n<div class=\"_1mf _1mj\" data-offset-key=\"1rjem-0-0\"><span data-offset-key=\"1rjem-0-0\">\u00a0<\/span><\/div>\n<\/div>\n<div class=\"\" data-block=\"true\" data-editor=\"dcjl\" data-offset-key=\"774eq-0-0\"><\/div>\n<div class=\"\" data-block=\"true\" data-editor=\"dcjl\" data-offset-key=\"8drpg-0-0\">\n<div class=\"_1mf _1mj\" data-offset-key=\"8drpg-0-0\"><\/div>\n<\/div>\n<p>&nbsp;<\/p>\n","protected":false},"featured_media":4055,"comment_status":"open","ping_status":"closed","template":"","meta":{"_mo_disable_npp":"","om_disable_all_campaigns":false,"_monsterinsights_skip_tracking":false,"_monsterinsights_sitenote_active":false,"_monsterinsights_sitenote_note":"","_monsterinsights_sitenote_category":0,"_uf_show_specific_survey":0,"_uf_disable_surveys":false},"product_brand":[],"product_cat":[248,121,126],"product_tag":[304,249,131],"class_list":{"0":"post-4052","1":"product","2":"type-product","3":"status-publish","4":"has-post-thumbnail","6":"product_cat-collier-pierres-naturelles","7":"product_cat-femme","8":"product_cat-pierres-naturelles","9":"product_tag-collier","10":"product_tag-cristal-de-roche","11":"product_tag-pierre-naturelle","13":"first","14":"instock","15":"purchasable","16":"product-type-simple"},"aioseo_notices":[],"jetpack_sharing_enabled":true,"_links":{"self":[{"href":"https:\/\/unbrinderien.fr\/index.php?rest_route=\/wp\/v2\/product\/4052","targetHints":{"allow":["GET"]}}],"collection":[{"href":"https:\/\/unbrinderien.fr\/index.php?rest_route=\/wp\/v2\/product"}],"about":[{"href":"https:\/\/unbrinderien.fr\/index.php?rest_route=\/wp\/v2\/types\/product"}],"replies":[{"embeddable":true,"href":"https:\/\/unbrinderien.fr\/index.php?rest_route=%2Fwp%2Fv2%2Fcomments&post=4052"}],"version-history":[{"count":0,"href":"https:\/\/unbrinderien.fr\/index.php?rest_route=\/wp\/v2\/product\/4052\/revisions"}],"wp:featuredmedia":[{"embeddable":true,"href":"https:\/\/unbrinderien.fr\/index.php?rest_route=\/wp\/v2\/media\/4055"}],"wp:attachment":[{"href":"https:\/\/unbrinderien.fr\/index.php?rest_route=%2Fwp%2Fv2%2Fmedia&parent=4052"}],"wp:term":[{"taxonomy":"product_brand","embeddable":true,"href":"https:\/\/unbrinderien.fr\/index.php?rest_route=%2Fwp%2Fv2%2Fproduct_brand&post=4052"},{"taxonomy":"product_cat","embeddable":true,"href":"https:\/\/unbrinderien.fr\/index.php?rest_route=%2Fwp%2Fv2%2Fproduct_cat&post=4052"},{"taxonomy":"product_tag","embeddable":true,"href":"https:\/\/unbrinderien.fr\/index.php?rest_route=%2Fwp%2Fv2%2Fproduct_tag&post=4052"}],"curies":[{"name":"wp","href":"https:\/\/api.w.org\/{rel}","templated":true}]}}