{"id":4010,"date":"2020-06-23T11:33:55","date_gmt":"2020-06-23T09:33:55","guid":{"rendered":"https:\/\/unbrinderien.fr\/?post_type=product&#038;p=4010"},"modified":"2020-11-24T10:26:57","modified_gmt":"2020-11-24T09:26:57","slug":"boucles-doreille-ananas-dore-fait-main-2","status":"publish","type":"product","link":"https:\/\/unbrinderien.fr\/?product=boucles-doreille-ananas-dore-fait-main-2","title":{"rendered":"Boucles d&rsquo;oreille Ananas dor\u00e9 (fait main)"},"content":{"rendered":"","protected":false},"excerpt":{"rendered":"<p>Jolie paire de boucles d&rsquo;oreille fait main par cr\u00e9atrice, tout en laiton, compos\u00e9 de perles de rocaille ainsi qu&rsquo;une breloque ananas dor\u00e9. Ces boucles d&rsquo;oreille sont tr\u00e8s l\u00e9g\u00e8res \u00e0 porter.<\/p>\n<p>Dimensions: longueur 6,5 cm<\/p>\n<p>Ananas: 2 cm x 1 cm<\/p>\n<p>&nbsp;<\/p>\n<div class=\"\" data-block=\"true\" data-editor=\"dcjl\" data-offset-key=\"774eq-0-0\"><\/div>\n<div class=\"\" data-block=\"true\" data-editor=\"dcjl\" data-offset-key=\"8drpg-0-0\">\n<div class=\"_1mf _1mj\" data-offset-key=\"8drpg-0-0\"><\/div>\n<\/div>\n<p>&nbsp;<\/p>\n","protected":false},"featured_media":4011,"comment_status":"open","ping_status":"closed","template":"","meta":{"_mo_disable_npp":"","om_disable_all_campaigns":false,"_monsterinsights_skip_tracking":false,"_monsterinsights_sitenote_active":false,"_monsterinsights_sitenote_note":"","_monsterinsights_sitenote_category":0,"_uf_show_specific_survey":0,"_uf_disable_surveys":false},"product_brand":[],"product_cat":[179,182],"product_tag":[313,312,314,309],"class_list":{"0":"post-4010","1":"product","2":"type-product","3":"status-publish","4":"has-post-thumbnail","6":"product_cat-bijoux-creation","7":"product_cat-boucles-doreille-bijoux-creation","8":"product_tag-ananas","9":"product_tag-boucles-doreille","10":"product_tag-dore","11":"product_tag-femme","13":"first","14":"instock","15":"purchasable","16":"product-type-simple"},"aioseo_notices":[],"jetpack_sharing_enabled":true,"_links":{"self":[{"href":"https:\/\/unbrinderien.fr\/index.php?rest_route=\/wp\/v2\/product\/4010","targetHints":{"allow":["GET"]}}],"collection":[{"href":"https:\/\/unbrinderien.fr\/index.php?rest_route=\/wp\/v2\/product"}],"about":[{"href":"https:\/\/unbrinderien.fr\/index.php?rest_route=\/wp\/v2\/types\/product"}],"replies":[{"embeddable":true,"href":"https:\/\/unbrinderien.fr\/index.php?rest_route=%2Fwp%2Fv2%2Fcomments&post=4010"}],"version-history":[{"count":0,"href":"https:\/\/unbrinderien.fr\/index.php?rest_route=\/wp\/v2\/product\/4010\/revisions"}],"wp:featuredmedia":[{"embeddable":true,"href":"https:\/\/unbrinderien.fr\/index.php?rest_route=\/wp\/v2\/media\/4011"}],"wp:attachment":[{"href":"https:\/\/unbrinderien.fr\/index.php?rest_route=%2Fwp%2Fv2%2Fmedia&parent=4010"}],"wp:term":[{"taxonomy":"product_brand","embeddable":true,"href":"https:\/\/unbrinderien.fr\/index.php?rest_route=%2Fwp%2Fv2%2Fproduct_brand&post=4010"},{"taxonomy":"product_cat","embeddable":true,"href":"https:\/\/unbrinderien.fr\/index.php?rest_route=%2Fwp%2Fv2%2Fproduct_cat&post=4010"},{"taxonomy":"product_tag","embeddable":true,"href":"https:\/\/unbrinderien.fr\/index.php?rest_route=%2Fwp%2Fv2%2Fproduct_tag&post=4010"}],"curies":[{"name":"wp","href":"https:\/\/api.w.org\/{rel}","templated":true}]}}