{"id":3964,"date":"2020-06-22T16:44:33","date_gmt":"2020-06-22T14:44:33","guid":{"rendered":"https:\/\/unbrinderien.fr\/?post_type=product&#038;p=3964"},"modified":"2021-02-17T00:05:06","modified_gmt":"2021-02-16T23:05:06","slug":"collier-pendentif-nacre-naturelle-12","status":"publish","type":"product","link":"https:\/\/unbrinderien.fr\/?product=collier-pendentif-nacre-naturelle-12","title":{"rendered":"Collier pendentif nacre naturelle"},"content":{"rendered":"","protected":false},"excerpt":{"rendered":"<p>Joli petit collier en nacre naturelle, r\u00e9glable, pouvant se porter en diff\u00e9rentes tailles gr\u00e2ce \u00e0 sa petite cha\u00eenette.<\/p>\n<p>&nbsp;<\/p>\n<div class=\"\" data-block=\"true\" data-editor=\"dcjl\" data-offset-key=\"774eq-0-0\"><\/div>\n<div class=\"\" data-block=\"true\" data-editor=\"dcjl\" data-offset-key=\"8drpg-0-0\">\n<div class=\"_1mf _1mj\" data-offset-key=\"8drpg-0-0\"><\/div>\n<\/div>\n<p>&nbsp;<\/p>\n","protected":false},"featured_media":3967,"comment_status":"open","ping_status":"closed","template":"","meta":{"_mo_disable_npp":"","om_disable_all_campaigns":false,"_monsterinsights_skip_tracking":false,"_monsterinsights_sitenote_active":false,"_monsterinsights_sitenote_note":"","_monsterinsights_sitenote_category":0,"_uf_show_specific_survey":0,"_uf_disable_surveys":false},"product_brand":[],"product_cat":[170,121],"product_tag":[304,309,311],"class_list":{"0":"post-3964","1":"product","2":"type-product","3":"status-publish","4":"has-post-thumbnail","6":"product_cat-collier","7":"product_cat-femme","8":"product_tag-collier","9":"product_tag-femme","10":"product_tag-nacre","12":"first","13":"instock","14":"purchasable","15":"product-type-simple"},"aioseo_notices":[],"jetpack_sharing_enabled":true,"_links":{"self":[{"href":"https:\/\/unbrinderien.fr\/index.php?rest_route=\/wp\/v2\/product\/3964","targetHints":{"allow":["GET"]}}],"collection":[{"href":"https:\/\/unbrinderien.fr\/index.php?rest_route=\/wp\/v2\/product"}],"about":[{"href":"https:\/\/unbrinderien.fr\/index.php?rest_route=\/wp\/v2\/types\/product"}],"replies":[{"embeddable":true,"href":"https:\/\/unbrinderien.fr\/index.php?rest_route=%2Fwp%2Fv2%2Fcomments&post=3964"}],"version-history":[{"count":0,"href":"https:\/\/unbrinderien.fr\/index.php?rest_route=\/wp\/v2\/product\/3964\/revisions"}],"wp:featuredmedia":[{"embeddable":true,"href":"https:\/\/unbrinderien.fr\/index.php?rest_route=\/wp\/v2\/media\/3967"}],"wp:attachment":[{"href":"https:\/\/unbrinderien.fr\/index.php?rest_route=%2Fwp%2Fv2%2Fmedia&parent=3964"}],"wp:term":[{"taxonomy":"product_brand","embeddable":true,"href":"https:\/\/unbrinderien.fr\/index.php?rest_route=%2Fwp%2Fv2%2Fproduct_brand&post=3964"},{"taxonomy":"product_cat","embeddable":true,"href":"https:\/\/unbrinderien.fr\/index.php?rest_route=%2Fwp%2Fv2%2Fproduct_cat&post=3964"},{"taxonomy":"product_tag","embeddable":true,"href":"https:\/\/unbrinderien.fr\/index.php?rest_route=%2Fwp%2Fv2%2Fproduct_tag&post=3964"}],"curies":[{"name":"wp","href":"https:\/\/api.w.org\/{rel}","templated":true}]}}