{"id":3888,"date":"2020-06-19T21:40:35","date_gmt":"2020-06-19T19:40:35","guid":{"rendered":"https:\/\/unbrinderien.fr\/?post_type=product&#038;p=3888"},"modified":"2021-02-17T00:05:07","modified_gmt":"2021-02-16T23:05:07","slug":"collier-coeur-en-pierre-naturelle-oeil-de-tigre","status":"publish","type":"product","link":"https:\/\/unbrinderien.fr\/?product=collier-coeur-en-pierre-naturelle-oeil-de-tigre","title":{"rendered":"Collier C\u0153ur en pierre naturelle \u0152il de tigre"},"content":{"rendered":"","protected":false},"excerpt":{"rendered":"<p>pierres forme c\u0153ur<\/p>\n<p>Collier r\u00e9glable<\/p>\n<p>Chaque pierre est unique en sa couleur, la couleur peut donc l\u00e9g\u00e8rement \u00eatre diff\u00e9rente de la photo.<\/p>\n<h3 class=\"fusion-responsive-typography-calculated\" data-fontsize=\"24\" data-lineheight=\"28.8px\"><strong><em>Vertus De L\u2019Oeil De Tigre :<\/em><\/strong><\/h3>\n<p>D\u2019une part, l\u2019 Oeil de Tigre est un min\u00e9ral, \u00e0 la luminosit\u00e9 \u00e9tincelante. Il doit cela \u00e0 sa r\u00e9flexion de la lumi\u00e8re gr\u00e2ce \u00e0 sa structure fibreuse, d\u2019autre part, en lithoth\u00e9rapie, l\u2019Oeil de Tigre est consid\u00e9r\u00e9 comme un miroir. Par ce fait il renvoie les \u00e9nergies n\u00e9gatives vers leur \u00e9metteur. C\u2019est a dire que cette pierre agit comme un bouclier. En outre cette pierre nous prot\u00e8ge de la m\u00e9chancet\u00e9, de la jalousie et \u00e9galement de la malveillance d\u2019autrui. Ce min\u00e9ral dit de protection convient d\u2019\u00eatre port\u00e9e sur soi ou plac\u00e9e \u00e0 l\u2019entr\u00e9e de sa maison.<br \/>\nPar ailleurs l\u2019Oeil de Tigre fait aussi partie des min\u00e9raux qui favorise l\u2019\u00e9nergie, stimule le dynamisme et \u00e9galement le courage.<\/p>\n<h3 class=\"fusion-responsive-typography-calculated\" data-fontsize=\"24\" data-lineheight=\"28.8px\"><em><strong>Tradition et Symbolisme :<\/strong><\/em><\/h3>\n<p>Tradition : Prot\u00e8ge de toutes les fortes \u00e9nergies n\u00e9gatives.<\/p>\n<p>&nbsp;<\/p>\n<p>&nbsp;<\/p>\n<div class=\"\" data-block=\"true\" data-editor=\"dcjl\" data-offset-key=\"51nl-0-0\">\n<div class=\"_1mf _1mj\" data-offset-key=\"51nl-0-0\">\n<p>&nbsp;<\/p>\n<\/div>\n<\/div>\n<div class=\"\" data-block=\"true\" data-editor=\"dcjl\" data-offset-key=\"1rjem-0-0\">\n<div class=\"_1mf _1mj\" data-offset-key=\"1rjem-0-0\"><span data-offset-key=\"1rjem-0-0\">\u00a0<\/span><\/div>\n<\/div>\n<div class=\"\" data-block=\"true\" data-editor=\"dcjl\" data-offset-key=\"774eq-0-0\"><\/div>\n<div class=\"\" data-block=\"true\" data-editor=\"dcjl\" data-offset-key=\"8drpg-0-0\">\n<div class=\"_1mf _1mj\" data-offset-key=\"8drpg-0-0\"><\/div>\n<\/div>\n<p>&nbsp;<\/p>\n","protected":false},"featured_media":3893,"comment_status":"open","ping_status":"closed","template":"","meta":{"_mo_disable_npp":"","om_disable_all_campaigns":false,"_monsterinsights_skip_tracking":false,"_monsterinsights_sitenote_active":false,"_monsterinsights_sitenote_note":"","_monsterinsights_sitenote_category":0,"_uf_show_specific_survey":0,"_uf_disable_surveys":false},"product_brand":[],"product_cat":[248,121,126],"product_tag":[213,304,131],"class_list":{"0":"post-3888","1":"product","2":"type-product","3":"status-publish","4":"has-post-thumbnail","6":"product_cat-collier-pierres-naturelles","7":"product_cat-femme","8":"product_cat-pierres-naturelles","9":"product_tag-amethyste","10":"product_tag-collier","11":"product_tag-pierre-naturelle","13":"first","14":"instock","15":"purchasable","16":"product-type-simple"},"aioseo_notices":[],"yoast_head":"<!-- This site is optimized with the Yoast SEO plugin v27.3 - https:\/\/yoast.com\/product\/yoast-seo-wordpress\/ -->\n<title>Collier C\u0153ur en pierre naturelle \u0152il de tigre - UNBRINDERIEN<\/title>\n<meta name=\"description\" content=\"Collier coeur en pierre naturelle oeil de tigre r\u00e9glable en taille grace \u00e0 ses noeuds coulissants pierre aux bienfaits pour l&#039;organisme\" \/>\n<meta name=\"robots\" content=\"index, follow, max-snippet:-1, max-image-preview:large, max-video-preview:-1\" \/>\n<link rel=\"canonical\" href=\"https:\/\/unbrinderien.fr\/?product=collier-coeur-en-pierre-naturelle-oeil-de-tigre\" \/>\n<meta property=\"og:locale\" content=\"fr_FR\" \/>\n<meta property=\"og:type\" content=\"article\" \/>\n<meta property=\"og:title\" content=\"Collier C\u0153ur en pierre naturelle \u0152il de tigre - UNBRINDERIEN\" \/>\n<meta property=\"og:description\" content=\"Collier coeur en pierre naturelle oeil de tigre r\u00e9glable en taille grace \u00e0 ses noeuds coulissants pierre aux bienfaits pour l&#039;organisme\" \/>\n<meta property=\"og:url\" content=\"https:\/\/unbrinderien.fr\/?product=collier-coeur-en-pierre-naturelle-oeil-de-tigre\" \/>\n<meta property=\"og:site_name\" content=\"UNBRINDERIEN\" \/>\n<meta property=\"article:publisher\" content=\"https:\/\/www.facebook.com\/unbrinderien.celinenoisette\/\" \/>\n<meta property=\"article:modified_time\" content=\"2021-02-16T23:05:07+00:00\" \/>\n<meta property=\"og:image\" content=\"https:\/\/i1.wp.com\/unbrinderien.fr\/wp-content\/uploads\/2020\/06\/Ref.PCA9_..-Collier-Coeur-Oeil-de-tigre-scaled.jpg?fit=1920%2C2560&ssl=1\" \/>\n\t<meta property=\"og:image:width\" content=\"1920\" \/>\n\t<meta property=\"og:image:height\" content=\"2560\" \/>\n\t<meta property=\"og:image:type\" content=\"image\/jpeg\" \/>\n<meta name=\"twitter:card\" content=\"summary_large_image\" \/>\n<meta name=\"twitter:site\" content=\"@Unbrinderien01\" \/>\n<script type=\"application\/ld+json\" class=\"yoast-schema-graph\">{\"@context\":\"https:\\\/\\\/schema.org\",\"@graph\":[{\"@type\":\"WebPage\",\"@id\":\"https:\\\/\\\/unbrinderien.fr\\\/?product=collier-coeur-en-pierre-naturelle-oeil-de-tigre\",\"url\":\"https:\\\/\\\/unbrinderien.fr\\\/?product=collier-coeur-en-pierre-naturelle-oeil-de-tigre\",\"name\":\"Collier C\u0153ur en pierre naturelle \u0152il de tigre - UNBRINDERIEN\",\"isPartOf\":{\"@id\":\"https:\\\/\\\/unbrinderien.fr\\\/#website\"},\"primaryImageOfPage\":{\"@id\":\"https:\\\/\\\/unbrinderien.fr\\\/?product=collier-coeur-en-pierre-naturelle-oeil-de-tigre#primaryimage\"},\"image\":{\"@id\":\"https:\\\/\\\/unbrinderien.fr\\\/?product=collier-coeur-en-pierre-naturelle-oeil-de-tigre#primaryimage\"},\"thumbnailUrl\":\"https:\\\/\\\/unbrinderien.fr\\\/wp-content\\\/uploads\\\/2020\\\/06\\\/Ref.PCA9_..-Collier-Coeur-Oeil-de-tigre-scaled.jpg\",\"datePublished\":\"2020-06-19T19:40:35+00:00\",\"dateModified\":\"2021-02-16T23:05:07+00:00\",\"description\":\"Collier coeur en pierre naturelle oeil de tigre r\u00e9glable en taille grace \u00e0 ses noeuds coulissants pierre aux bienfaits pour l'organisme\",\"breadcrumb\":{\"@id\":\"https:\\\/\\\/unbrinderien.fr\\\/?product=collier-coeur-en-pierre-naturelle-oeil-de-tigre#breadcrumb\"},\"inLanguage\":\"fr-FR\",\"potentialAction\":[{\"@type\":\"ReadAction\",\"target\":[\"https:\\\/\\\/unbrinderien.fr\\\/?product=collier-coeur-en-pierre-naturelle-oeil-de-tigre\"]}]},{\"@type\":\"ImageObject\",\"inLanguage\":\"fr-FR\",\"@id\":\"https:\\\/\\\/unbrinderien.fr\\\/?product=collier-coeur-en-pierre-naturelle-oeil-de-tigre#primaryimage\",\"url\":\"https:\\\/\\\/unbrinderien.fr\\\/wp-content\\\/uploads\\\/2020\\\/06\\\/Ref.PCA9_..-Collier-Coeur-Oeil-de-tigre-scaled.jpg\",\"contentUrl\":\"https:\\\/\\\/unbrinderien.fr\\\/wp-content\\\/uploads\\\/2020\\\/06\\\/Ref.PCA9_..-Collier-Coeur-Oeil-de-tigre-scaled.jpg\",\"width\":1920,\"height\":2560},{\"@type\":\"BreadcrumbList\",\"@id\":\"https:\\\/\\\/unbrinderien.fr\\\/?product=collier-coeur-en-pierre-naturelle-oeil-de-tigre#breadcrumb\",\"itemListElement\":[{\"@type\":\"ListItem\",\"position\":1,\"name\":\"Accueil\",\"item\":\"https:\\\/\\\/unbrinderien.fr\\\/\"},{\"@type\":\"ListItem\",\"position\":2,\"name\":\"Boutique\",\"item\":\"https:\\\/\\\/unbrinderien.fr\\\/?page_id=3298\"},{\"@type\":\"ListItem\",\"position\":3,\"name\":\"Collier C\u0153ur en pierre naturelle \u0152il de tigre\"}]},{\"@type\":\"WebSite\",\"@id\":\"https:\\\/\\\/unbrinderien.fr\\\/#website\",\"url\":\"https:\\\/\\\/unbrinderien.fr\\\/\",\"name\":\"UNBRINDERIEN\",\"description\":\"Le site qui vous va bien ...\",\"publisher\":{\"@id\":\"https:\\\/\\\/unbrinderien.fr\\\/#organization\"},\"potentialAction\":[{\"@type\":\"SearchAction\",\"target\":{\"@type\":\"EntryPoint\",\"urlTemplate\":\"https:\\\/\\\/unbrinderien.fr\\\/?s={search_term_string}\"},\"query-input\":{\"@type\":\"PropertyValueSpecification\",\"valueRequired\":true,\"valueName\":\"search_term_string\"}}],\"inLanguage\":\"fr-FR\"},{\"@type\":\"Organization\",\"@id\":\"https:\\\/\\\/unbrinderien.fr\\\/#organization\",\"name\":\"Unbrinderien\",\"url\":\"https:\\\/\\\/unbrinderien.fr\\\/\",\"logo\":{\"@type\":\"ImageObject\",\"inLanguage\":\"fr-FR\",\"@id\":\"https:\\\/\\\/unbrinderien.fr\\\/#\\\/schema\\\/logo\\\/image\\\/\",\"url\":\"https:\\\/\\\/i2.wp.com\\\/unbrinderien.fr\\\/wp-content\\\/uploads\\\/2020\\\/05\\\/Logo-2020Taille-originale-Since-2012-v2-valide.png?fit=456%2C457&ssl=1\",\"contentUrl\":\"https:\\\/\\\/i2.wp.com\\\/unbrinderien.fr\\\/wp-content\\\/uploads\\\/2020\\\/05\\\/Logo-2020Taille-originale-Since-2012-v2-valide.png?fit=456%2C457&ssl=1\",\"width\":456,\"height\":457,\"caption\":\"Unbrinderien\"},\"image\":{\"@id\":\"https:\\\/\\\/unbrinderien.fr\\\/#\\\/schema\\\/logo\\\/image\\\/\"},\"sameAs\":[\"https:\\\/\\\/www.facebook.com\\\/unbrinderien.celinenoisette\\\/\",\"https:\\\/\\\/x.com\\\/Unbrinderien01\",\"https:\\\/\\\/instagram.com\\\/unbrinderien?igshid=Itlgnkslaq489\"]}]}<\/script>\n<!-- \/ Yoast SEO plugin. -->","yoast_head_json":{"title":"Collier C\u0153ur en pierre naturelle \u0152il de tigre - UNBRINDERIEN","description":"Collier coeur en pierre naturelle oeil de tigre r\u00e9glable en taille grace \u00e0 ses noeuds coulissants pierre aux bienfaits pour l'organisme","robots":{"index":"index","follow":"follow","max-snippet":"max-snippet:-1","max-image-preview":"max-image-preview:large","max-video-preview":"max-video-preview:-1"},"canonical":"https:\/\/unbrinderien.fr\/?product=collier-coeur-en-pierre-naturelle-oeil-de-tigre","og_locale":"fr_FR","og_type":"article","og_title":"Collier C\u0153ur en pierre naturelle \u0152il de tigre - UNBRINDERIEN","og_description":"Collier coeur en pierre naturelle oeil de tigre r\u00e9glable en taille grace \u00e0 ses noeuds coulissants pierre aux bienfaits pour l'organisme","og_url":"https:\/\/unbrinderien.fr\/?product=collier-coeur-en-pierre-naturelle-oeil-de-tigre","og_site_name":"UNBRINDERIEN","article_publisher":"https:\/\/www.facebook.com\/unbrinderien.celinenoisette\/","article_modified_time":"2021-02-16T23:05:07+00:00","og_image":[{"width":1920,"height":2560,"url":"https:\/\/i1.wp.com\/unbrinderien.fr\/wp-content\/uploads\/2020\/06\/Ref.PCA9_..-Collier-Coeur-Oeil-de-tigre-scaled.jpg?fit=1920%2C2560&ssl=1","type":"image\/jpeg"}],"twitter_card":"summary_large_image","twitter_site":"@Unbrinderien01","schema":{"@context":"https:\/\/schema.org","@graph":[{"@type":"WebPage","@id":"https:\/\/unbrinderien.fr\/?product=collier-coeur-en-pierre-naturelle-oeil-de-tigre","url":"https:\/\/unbrinderien.fr\/?product=collier-coeur-en-pierre-naturelle-oeil-de-tigre","name":"Collier C\u0153ur en pierre naturelle \u0152il de tigre - UNBRINDERIEN","isPartOf":{"@id":"https:\/\/unbrinderien.fr\/#website"},"primaryImageOfPage":{"@id":"https:\/\/unbrinderien.fr\/?product=collier-coeur-en-pierre-naturelle-oeil-de-tigre#primaryimage"},"image":{"@id":"https:\/\/unbrinderien.fr\/?product=collier-coeur-en-pierre-naturelle-oeil-de-tigre#primaryimage"},"thumbnailUrl":"https:\/\/unbrinderien.fr\/wp-content\/uploads\/2020\/06\/Ref.PCA9_..-Collier-Coeur-Oeil-de-tigre-scaled.jpg","datePublished":"2020-06-19T19:40:35+00:00","dateModified":"2021-02-16T23:05:07+00:00","description":"Collier coeur en pierre naturelle oeil de tigre r\u00e9glable en taille grace \u00e0 ses noeuds coulissants pierre aux bienfaits pour l'organisme","breadcrumb":{"@id":"https:\/\/unbrinderien.fr\/?product=collier-coeur-en-pierre-naturelle-oeil-de-tigre#breadcrumb"},"inLanguage":"fr-FR","potentialAction":[{"@type":"ReadAction","target":["https:\/\/unbrinderien.fr\/?product=collier-coeur-en-pierre-naturelle-oeil-de-tigre"]}]},{"@type":"ImageObject","inLanguage":"fr-FR","@id":"https:\/\/unbrinderien.fr\/?product=collier-coeur-en-pierre-naturelle-oeil-de-tigre#primaryimage","url":"https:\/\/unbrinderien.fr\/wp-content\/uploads\/2020\/06\/Ref.PCA9_..-Collier-Coeur-Oeil-de-tigre-scaled.jpg","contentUrl":"https:\/\/unbrinderien.fr\/wp-content\/uploads\/2020\/06\/Ref.PCA9_..-Collier-Coeur-Oeil-de-tigre-scaled.jpg","width":1920,"height":2560},{"@type":"BreadcrumbList","@id":"https:\/\/unbrinderien.fr\/?product=collier-coeur-en-pierre-naturelle-oeil-de-tigre#breadcrumb","itemListElement":[{"@type":"ListItem","position":1,"name":"Accueil","item":"https:\/\/unbrinderien.fr\/"},{"@type":"ListItem","position":2,"name":"Boutique","item":"https:\/\/unbrinderien.fr\/?page_id=3298"},{"@type":"ListItem","position":3,"name":"Collier C\u0153ur en pierre naturelle \u0152il de tigre"}]},{"@type":"WebSite","@id":"https:\/\/unbrinderien.fr\/#website","url":"https:\/\/unbrinderien.fr\/","name":"UNBRINDERIEN","description":"Le site qui vous va bien ...","publisher":{"@id":"https:\/\/unbrinderien.fr\/#organization"},"potentialAction":[{"@type":"SearchAction","target":{"@type":"EntryPoint","urlTemplate":"https:\/\/unbrinderien.fr\/?s={search_term_string}"},"query-input":{"@type":"PropertyValueSpecification","valueRequired":true,"valueName":"search_term_string"}}],"inLanguage":"fr-FR"},{"@type":"Organization","@id":"https:\/\/unbrinderien.fr\/#organization","name":"Unbrinderien","url":"https:\/\/unbrinderien.fr\/","logo":{"@type":"ImageObject","inLanguage":"fr-FR","@id":"https:\/\/unbrinderien.fr\/#\/schema\/logo\/image\/","url":"https:\/\/i2.wp.com\/unbrinderien.fr\/wp-content\/uploads\/2020\/05\/Logo-2020Taille-originale-Since-2012-v2-valide.png?fit=456%2C457&ssl=1","contentUrl":"https:\/\/i2.wp.com\/unbrinderien.fr\/wp-content\/uploads\/2020\/05\/Logo-2020Taille-originale-Since-2012-v2-valide.png?fit=456%2C457&ssl=1","width":456,"height":457,"caption":"Unbrinderien"},"image":{"@id":"https:\/\/unbrinderien.fr\/#\/schema\/logo\/image\/"},"sameAs":["https:\/\/www.facebook.com\/unbrinderien.celinenoisette\/","https:\/\/x.com\/Unbrinderien01","https:\/\/instagram.com\/unbrinderien?igshid=Itlgnkslaq489"]}]}},"jetpack_sharing_enabled":true,"_links":{"self":[{"href":"https:\/\/unbrinderien.fr\/index.php?rest_route=\/wp\/v2\/product\/3888","targetHints":{"allow":["GET"]}}],"collection":[{"href":"https:\/\/unbrinderien.fr\/index.php?rest_route=\/wp\/v2\/product"}],"about":[{"href":"https:\/\/unbrinderien.fr\/index.php?rest_route=\/wp\/v2\/types\/product"}],"replies":[{"embeddable":true,"href":"https:\/\/unbrinderien.fr\/index.php?rest_route=%2Fwp%2Fv2%2Fcomments&post=3888"}],"version-history":[{"count":0,"href":"https:\/\/unbrinderien.fr\/index.php?rest_route=\/wp\/v2\/product\/3888\/revisions"}],"wp:featuredmedia":[{"embeddable":true,"href":"https:\/\/unbrinderien.fr\/index.php?rest_route=\/wp\/v2\/media\/3893"}],"wp:attachment":[{"href":"https:\/\/unbrinderien.fr\/index.php?rest_route=%2Fwp%2Fv2%2Fmedia&parent=3888"}],"wp:term":[{"taxonomy":"product_brand","embeddable":true,"href":"https:\/\/unbrinderien.fr\/index.php?rest_route=%2Fwp%2Fv2%2Fproduct_brand&post=3888"},{"taxonomy":"product_cat","embeddable":true,"href":"https:\/\/unbrinderien.fr\/index.php?rest_route=%2Fwp%2Fv2%2Fproduct_cat&post=3888"},{"taxonomy":"product_tag","embeddable":true,"href":"https:\/\/unbrinderien.fr\/index.php?rest_route=%2Fwp%2Fv2%2Fproduct_tag&post=3888"}],"curies":[{"name":"wp","href":"https:\/\/api.w.org\/{rel}","templated":true}]}}