{"id":3684,"date":"2020-06-18T20:14:20","date_gmt":"2020-06-18T18:14:20","guid":{"rendered":"https:\/\/unbrinderien.fr\/?post_type=product&#038;p=3684"},"modified":"2021-02-17T00:05:09","modified_gmt":"2021-02-16T23:05:09","slug":"bracelet-en-pierres-naturelles-baroques-turquoise-naturelle-dafrique","status":"publish","type":"product","link":"https:\/\/unbrinderien.fr\/?product=bracelet-en-pierres-naturelles-baroques-turquoise-naturelle-dafrique","title":{"rendered":"Bracelet en pierres baroques Turquoise d&rsquo;Afrique"},"content":{"rendered":"","protected":false},"excerpt":{"rendered":"<p>Dimensions tour de poignet: 16 \u00e0 18 cm<\/p>\n<p>Bracelet \u00e9lastique, pierres baroques<\/p>\n<p>Chaque pierre est unique en sa couleur, la couleur peut donc l\u00e9g\u00e8rement \u00eatre diff\u00e9rente de la photo.<\/p>\n<h3 class=\"fusion-responsive-typography-calculated\" data-fontsize=\"19.5\" data-lineheight=\"35.1px\"><strong><em>Vertus De La Turquoise Naturelle :<\/em><\/strong><\/h3>\n<p>Premi\u00e8rement, la Turquoise Naturelle, cette magnifique pierre \u00e9tait celle des guerriers ainsi que des voyageurs. C\u2019est pourquoi on lui attribue des qualit\u00e9s protectrices, d\u2019autre part elle \u00e9tait sens\u00e9e donner aux guerriers indiens, un grand \u00e9quilibre sur le plan physique et psychique (confiance en soi). Par ce fait elle est parfaite pour pour les voyages et aventures. De plus, la Turquoise est \u00e9galement une parfaite pierre de purification du corps et de l\u2019esprit. \u00c9galement, cette pierre fait partie des min\u00e9raux qui apaisent et permettent de calmer sa col\u00e8re en m\u00eame temps qu\u2019elle r\u00e9conforte en amiti\u00e9.<\/p>\n<h3 class=\"fusion-responsive-typography-calculated\" data-fontsize=\"19.5\" data-lineheight=\"35.1px\"><strong><em>Tradition et Symbolisme :<\/em><\/strong><\/h3>\n<p>Tradition : Noce de Turquoise 18 ans de mariage.<\/p>\n<div class=\"\" data-block=\"true\" data-editor=\"dcjl\" data-offset-key=\"51nl-0-0\">\n<div class=\"_1mf _1mj\" data-offset-key=\"51nl-0-0\">\n<p>&nbsp;<\/p>\n<\/div>\n<\/div>\n<div class=\"\" data-block=\"true\" data-editor=\"dcjl\" data-offset-key=\"1rjem-0-0\">\n<div class=\"_1mf _1mj\" data-offset-key=\"1rjem-0-0\"><span data-offset-key=\"1rjem-0-0\">\u00a0<\/span><\/div>\n<\/div>\n<div class=\"\" data-block=\"true\" data-editor=\"dcjl\" data-offset-key=\"774eq-0-0\"><\/div>\n<div class=\"\" data-block=\"true\" data-editor=\"dcjl\" data-offset-key=\"8drpg-0-0\">\n<div class=\"_1mf _1mj\" data-offset-key=\"8drpg-0-0\"><\/div>\n<\/div>\n<p>&nbsp;<\/p>\n","protected":false},"featured_media":3685,"comment_status":"open","ping_status":"closed","template":"","meta":{"_mo_disable_npp":"","om_disable_all_campaigns":false,"_monsterinsights_skip_tracking":false,"_monsterinsights_sitenote_active":false,"_monsterinsights_sitenote_note":"","_monsterinsights_sitenote_category":0,"_uf_show_specific_survey":0,"_uf_disable_surveys":false},"product_brand":[],"product_cat":[247,121,126],"product_tag":[163,251,131,243,192],"class_list":{"0":"post-3684","1":"product","2":"type-product","3":"status-publish","4":"has-post-thumbnail","6":"product_cat-bracelet-pierres-naturelles","7":"product_cat-femme","8":"product_cat-pierres-naturelles","9":"product_tag-bracelet","10":"product_tag-naturelle","11":"product_tag-pierre-naturelle","12":"product_tag-pierres-baroques","13":"product_tag-turquoise-dafrique","15":"first","16":"instock","17":"purchasable","18":"product-type-simple"},"aioseo_notices":[],"yoast_head":"<!-- This site is optimized with the Yoast SEO plugin v27.3 - https:\/\/yoast.com\/product\/yoast-seo-wordpress\/ -->\n<title>Bracelet en pierres baroques Turquoise d&#039;Afrique - UNBRINDERIEN<\/title>\n<meta name=\"description\" content=\"Joli bracelet pour femme en pierres naturelles baroques turquoise d&#039;Afrique mont\u00e9 sur \u00e9lastique,taille de 16 \u00e0 18 cm, id\u00e9ale pour l&#039;\u00e9t\u00e9\" \/>\n<meta name=\"robots\" content=\"index, follow, max-snippet:-1, max-image-preview:large, max-video-preview:-1\" \/>\n<link rel=\"canonical\" href=\"https:\/\/unbrinderien.fr\/?product=bracelet-en-pierres-naturelles-baroques-turquoise-naturelle-dafrique\" \/>\n<meta property=\"og:locale\" content=\"fr_FR\" \/>\n<meta property=\"og:type\" content=\"article\" \/>\n<meta property=\"og:title\" content=\"Bracelet en pierres baroques Turquoise d&#039;Afrique - UNBRINDERIEN\" \/>\n<meta property=\"og:description\" content=\"Joli bracelet pour femme en pierres naturelles baroques turquoise d&#039;Afrique mont\u00e9 sur \u00e9lastique,taille de 16 \u00e0 18 cm, id\u00e9ale pour l&#039;\u00e9t\u00e9\" \/>\n<meta property=\"og:url\" content=\"https:\/\/unbrinderien.fr\/?product=bracelet-en-pierres-naturelles-baroques-turquoise-naturelle-dafrique\" \/>\n<meta property=\"og:site_name\" content=\"UNBRINDERIEN\" \/>\n<meta property=\"article:publisher\" content=\"https:\/\/www.facebook.com\/unbrinderien.celinenoisette\/\" \/>\n<meta property=\"article:modified_time\" content=\"2021-02-16T23:05:09+00:00\" \/>\n<meta property=\"og:image\" content=\"https:\/\/i1.wp.com\/unbrinderien.fr\/wp-content\/uploads\/2020\/06\/Ref.AM23-bracelet_baroque_turquoise_afrique_ab-500x500-1.jpg?fit=500%2C500&ssl=1\" \/>\n\t<meta property=\"og:image:width\" content=\"500\" \/>\n\t<meta property=\"og:image:height\" content=\"500\" \/>\n\t<meta property=\"og:image:type\" content=\"image\/jpeg\" \/>\n<meta name=\"twitter:card\" content=\"summary_large_image\" \/>\n<meta name=\"twitter:site\" content=\"@Unbrinderien01\" \/>\n<script type=\"application\/ld+json\" class=\"yoast-schema-graph\">{\"@context\":\"https:\\\/\\\/schema.org\",\"@graph\":[{\"@type\":\"WebPage\",\"@id\":\"https:\\\/\\\/unbrinderien.fr\\\/?product=bracelet-en-pierres-naturelles-baroques-turquoise-naturelle-dafrique\",\"url\":\"https:\\\/\\\/unbrinderien.fr\\\/?product=bracelet-en-pierres-naturelles-baroques-turquoise-naturelle-dafrique\",\"name\":\"Bracelet en pierres baroques Turquoise d'Afrique - UNBRINDERIEN\",\"isPartOf\":{\"@id\":\"https:\\\/\\\/unbrinderien.fr\\\/#website\"},\"primaryImageOfPage\":{\"@id\":\"https:\\\/\\\/unbrinderien.fr\\\/?product=bracelet-en-pierres-naturelles-baroques-turquoise-naturelle-dafrique#primaryimage\"},\"image\":{\"@id\":\"https:\\\/\\\/unbrinderien.fr\\\/?product=bracelet-en-pierres-naturelles-baroques-turquoise-naturelle-dafrique#primaryimage\"},\"thumbnailUrl\":\"https:\\\/\\\/unbrinderien.fr\\\/wp-content\\\/uploads\\\/2020\\\/06\\\/Ref.AM23-bracelet_baroque_turquoise_afrique_ab-500x500-1.jpg\",\"datePublished\":\"2020-06-18T18:14:20+00:00\",\"dateModified\":\"2021-02-16T23:05:09+00:00\",\"description\":\"Joli bracelet pour femme en pierres naturelles baroques turquoise d'Afrique mont\u00e9 sur \u00e9lastique,taille de 16 \u00e0 18 cm, id\u00e9ale pour l'\u00e9t\u00e9\",\"breadcrumb\":{\"@id\":\"https:\\\/\\\/unbrinderien.fr\\\/?product=bracelet-en-pierres-naturelles-baroques-turquoise-naturelle-dafrique#breadcrumb\"},\"inLanguage\":\"fr-FR\",\"potentialAction\":[{\"@type\":\"ReadAction\",\"target\":[\"https:\\\/\\\/unbrinderien.fr\\\/?product=bracelet-en-pierres-naturelles-baroques-turquoise-naturelle-dafrique\"]}]},{\"@type\":\"ImageObject\",\"inLanguage\":\"fr-FR\",\"@id\":\"https:\\\/\\\/unbrinderien.fr\\\/?product=bracelet-en-pierres-naturelles-baroques-turquoise-naturelle-dafrique#primaryimage\",\"url\":\"https:\\\/\\\/unbrinderien.fr\\\/wp-content\\\/uploads\\\/2020\\\/06\\\/Ref.AM23-bracelet_baroque_turquoise_afrique_ab-500x500-1.jpg\",\"contentUrl\":\"https:\\\/\\\/unbrinderien.fr\\\/wp-content\\\/uploads\\\/2020\\\/06\\\/Ref.AM23-bracelet_baroque_turquoise_afrique_ab-500x500-1.jpg\",\"width\":500,\"height\":500},{\"@type\":\"BreadcrumbList\",\"@id\":\"https:\\\/\\\/unbrinderien.fr\\\/?product=bracelet-en-pierres-naturelles-baroques-turquoise-naturelle-dafrique#breadcrumb\",\"itemListElement\":[{\"@type\":\"ListItem\",\"position\":1,\"name\":\"Accueil\",\"item\":\"https:\\\/\\\/unbrinderien.fr\\\/\"},{\"@type\":\"ListItem\",\"position\":2,\"name\":\"Boutique\",\"item\":\"https:\\\/\\\/unbrinderien.fr\\\/?page_id=3298\"},{\"@type\":\"ListItem\",\"position\":3,\"name\":\"Bracelet en pierres baroques Turquoise d&#8217;Afrique\"}]},{\"@type\":\"WebSite\",\"@id\":\"https:\\\/\\\/unbrinderien.fr\\\/#website\",\"url\":\"https:\\\/\\\/unbrinderien.fr\\\/\",\"name\":\"UNBRINDERIEN\",\"description\":\"Le site qui vous va bien ...\",\"publisher\":{\"@id\":\"https:\\\/\\\/unbrinderien.fr\\\/#organization\"},\"potentialAction\":[{\"@type\":\"SearchAction\",\"target\":{\"@type\":\"EntryPoint\",\"urlTemplate\":\"https:\\\/\\\/unbrinderien.fr\\\/?s={search_term_string}\"},\"query-input\":{\"@type\":\"PropertyValueSpecification\",\"valueRequired\":true,\"valueName\":\"search_term_string\"}}],\"inLanguage\":\"fr-FR\"},{\"@type\":\"Organization\",\"@id\":\"https:\\\/\\\/unbrinderien.fr\\\/#organization\",\"name\":\"Unbrinderien\",\"url\":\"https:\\\/\\\/unbrinderien.fr\\\/\",\"logo\":{\"@type\":\"ImageObject\",\"inLanguage\":\"fr-FR\",\"@id\":\"https:\\\/\\\/unbrinderien.fr\\\/#\\\/schema\\\/logo\\\/image\\\/\",\"url\":\"https:\\\/\\\/i2.wp.com\\\/unbrinderien.fr\\\/wp-content\\\/uploads\\\/2020\\\/05\\\/Logo-2020Taille-originale-Since-2012-v2-valide.png?fit=456%2C457&ssl=1\",\"contentUrl\":\"https:\\\/\\\/i2.wp.com\\\/unbrinderien.fr\\\/wp-content\\\/uploads\\\/2020\\\/05\\\/Logo-2020Taille-originale-Since-2012-v2-valide.png?fit=456%2C457&ssl=1\",\"width\":456,\"height\":457,\"caption\":\"Unbrinderien\"},\"image\":{\"@id\":\"https:\\\/\\\/unbrinderien.fr\\\/#\\\/schema\\\/logo\\\/image\\\/\"},\"sameAs\":[\"https:\\\/\\\/www.facebook.com\\\/unbrinderien.celinenoisette\\\/\",\"https:\\\/\\\/x.com\\\/Unbrinderien01\",\"https:\\\/\\\/instagram.com\\\/unbrinderien?igshid=Itlgnkslaq489\"]}]}<\/script>\n<!-- \/ Yoast SEO plugin. -->","yoast_head_json":{"title":"Bracelet en pierres baroques Turquoise d'Afrique - UNBRINDERIEN","description":"Joli bracelet pour femme en pierres naturelles baroques turquoise d'Afrique mont\u00e9 sur \u00e9lastique,taille de 16 \u00e0 18 cm, id\u00e9ale pour l'\u00e9t\u00e9","robots":{"index":"index","follow":"follow","max-snippet":"max-snippet:-1","max-image-preview":"max-image-preview:large","max-video-preview":"max-video-preview:-1"},"canonical":"https:\/\/unbrinderien.fr\/?product=bracelet-en-pierres-naturelles-baroques-turquoise-naturelle-dafrique","og_locale":"fr_FR","og_type":"article","og_title":"Bracelet en pierres baroques Turquoise d'Afrique - UNBRINDERIEN","og_description":"Joli bracelet pour femme en pierres naturelles baroques turquoise d'Afrique mont\u00e9 sur \u00e9lastique,taille de 16 \u00e0 18 cm, id\u00e9ale pour l'\u00e9t\u00e9","og_url":"https:\/\/unbrinderien.fr\/?product=bracelet-en-pierres-naturelles-baroques-turquoise-naturelle-dafrique","og_site_name":"UNBRINDERIEN","article_publisher":"https:\/\/www.facebook.com\/unbrinderien.celinenoisette\/","article_modified_time":"2021-02-16T23:05:09+00:00","og_image":[{"width":500,"height":500,"url":"https:\/\/i1.wp.com\/unbrinderien.fr\/wp-content\/uploads\/2020\/06\/Ref.AM23-bracelet_baroque_turquoise_afrique_ab-500x500-1.jpg?fit=500%2C500&ssl=1","type":"image\/jpeg"}],"twitter_card":"summary_large_image","twitter_site":"@Unbrinderien01","schema":{"@context":"https:\/\/schema.org","@graph":[{"@type":"WebPage","@id":"https:\/\/unbrinderien.fr\/?product=bracelet-en-pierres-naturelles-baroques-turquoise-naturelle-dafrique","url":"https:\/\/unbrinderien.fr\/?product=bracelet-en-pierres-naturelles-baroques-turquoise-naturelle-dafrique","name":"Bracelet en pierres baroques Turquoise d'Afrique - UNBRINDERIEN","isPartOf":{"@id":"https:\/\/unbrinderien.fr\/#website"},"primaryImageOfPage":{"@id":"https:\/\/unbrinderien.fr\/?product=bracelet-en-pierres-naturelles-baroques-turquoise-naturelle-dafrique#primaryimage"},"image":{"@id":"https:\/\/unbrinderien.fr\/?product=bracelet-en-pierres-naturelles-baroques-turquoise-naturelle-dafrique#primaryimage"},"thumbnailUrl":"https:\/\/unbrinderien.fr\/wp-content\/uploads\/2020\/06\/Ref.AM23-bracelet_baroque_turquoise_afrique_ab-500x500-1.jpg","datePublished":"2020-06-18T18:14:20+00:00","dateModified":"2021-02-16T23:05:09+00:00","description":"Joli bracelet pour femme en pierres naturelles baroques turquoise d'Afrique mont\u00e9 sur \u00e9lastique,taille de 16 \u00e0 18 cm, id\u00e9ale pour l'\u00e9t\u00e9","breadcrumb":{"@id":"https:\/\/unbrinderien.fr\/?product=bracelet-en-pierres-naturelles-baroques-turquoise-naturelle-dafrique#breadcrumb"},"inLanguage":"fr-FR","potentialAction":[{"@type":"ReadAction","target":["https:\/\/unbrinderien.fr\/?product=bracelet-en-pierres-naturelles-baroques-turquoise-naturelle-dafrique"]}]},{"@type":"ImageObject","inLanguage":"fr-FR","@id":"https:\/\/unbrinderien.fr\/?product=bracelet-en-pierres-naturelles-baroques-turquoise-naturelle-dafrique#primaryimage","url":"https:\/\/unbrinderien.fr\/wp-content\/uploads\/2020\/06\/Ref.AM23-bracelet_baroque_turquoise_afrique_ab-500x500-1.jpg","contentUrl":"https:\/\/unbrinderien.fr\/wp-content\/uploads\/2020\/06\/Ref.AM23-bracelet_baroque_turquoise_afrique_ab-500x500-1.jpg","width":500,"height":500},{"@type":"BreadcrumbList","@id":"https:\/\/unbrinderien.fr\/?product=bracelet-en-pierres-naturelles-baroques-turquoise-naturelle-dafrique#breadcrumb","itemListElement":[{"@type":"ListItem","position":1,"name":"Accueil","item":"https:\/\/unbrinderien.fr\/"},{"@type":"ListItem","position":2,"name":"Boutique","item":"https:\/\/unbrinderien.fr\/?page_id=3298"},{"@type":"ListItem","position":3,"name":"Bracelet en pierres baroques Turquoise d&#8217;Afrique"}]},{"@type":"WebSite","@id":"https:\/\/unbrinderien.fr\/#website","url":"https:\/\/unbrinderien.fr\/","name":"UNBRINDERIEN","description":"Le site qui vous va bien ...","publisher":{"@id":"https:\/\/unbrinderien.fr\/#organization"},"potentialAction":[{"@type":"SearchAction","target":{"@type":"EntryPoint","urlTemplate":"https:\/\/unbrinderien.fr\/?s={search_term_string}"},"query-input":{"@type":"PropertyValueSpecification","valueRequired":true,"valueName":"search_term_string"}}],"inLanguage":"fr-FR"},{"@type":"Organization","@id":"https:\/\/unbrinderien.fr\/#organization","name":"Unbrinderien","url":"https:\/\/unbrinderien.fr\/","logo":{"@type":"ImageObject","inLanguage":"fr-FR","@id":"https:\/\/unbrinderien.fr\/#\/schema\/logo\/image\/","url":"https:\/\/i2.wp.com\/unbrinderien.fr\/wp-content\/uploads\/2020\/05\/Logo-2020Taille-originale-Since-2012-v2-valide.png?fit=456%2C457&ssl=1","contentUrl":"https:\/\/i2.wp.com\/unbrinderien.fr\/wp-content\/uploads\/2020\/05\/Logo-2020Taille-originale-Since-2012-v2-valide.png?fit=456%2C457&ssl=1","width":456,"height":457,"caption":"Unbrinderien"},"image":{"@id":"https:\/\/unbrinderien.fr\/#\/schema\/logo\/image\/"},"sameAs":["https:\/\/www.facebook.com\/unbrinderien.celinenoisette\/","https:\/\/x.com\/Unbrinderien01","https:\/\/instagram.com\/unbrinderien?igshid=Itlgnkslaq489"]}]}},"jetpack_sharing_enabled":true,"_links":{"self":[{"href":"https:\/\/unbrinderien.fr\/index.php?rest_route=\/wp\/v2\/product\/3684","targetHints":{"allow":["GET"]}}],"collection":[{"href":"https:\/\/unbrinderien.fr\/index.php?rest_route=\/wp\/v2\/product"}],"about":[{"href":"https:\/\/unbrinderien.fr\/index.php?rest_route=\/wp\/v2\/types\/product"}],"replies":[{"embeddable":true,"href":"https:\/\/unbrinderien.fr\/index.php?rest_route=%2Fwp%2Fv2%2Fcomments&post=3684"}],"version-history":[{"count":0,"href":"https:\/\/unbrinderien.fr\/index.php?rest_route=\/wp\/v2\/product\/3684\/revisions"}],"wp:featuredmedia":[{"embeddable":true,"href":"https:\/\/unbrinderien.fr\/index.php?rest_route=\/wp\/v2\/media\/3685"}],"wp:attachment":[{"href":"https:\/\/unbrinderien.fr\/index.php?rest_route=%2Fwp%2Fv2%2Fmedia&parent=3684"}],"wp:term":[{"taxonomy":"product_brand","embeddable":true,"href":"https:\/\/unbrinderien.fr\/index.php?rest_route=%2Fwp%2Fv2%2Fproduct_brand&post=3684"},{"taxonomy":"product_cat","embeddable":true,"href":"https:\/\/unbrinderien.fr\/index.php?rest_route=%2Fwp%2Fv2%2Fproduct_cat&post=3684"},{"taxonomy":"product_tag","embeddable":true,"href":"https:\/\/unbrinderien.fr\/index.php?rest_route=%2Fwp%2Fv2%2Fproduct_tag&post=3684"}],"curies":[{"name":"wp","href":"https:\/\/api.w.org\/{rel}","templated":true}]}}