{"id":3658,"date":"2020-06-18T18:53:49","date_gmt":"2020-06-18T16:53:49","guid":{"rendered":"https:\/\/unbrinderien.fr\/?post_type=product&#038;p=3658"},"modified":"2021-02-17T00:05:10","modified_gmt":"2021-02-16T23:05:10","slug":"bracelet-en-pierres-naturelles-baroques-jaspe-mokaite","status":"publish","type":"product","link":"https:\/\/unbrinderien.fr\/?product=bracelet-en-pierres-naturelles-baroques-jaspe-mokaite","title":{"rendered":"Bracelet en pierres naturelles baroques Aigue marine"},"content":{"rendered":"","protected":false},"excerpt":{"rendered":"<p>Dimensions tour de poignet: 16 \u00e0 18 cm<\/p>\n<p>Bracelet \u00e9lastique, pierres baroques<\/p>\n<p>Chaque pierre est unique en sa couleur, la couleur peut donc l\u00e9g\u00e8rement \u00eatre diff\u00e9rente de la photo.<\/p>\n<h3 class=\"fusion-responsive-typography-calculated\" data-fontsize=\"19.5\" data-lineheight=\"35.1px\"><em><strong>Vertus De L\u2019 Aigue marine :<\/strong><\/em><\/h3>\n<p>Premi\u00e8rement en Lithoth\u00e9rapie, ce min\u00e9ral appartient au groupe des b\u00e9ryls, tous comme l\u2019\u00c9meraude, la Morganite ainsi que l\u2019H\u00e9liodore. D\u2019une part cette pierre favorise la vision positive, et d\u2019autre part apprend \u00e0 l\u2019homme \u00e0 accomplir ce qui est n\u00e9cessaire. L\u2019 Aigue Marine calme \u00e9galement les personnes qui ne peuvent s\u2019emp\u00eacher d\u2019analyser tout ce qu\u2019elles voient. Par ailleurs c\u2019est une pierre de fluidit\u00e9. Par ce fait l\u2019Aigue-marine enl\u00e8ve les blocages, fortifie, active et nettoie le chakra de la gorge. Dont la manifestation physique est la glande thyro\u00efde.<\/p>\n<p>\u00c9galement L\u2019Aigue-marine est ainsi une pierre qui facilite la conversation avec autrui et le fait d\u2019exprimer la v\u00e9rit\u00e9 sur ce que l\u2019on ressent. Cette pierre repr\u00e9sente \u00e9galement la tendresse de la m\u00e8re envers ses enfants car elle amplifie l\u2019intuition de la puret\u00e9 des sentiments. En outre cette pierre est parfaite afin de faire ressortir l\u2019amour et la bont\u00e9 en chacun de nous.<\/p>\n<h3 class=\"fusion-responsive-typography-calculated\" data-fontsize=\"19.5\" data-lineheight=\"35.1px\"><em><strong>Tradition et Symbolisme de L\u2019 Aigue Marine :<\/strong><\/em><\/h3>\n<p>Tradition en Lithoth\u00e9rapie : les origines de la vie<\/p>\n<div class=\"\" data-block=\"true\" data-editor=\"dcjl\" data-offset-key=\"51nl-0-0\">\n<div class=\"_1mf _1mj\" data-offset-key=\"51nl-0-0\">\n<p>&nbsp;<\/p>\n<\/div>\n<\/div>\n<div class=\"\" data-block=\"true\" data-editor=\"dcjl\" data-offset-key=\"1rjem-0-0\">\n<div class=\"_1mf _1mj\" data-offset-key=\"1rjem-0-0\"><span data-offset-key=\"1rjem-0-0\">\u00a0<\/span><\/div>\n<\/div>\n<div class=\"\" data-block=\"true\" data-editor=\"dcjl\" data-offset-key=\"774eq-0-0\"><\/div>\n<div class=\"\" data-block=\"true\" data-editor=\"dcjl\" data-offset-key=\"8drpg-0-0\">\n<div class=\"_1mf _1mj\" data-offset-key=\"8drpg-0-0\"><\/div>\n<\/div>\n<p>&nbsp;<\/p>\n","protected":false},"featured_media":3662,"comment_status":"open","ping_status":"closed","template":"","meta":{"_mo_disable_npp":"","om_disable_all_campaigns":false,"_monsterinsights_skip_tracking":false,"_monsterinsights_sitenote_active":false,"_monsterinsights_sitenote_note":"","_monsterinsights_sitenote_category":0,"_uf_show_specific_survey":0,"_uf_disable_surveys":false},"product_brand":[],"product_cat":[247,121,126],"product_tag":[252,163,251,131,243],"class_list":{"0":"post-3658","1":"product","2":"type-product","3":"status-publish","4":"has-post-thumbnail","6":"product_cat-bracelet-pierres-naturelles","7":"product_cat-femme","8":"product_cat-pierres-naturelles","9":"product_tag-aigue-marine","10":"product_tag-bracelet","11":"product_tag-naturelle","12":"product_tag-pierre-naturelle","13":"product_tag-pierres-baroques","15":"first","16":"instock","17":"purchasable","18":"product-type-simple"},"aioseo_notices":[],"jetpack_sharing_enabled":true,"_links":{"self":[{"href":"https:\/\/unbrinderien.fr\/index.php?rest_route=\/wp\/v2\/product\/3658","targetHints":{"allow":["GET"]}}],"collection":[{"href":"https:\/\/unbrinderien.fr\/index.php?rest_route=\/wp\/v2\/product"}],"about":[{"href":"https:\/\/unbrinderien.fr\/index.php?rest_route=\/wp\/v2\/types\/product"}],"replies":[{"embeddable":true,"href":"https:\/\/unbrinderien.fr\/index.php?rest_route=%2Fwp%2Fv2%2Fcomments&post=3658"}],"version-history":[{"count":0,"href":"https:\/\/unbrinderien.fr\/index.php?rest_route=\/wp\/v2\/product\/3658\/revisions"}],"wp:featuredmedia":[{"embeddable":true,"href":"https:\/\/unbrinderien.fr\/index.php?rest_route=\/wp\/v2\/media\/3662"}],"wp:attachment":[{"href":"https:\/\/unbrinderien.fr\/index.php?rest_route=%2Fwp%2Fv2%2Fmedia&parent=3658"}],"wp:term":[{"taxonomy":"product_brand","embeddable":true,"href":"https:\/\/unbrinderien.fr\/index.php?rest_route=%2Fwp%2Fv2%2Fproduct_brand&post=3658"},{"taxonomy":"product_cat","embeddable":true,"href":"https:\/\/unbrinderien.fr\/index.php?rest_route=%2Fwp%2Fv2%2Fproduct_cat&post=3658"},{"taxonomy":"product_tag","embeddable":true,"href":"https:\/\/unbrinderien.fr\/index.php?rest_route=%2Fwp%2Fv2%2Fproduct_tag&post=3658"}],"curies":[{"name":"wp","href":"https:\/\/api.w.org\/{rel}","templated":true}]}}