{"id":3646,"date":"2020-06-18T18:24:26","date_gmt":"2020-06-18T16:24:26","guid":{"rendered":"https:\/\/unbrinderien.fr\/?post_type=product&#038;p=3646"},"modified":"2021-02-17T00:05:10","modified_gmt":"2021-02-16T23:05:10","slug":"bracelet-en-pierres-naturelles-baroques-agate-mousse","status":"publish","type":"product","link":"https:\/\/unbrinderien.fr\/?product=bracelet-en-pierres-naturelles-baroques-agate-mousse","title":{"rendered":"Bracelet en pierres naturelles baroques Agate mousse"},"content":{"rendered":"","protected":false},"excerpt":{"rendered":"<p>Dimensions tour de poignet: 16 \u00e0 18 cm<\/p>\n<p>Bracelet \u00e9lastique, pierres baroques<\/p>\n<p>Chaque pierre est unique en sa couleur, la couleur peut donc l\u00e9g\u00e8rement \u00eatre diff\u00e9rente de la photo.<\/p>\n<h3 class=\"fusion-responsive-typography-calculated\" data-fontsize=\"19.5\" data-lineheight=\"35.1px\"><em><strong>Vertus De L\u2019 Agate Mousse :<\/strong><\/em><\/h3>\n<div class=\"term-description\">\n<p class=\"Standard\">L\u2019 Agate Mousse. Premi\u00e8rement, c\u2019est une pierre de stabilit\u00e9 \u00e9motionnelle et de paix int\u00e9rieur qui permet d\u2019ouvrir le chakras du c\u0153ur. De ce faite elle connecte d\u2019une part l\u2019homme \u00e0 la nature afin d\u2019\u00e9vacuer son stress, d\u2019autre part l\u2019Agate mousse permet \u00e9galement les renouvellements. Par ce fait en \u00e9cartant les blocages et obstacles spirituels que l\u2019homme pourrait rencontrer lors d\u2019un nouveau d\u00e9part dans sa vie. En outre Cette pierre permet principalement de pr\u00e9parer un nouvel avenir avec certaine stabilit\u00e9 et autant de conviction. Par ce fait elle sera tr\u00e8s utile afin de permettre de d\u00e9passer ses propres peurs.<br \/>\nPour finir, tout comme le Jade de Chine, cette pierre apporte l\u2019abondance ainsi que la chance.<\/p>\n<h3 class=\"fusion-responsive-typography-calculated\" data-fontsize=\"19.5\" data-lineheight=\"35.1px\"><strong><em>Tradition et Symbolisme :<\/em><\/strong><\/h3>\n<p>Tradition : Abondance et Amour<\/p>\n<\/div>\n<div class=\"\" data-block=\"true\" data-editor=\"dcjl\" data-offset-key=\"51nl-0-0\">\n<div class=\"_1mf _1mj\" data-offset-key=\"51nl-0-0\">\n<p>&nbsp;<\/p>\n<\/div>\n<\/div>\n<div class=\"\" data-block=\"true\" data-editor=\"dcjl\" data-offset-key=\"1rjem-0-0\">\n<div class=\"_1mf _1mj\" data-offset-key=\"1rjem-0-0\"><span data-offset-key=\"1rjem-0-0\">\u00a0<\/span><\/div>\n<\/div>\n<div class=\"\" data-block=\"true\" data-editor=\"dcjl\" data-offset-key=\"774eq-0-0\"><\/div>\n<div class=\"\" data-block=\"true\" data-editor=\"dcjl\" data-offset-key=\"8drpg-0-0\">\n<div class=\"_1mf _1mj\" data-offset-key=\"8drpg-0-0\"><\/div>\n<\/div>\n<p>&nbsp;<\/p>\n","protected":false},"featured_media":3647,"comment_status":"open","ping_status":"closed","template":"","meta":{"_mo_disable_npp":"","om_disable_all_campaigns":false,"_monsterinsights_skip_tracking":false,"_monsterinsights_sitenote_active":false,"_monsterinsights_sitenote_note":"","_monsterinsights_sitenote_category":0,"_uf_show_specific_survey":0,"_uf_disable_surveys":false},"product_brand":[],"product_cat":[247,121,126],"product_tag":[211,163,131,243],"class_list":{"0":"post-3646","1":"product","2":"type-product","3":"status-publish","4":"has-post-thumbnail","6":"product_cat-bracelet-pierres-naturelles","7":"product_cat-femme","8":"product_cat-pierres-naturelles","9":"product_tag-agate-mousse","10":"product_tag-bracelet","11":"product_tag-pierre-naturelle","12":"product_tag-pierres-baroques","14":"first","15":"instock","16":"purchasable","17":"product-type-simple"},"aioseo_notices":[],"yoast_head":"<!-- This site is optimized with the Yoast SEO plugin v27.3 - https:\/\/yoast.com\/product\/yoast-seo-wordpress\/ -->\n<title>Bracelet en pierres naturelles baroques Agate mousse - UNBRINDERIEN<\/title>\n<meta name=\"description\" content=\"Joli bracelet pour femme en pierres naturelles baroques agate mousse mont\u00e9 sur \u00e9lastique,taille de 16 \u00e0 18 cm, id\u00e9ale pour l&#039;\u00e9t\u00e9\" \/>\n<meta name=\"robots\" content=\"index, follow, max-snippet:-1, max-image-preview:large, max-video-preview:-1\" \/>\n<link rel=\"canonical\" href=\"https:\/\/unbrinderien.fr\/?product=bracelet-en-pierres-naturelles-baroques-agate-mousse\" \/>\n<meta property=\"og:locale\" content=\"fr_FR\" \/>\n<meta property=\"og:type\" content=\"article\" \/>\n<meta property=\"og:title\" content=\"Bracelet en pierres naturelles baroques Agate mousse - UNBRINDERIEN\" \/>\n<meta property=\"og:description\" content=\"Joli bracelet pour femme en pierres naturelles baroques agate mousse mont\u00e9 sur \u00e9lastique,taille de 16 \u00e0 18 cm, id\u00e9ale pour l&#039;\u00e9t\u00e9\" \/>\n<meta property=\"og:url\" content=\"https:\/\/unbrinderien.fr\/?product=bracelet-en-pierres-naturelles-baroques-agate-mousse\" \/>\n<meta property=\"og:site_name\" content=\"UNBRINDERIEN\" \/>\n<meta property=\"article:publisher\" content=\"https:\/\/www.facebook.com\/unbrinderien.celinenoisette\/\" \/>\n<meta property=\"article:modified_time\" content=\"2021-02-16T23:05:10+00:00\" \/>\n<meta property=\"og:image\" content=\"https:\/\/i0.wp.com\/unbrinderien.fr\/wp-content\/uploads\/2020\/06\/Ref.AM01-bracelet_baroque_agate_mousse_ab-3-500x500-1.jpg?fit=500%2C500&ssl=1\" \/>\n\t<meta property=\"og:image:width\" content=\"500\" \/>\n\t<meta property=\"og:image:height\" content=\"500\" \/>\n\t<meta property=\"og:image:type\" content=\"image\/jpeg\" \/>\n<meta name=\"twitter:card\" content=\"summary_large_image\" \/>\n<meta name=\"twitter:site\" content=\"@Unbrinderien01\" \/>\n<script type=\"application\/ld+json\" class=\"yoast-schema-graph\">{\"@context\":\"https:\\\/\\\/schema.org\",\"@graph\":[{\"@type\":\"WebPage\",\"@id\":\"https:\\\/\\\/unbrinderien.fr\\\/?product=bracelet-en-pierres-naturelles-baroques-agate-mousse\",\"url\":\"https:\\\/\\\/unbrinderien.fr\\\/?product=bracelet-en-pierres-naturelles-baroques-agate-mousse\",\"name\":\"Bracelet en pierres naturelles baroques Agate mousse - UNBRINDERIEN\",\"isPartOf\":{\"@id\":\"https:\\\/\\\/unbrinderien.fr\\\/#website\"},\"primaryImageOfPage\":{\"@id\":\"https:\\\/\\\/unbrinderien.fr\\\/?product=bracelet-en-pierres-naturelles-baroques-agate-mousse#primaryimage\"},\"image\":{\"@id\":\"https:\\\/\\\/unbrinderien.fr\\\/?product=bracelet-en-pierres-naturelles-baroques-agate-mousse#primaryimage\"},\"thumbnailUrl\":\"https:\\\/\\\/unbrinderien.fr\\\/wp-content\\\/uploads\\\/2020\\\/06\\\/Ref.AM01-bracelet_baroque_agate_mousse_ab-3-500x500-1.jpg\",\"datePublished\":\"2020-06-18T16:24:26+00:00\",\"dateModified\":\"2021-02-16T23:05:10+00:00\",\"description\":\"Joli bracelet pour femme en pierres naturelles baroques agate mousse mont\u00e9 sur \u00e9lastique,taille de 16 \u00e0 18 cm, id\u00e9ale pour l'\u00e9t\u00e9\",\"breadcrumb\":{\"@id\":\"https:\\\/\\\/unbrinderien.fr\\\/?product=bracelet-en-pierres-naturelles-baroques-agate-mousse#breadcrumb\"},\"inLanguage\":\"fr-FR\",\"potentialAction\":[{\"@type\":\"ReadAction\",\"target\":[\"https:\\\/\\\/unbrinderien.fr\\\/?product=bracelet-en-pierres-naturelles-baroques-agate-mousse\"]}]},{\"@type\":\"ImageObject\",\"inLanguage\":\"fr-FR\",\"@id\":\"https:\\\/\\\/unbrinderien.fr\\\/?product=bracelet-en-pierres-naturelles-baroques-agate-mousse#primaryimage\",\"url\":\"https:\\\/\\\/unbrinderien.fr\\\/wp-content\\\/uploads\\\/2020\\\/06\\\/Ref.AM01-bracelet_baroque_agate_mousse_ab-3-500x500-1.jpg\",\"contentUrl\":\"https:\\\/\\\/unbrinderien.fr\\\/wp-content\\\/uploads\\\/2020\\\/06\\\/Ref.AM01-bracelet_baroque_agate_mousse_ab-3-500x500-1.jpg\",\"width\":500,\"height\":500},{\"@type\":\"BreadcrumbList\",\"@id\":\"https:\\\/\\\/unbrinderien.fr\\\/?product=bracelet-en-pierres-naturelles-baroques-agate-mousse#breadcrumb\",\"itemListElement\":[{\"@type\":\"ListItem\",\"position\":1,\"name\":\"Accueil\",\"item\":\"https:\\\/\\\/unbrinderien.fr\\\/\"},{\"@type\":\"ListItem\",\"position\":2,\"name\":\"Boutique\",\"item\":\"https:\\\/\\\/unbrinderien.fr\\\/?page_id=3298\"},{\"@type\":\"ListItem\",\"position\":3,\"name\":\"Bracelet en pierres naturelles baroques Agate mousse\"}]},{\"@type\":\"WebSite\",\"@id\":\"https:\\\/\\\/unbrinderien.fr\\\/#website\",\"url\":\"https:\\\/\\\/unbrinderien.fr\\\/\",\"name\":\"UNBRINDERIEN\",\"description\":\"Le site qui vous va bien ...\",\"publisher\":{\"@id\":\"https:\\\/\\\/unbrinderien.fr\\\/#organization\"},\"potentialAction\":[{\"@type\":\"SearchAction\",\"target\":{\"@type\":\"EntryPoint\",\"urlTemplate\":\"https:\\\/\\\/unbrinderien.fr\\\/?s={search_term_string}\"},\"query-input\":{\"@type\":\"PropertyValueSpecification\",\"valueRequired\":true,\"valueName\":\"search_term_string\"}}],\"inLanguage\":\"fr-FR\"},{\"@type\":\"Organization\",\"@id\":\"https:\\\/\\\/unbrinderien.fr\\\/#organization\",\"name\":\"Unbrinderien\",\"url\":\"https:\\\/\\\/unbrinderien.fr\\\/\",\"logo\":{\"@type\":\"ImageObject\",\"inLanguage\":\"fr-FR\",\"@id\":\"https:\\\/\\\/unbrinderien.fr\\\/#\\\/schema\\\/logo\\\/image\\\/\",\"url\":\"https:\\\/\\\/i2.wp.com\\\/unbrinderien.fr\\\/wp-content\\\/uploads\\\/2020\\\/05\\\/Logo-2020Taille-originale-Since-2012-v2-valide.png?fit=456%2C457&ssl=1\",\"contentUrl\":\"https:\\\/\\\/i2.wp.com\\\/unbrinderien.fr\\\/wp-content\\\/uploads\\\/2020\\\/05\\\/Logo-2020Taille-originale-Since-2012-v2-valide.png?fit=456%2C457&ssl=1\",\"width\":456,\"height\":457,\"caption\":\"Unbrinderien\"},\"image\":{\"@id\":\"https:\\\/\\\/unbrinderien.fr\\\/#\\\/schema\\\/logo\\\/image\\\/\"},\"sameAs\":[\"https:\\\/\\\/www.facebook.com\\\/unbrinderien.celinenoisette\\\/\",\"https:\\\/\\\/x.com\\\/Unbrinderien01\",\"https:\\\/\\\/instagram.com\\\/unbrinderien?igshid=Itlgnkslaq489\"]}]}<\/script>\n<!-- \/ Yoast SEO plugin. -->","yoast_head_json":{"title":"Bracelet en pierres naturelles baroques Agate mousse - UNBRINDERIEN","description":"Joli bracelet pour femme en pierres naturelles baroques agate mousse mont\u00e9 sur \u00e9lastique,taille de 16 \u00e0 18 cm, id\u00e9ale pour l'\u00e9t\u00e9","robots":{"index":"index","follow":"follow","max-snippet":"max-snippet:-1","max-image-preview":"max-image-preview:large","max-video-preview":"max-video-preview:-1"},"canonical":"https:\/\/unbrinderien.fr\/?product=bracelet-en-pierres-naturelles-baroques-agate-mousse","og_locale":"fr_FR","og_type":"article","og_title":"Bracelet en pierres naturelles baroques Agate mousse - UNBRINDERIEN","og_description":"Joli bracelet pour femme en pierres naturelles baroques agate mousse mont\u00e9 sur \u00e9lastique,taille de 16 \u00e0 18 cm, id\u00e9ale pour l'\u00e9t\u00e9","og_url":"https:\/\/unbrinderien.fr\/?product=bracelet-en-pierres-naturelles-baroques-agate-mousse","og_site_name":"UNBRINDERIEN","article_publisher":"https:\/\/www.facebook.com\/unbrinderien.celinenoisette\/","article_modified_time":"2021-02-16T23:05:10+00:00","og_image":[{"width":500,"height":500,"url":"https:\/\/i0.wp.com\/unbrinderien.fr\/wp-content\/uploads\/2020\/06\/Ref.AM01-bracelet_baroque_agate_mousse_ab-3-500x500-1.jpg?fit=500%2C500&ssl=1","type":"image\/jpeg"}],"twitter_card":"summary_large_image","twitter_site":"@Unbrinderien01","schema":{"@context":"https:\/\/schema.org","@graph":[{"@type":"WebPage","@id":"https:\/\/unbrinderien.fr\/?product=bracelet-en-pierres-naturelles-baroques-agate-mousse","url":"https:\/\/unbrinderien.fr\/?product=bracelet-en-pierres-naturelles-baroques-agate-mousse","name":"Bracelet en pierres naturelles baroques Agate mousse - UNBRINDERIEN","isPartOf":{"@id":"https:\/\/unbrinderien.fr\/#website"},"primaryImageOfPage":{"@id":"https:\/\/unbrinderien.fr\/?product=bracelet-en-pierres-naturelles-baroques-agate-mousse#primaryimage"},"image":{"@id":"https:\/\/unbrinderien.fr\/?product=bracelet-en-pierres-naturelles-baroques-agate-mousse#primaryimage"},"thumbnailUrl":"https:\/\/unbrinderien.fr\/wp-content\/uploads\/2020\/06\/Ref.AM01-bracelet_baroque_agate_mousse_ab-3-500x500-1.jpg","datePublished":"2020-06-18T16:24:26+00:00","dateModified":"2021-02-16T23:05:10+00:00","description":"Joli bracelet pour femme en pierres naturelles baroques agate mousse mont\u00e9 sur \u00e9lastique,taille de 16 \u00e0 18 cm, id\u00e9ale pour l'\u00e9t\u00e9","breadcrumb":{"@id":"https:\/\/unbrinderien.fr\/?product=bracelet-en-pierres-naturelles-baroques-agate-mousse#breadcrumb"},"inLanguage":"fr-FR","potentialAction":[{"@type":"ReadAction","target":["https:\/\/unbrinderien.fr\/?product=bracelet-en-pierres-naturelles-baroques-agate-mousse"]}]},{"@type":"ImageObject","inLanguage":"fr-FR","@id":"https:\/\/unbrinderien.fr\/?product=bracelet-en-pierres-naturelles-baroques-agate-mousse#primaryimage","url":"https:\/\/unbrinderien.fr\/wp-content\/uploads\/2020\/06\/Ref.AM01-bracelet_baroque_agate_mousse_ab-3-500x500-1.jpg","contentUrl":"https:\/\/unbrinderien.fr\/wp-content\/uploads\/2020\/06\/Ref.AM01-bracelet_baroque_agate_mousse_ab-3-500x500-1.jpg","width":500,"height":500},{"@type":"BreadcrumbList","@id":"https:\/\/unbrinderien.fr\/?product=bracelet-en-pierres-naturelles-baroques-agate-mousse#breadcrumb","itemListElement":[{"@type":"ListItem","position":1,"name":"Accueil","item":"https:\/\/unbrinderien.fr\/"},{"@type":"ListItem","position":2,"name":"Boutique","item":"https:\/\/unbrinderien.fr\/?page_id=3298"},{"@type":"ListItem","position":3,"name":"Bracelet en pierres naturelles baroques Agate mousse"}]},{"@type":"WebSite","@id":"https:\/\/unbrinderien.fr\/#website","url":"https:\/\/unbrinderien.fr\/","name":"UNBRINDERIEN","description":"Le site qui vous va bien ...","publisher":{"@id":"https:\/\/unbrinderien.fr\/#organization"},"potentialAction":[{"@type":"SearchAction","target":{"@type":"EntryPoint","urlTemplate":"https:\/\/unbrinderien.fr\/?s={search_term_string}"},"query-input":{"@type":"PropertyValueSpecification","valueRequired":true,"valueName":"search_term_string"}}],"inLanguage":"fr-FR"},{"@type":"Organization","@id":"https:\/\/unbrinderien.fr\/#organization","name":"Unbrinderien","url":"https:\/\/unbrinderien.fr\/","logo":{"@type":"ImageObject","inLanguage":"fr-FR","@id":"https:\/\/unbrinderien.fr\/#\/schema\/logo\/image\/","url":"https:\/\/i2.wp.com\/unbrinderien.fr\/wp-content\/uploads\/2020\/05\/Logo-2020Taille-originale-Since-2012-v2-valide.png?fit=456%2C457&ssl=1","contentUrl":"https:\/\/i2.wp.com\/unbrinderien.fr\/wp-content\/uploads\/2020\/05\/Logo-2020Taille-originale-Since-2012-v2-valide.png?fit=456%2C457&ssl=1","width":456,"height":457,"caption":"Unbrinderien"},"image":{"@id":"https:\/\/unbrinderien.fr\/#\/schema\/logo\/image\/"},"sameAs":["https:\/\/www.facebook.com\/unbrinderien.celinenoisette\/","https:\/\/x.com\/Unbrinderien01","https:\/\/instagram.com\/unbrinderien?igshid=Itlgnkslaq489"]}]}},"jetpack_sharing_enabled":true,"_links":{"self":[{"href":"https:\/\/unbrinderien.fr\/index.php?rest_route=\/wp\/v2\/product\/3646","targetHints":{"allow":["GET"]}}],"collection":[{"href":"https:\/\/unbrinderien.fr\/index.php?rest_route=\/wp\/v2\/product"}],"about":[{"href":"https:\/\/unbrinderien.fr\/index.php?rest_route=\/wp\/v2\/types\/product"}],"replies":[{"embeddable":true,"href":"https:\/\/unbrinderien.fr\/index.php?rest_route=%2Fwp%2Fv2%2Fcomments&post=3646"}],"version-history":[{"count":0,"href":"https:\/\/unbrinderien.fr\/index.php?rest_route=\/wp\/v2\/product\/3646\/revisions"}],"wp:featuredmedia":[{"embeddable":true,"href":"https:\/\/unbrinderien.fr\/index.php?rest_route=\/wp\/v2\/media\/3647"}],"wp:attachment":[{"href":"https:\/\/unbrinderien.fr\/index.php?rest_route=%2Fwp%2Fv2%2Fmedia&parent=3646"}],"wp:term":[{"taxonomy":"product_brand","embeddable":true,"href":"https:\/\/unbrinderien.fr\/index.php?rest_route=%2Fwp%2Fv2%2Fproduct_brand&post=3646"},{"taxonomy":"product_cat","embeddable":true,"href":"https:\/\/unbrinderien.fr\/index.php?rest_route=%2Fwp%2Fv2%2Fproduct_cat&post=3646"},{"taxonomy":"product_tag","embeddable":true,"href":"https:\/\/unbrinderien.fr\/index.php?rest_route=%2Fwp%2Fv2%2Fproduct_tag&post=3646"}],"curies":[{"name":"wp","href":"https:\/\/api.w.org\/{rel}","templated":true}]}}