{"id":3596,"date":"2020-06-17T18:06:51","date_gmt":"2020-06-17T16:06:51","guid":{"rendered":"https:\/\/unbrinderien.fr\/?post_type=product&#038;p=3596"},"modified":"2021-02-17T00:09:35","modified_gmt":"2021-02-16T23:09:35","slug":"bague-ajustable-en-argent-925-et-pierre-topaze","status":"publish","type":"product","link":"https:\/\/unbrinderien.fr\/?product=bague-ajustable-en-argent-925-et-pierre-topaze","title":{"rendered":"Bague ajustable en argent 925 et pierre topaze"},"content":{"rendered":"","protected":false},"excerpt":{"rendered":"<p>Jolie bague fait main par une cr\u00e9atrice, tout en argent 925, muni d&rsquo;une breloque Topaze bleu. Cette bague est interchangeable car elle est ajustable et de ce fait, vous pourrez la porter sur le doigt qui vous plaira.<\/p>\n<p>Diff\u00e9rents model vous sont propos\u00e9.<\/p>\n","protected":false},"featured_media":3603,"comment_status":"open","ping_status":"closed","template":"","meta":{"_mo_disable_npp":"","om_disable_all_campaigns":false,"_monsterinsights_skip_tracking":false,"_monsterinsights_sitenote_active":false,"_monsterinsights_sitenote_note":"","_monsterinsights_sitenote_category":0,"_uf_show_specific_survey":0,"_uf_disable_surveys":false},"product_brand":[],"product_cat":[181,179],"product_tag":[226,223,224,225],"class_list":{"0":"post-3596","1":"product","2":"type-product","3":"status-publish","4":"has-post-thumbnail","6":"product_cat-bague-bijoux-creation","7":"product_cat-bijoux-creation","8":"product_tag-argent-925","9":"product_tag-bague","10":"product_tag-fait-main","11":"product_tag-topaze","13":"first","14":"instock","15":"purchasable","16":"product-type-variable"},"aioseo_notices":[],"yoast_head":"<!-- This site is optimized with the Yoast SEO plugin v27.3 - https:\/\/yoast.com\/product\/yoast-seo-wordpress\/ -->\n<title>Bague ajustable en argent 925 et pierre topaze - UNBRINDERIEN<\/title>\n<meta name=\"description\" content=\"Jolie bague pour femme ajustable en argent 925 et breloque en pierre. Divers pierres sont propos\u00e9es, topaze,citrine,am\u00e9thyste et quartz fum\u00e9\" \/>\n<meta name=\"robots\" content=\"index, follow, max-snippet:-1, max-image-preview:large, max-video-preview:-1\" \/>\n<link rel=\"canonical\" href=\"https:\/\/unbrinderien.fr\/?product=bague-ajustable-en-argent-925-et-pierre-topaze\" \/>\n<meta property=\"og:locale\" content=\"fr_FR\" \/>\n<meta property=\"og:type\" content=\"article\" \/>\n<meta property=\"og:title\" content=\"Bague ajustable en argent 925 et pierre topaze - UNBRINDERIEN\" \/>\n<meta property=\"og:description\" content=\"Jolie bague pour femme ajustable en argent 925 et breloque en pierre. Divers pierres sont propos\u00e9es, topaze,citrine,am\u00e9thyste et quartz fum\u00e9\" \/>\n<meta property=\"og:url\" content=\"https:\/\/unbrinderien.fr\/?product=bague-ajustable-en-argent-925-et-pierre-topaze\" \/>\n<meta property=\"og:site_name\" content=\"UNBRINDERIEN\" \/>\n<meta property=\"article:publisher\" content=\"https:\/\/www.facebook.com\/unbrinderien.celinenoisette\/\" \/>\n<meta property=\"article:modified_time\" content=\"2021-02-16T23:09:35+00:00\" \/>\n<meta property=\"og:image\" content=\"https:\/\/i2.wp.com\/unbrinderien.fr\/wp-content\/uploads\/2020\/06\/Ref.0200Bague-simple-Argent-925-Am\u00e9thyste-.jpg?fit=720%2C960&ssl=1\" \/>\n\t<meta property=\"og:image:width\" content=\"720\" \/>\n\t<meta property=\"og:image:height\" content=\"960\" \/>\n\t<meta property=\"og:image:type\" content=\"image\/jpeg\" \/>\n<meta name=\"twitter:card\" content=\"summary_large_image\" \/>\n<meta name=\"twitter:site\" content=\"@Unbrinderien01\" \/>\n<script type=\"application\/ld+json\" class=\"yoast-schema-graph\">{\"@context\":\"https:\\\/\\\/schema.org\",\"@graph\":[{\"@type\":\"WebPage\",\"@id\":\"https:\\\/\\\/unbrinderien.fr\\\/?product=bague-ajustable-en-argent-925-et-pierre-topaze\",\"url\":\"https:\\\/\\\/unbrinderien.fr\\\/?product=bague-ajustable-en-argent-925-et-pierre-topaze\",\"name\":\"Bague ajustable en argent 925 et pierre topaze - UNBRINDERIEN\",\"isPartOf\":{\"@id\":\"https:\\\/\\\/unbrinderien.fr\\\/#website\"},\"primaryImageOfPage\":{\"@id\":\"https:\\\/\\\/unbrinderien.fr\\\/?product=bague-ajustable-en-argent-925-et-pierre-topaze#primaryimage\"},\"image\":{\"@id\":\"https:\\\/\\\/unbrinderien.fr\\\/?product=bague-ajustable-en-argent-925-et-pierre-topaze#primaryimage\"},\"thumbnailUrl\":\"https:\\\/\\\/unbrinderien.fr\\\/wp-content\\\/uploads\\\/2020\\\/06\\\/Ref.0200Bague-simple-Argent-925-Am\u00e9thyste-.jpg\",\"datePublished\":\"2020-06-17T16:06:51+00:00\",\"dateModified\":\"2021-02-16T23:09:35+00:00\",\"description\":\"Jolie bague pour femme ajustable en argent 925 et breloque en pierre. Divers pierres sont propos\u00e9es, topaze,citrine,am\u00e9thyste et quartz fum\u00e9\",\"breadcrumb\":{\"@id\":\"https:\\\/\\\/unbrinderien.fr\\\/?product=bague-ajustable-en-argent-925-et-pierre-topaze#breadcrumb\"},\"inLanguage\":\"fr-FR\",\"potentialAction\":[{\"@type\":\"ReadAction\",\"target\":[\"https:\\\/\\\/unbrinderien.fr\\\/?product=bague-ajustable-en-argent-925-et-pierre-topaze\"]}]},{\"@type\":\"ImageObject\",\"inLanguage\":\"fr-FR\",\"@id\":\"https:\\\/\\\/unbrinderien.fr\\\/?product=bague-ajustable-en-argent-925-et-pierre-topaze#primaryimage\",\"url\":\"https:\\\/\\\/unbrinderien.fr\\\/wp-content\\\/uploads\\\/2020\\\/06\\\/Ref.0200Bague-simple-Argent-925-Am\u00e9thyste-.jpg\",\"contentUrl\":\"https:\\\/\\\/unbrinderien.fr\\\/wp-content\\\/uploads\\\/2020\\\/06\\\/Ref.0200Bague-simple-Argent-925-Am\u00e9thyste-.jpg\",\"width\":720,\"height\":960},{\"@type\":\"BreadcrumbList\",\"@id\":\"https:\\\/\\\/unbrinderien.fr\\\/?product=bague-ajustable-en-argent-925-et-pierre-topaze#breadcrumb\",\"itemListElement\":[{\"@type\":\"ListItem\",\"position\":1,\"name\":\"Accueil\",\"item\":\"https:\\\/\\\/unbrinderien.fr\\\/\"},{\"@type\":\"ListItem\",\"position\":2,\"name\":\"Boutique\",\"item\":\"https:\\\/\\\/unbrinderien.fr\\\/?page_id=3298\"},{\"@type\":\"ListItem\",\"position\":3,\"name\":\"Bague ajustable en argent 925 et pierre topaze\"}]},{\"@type\":\"WebSite\",\"@id\":\"https:\\\/\\\/unbrinderien.fr\\\/#website\",\"url\":\"https:\\\/\\\/unbrinderien.fr\\\/\",\"name\":\"UNBRINDERIEN\",\"description\":\"Le site qui vous va bien ...\",\"publisher\":{\"@id\":\"https:\\\/\\\/unbrinderien.fr\\\/#organization\"},\"potentialAction\":[{\"@type\":\"SearchAction\",\"target\":{\"@type\":\"EntryPoint\",\"urlTemplate\":\"https:\\\/\\\/unbrinderien.fr\\\/?s={search_term_string}\"},\"query-input\":{\"@type\":\"PropertyValueSpecification\",\"valueRequired\":true,\"valueName\":\"search_term_string\"}}],\"inLanguage\":\"fr-FR\"},{\"@type\":\"Organization\",\"@id\":\"https:\\\/\\\/unbrinderien.fr\\\/#organization\",\"name\":\"Unbrinderien\",\"url\":\"https:\\\/\\\/unbrinderien.fr\\\/\",\"logo\":{\"@type\":\"ImageObject\",\"inLanguage\":\"fr-FR\",\"@id\":\"https:\\\/\\\/unbrinderien.fr\\\/#\\\/schema\\\/logo\\\/image\\\/\",\"url\":\"https:\\\/\\\/i2.wp.com\\\/unbrinderien.fr\\\/wp-content\\\/uploads\\\/2020\\\/05\\\/Logo-2020Taille-originale-Since-2012-v2-valide.png?fit=456%2C457&ssl=1\",\"contentUrl\":\"https:\\\/\\\/i2.wp.com\\\/unbrinderien.fr\\\/wp-content\\\/uploads\\\/2020\\\/05\\\/Logo-2020Taille-originale-Since-2012-v2-valide.png?fit=456%2C457&ssl=1\",\"width\":456,\"height\":457,\"caption\":\"Unbrinderien\"},\"image\":{\"@id\":\"https:\\\/\\\/unbrinderien.fr\\\/#\\\/schema\\\/logo\\\/image\\\/\"},\"sameAs\":[\"https:\\\/\\\/www.facebook.com\\\/unbrinderien.celinenoisette\\\/\",\"https:\\\/\\\/x.com\\\/Unbrinderien01\",\"https:\\\/\\\/instagram.com\\\/unbrinderien?igshid=Itlgnkslaq489\"]}]}<\/script>\n<!-- \/ Yoast SEO plugin. -->","yoast_head_json":{"title":"Bague ajustable en argent 925 et pierre topaze - UNBRINDERIEN","description":"Jolie bague pour femme ajustable en argent 925 et breloque en pierre. Divers pierres sont propos\u00e9es, topaze,citrine,am\u00e9thyste et quartz fum\u00e9","robots":{"index":"index","follow":"follow","max-snippet":"max-snippet:-1","max-image-preview":"max-image-preview:large","max-video-preview":"max-video-preview:-1"},"canonical":"https:\/\/unbrinderien.fr\/?product=bague-ajustable-en-argent-925-et-pierre-topaze","og_locale":"fr_FR","og_type":"article","og_title":"Bague ajustable en argent 925 et pierre topaze - UNBRINDERIEN","og_description":"Jolie bague pour femme ajustable en argent 925 et breloque en pierre. Divers pierres sont propos\u00e9es, topaze,citrine,am\u00e9thyste et quartz fum\u00e9","og_url":"https:\/\/unbrinderien.fr\/?product=bague-ajustable-en-argent-925-et-pierre-topaze","og_site_name":"UNBRINDERIEN","article_publisher":"https:\/\/www.facebook.com\/unbrinderien.celinenoisette\/","article_modified_time":"2021-02-16T23:09:35+00:00","og_image":[{"width":720,"height":960,"url":"https:\/\/i2.wp.com\/unbrinderien.fr\/wp-content\/uploads\/2020\/06\/Ref.0200Bague-simple-Argent-925-Am\u00e9thyste-.jpg?fit=720%2C960&ssl=1","type":"image\/jpeg"}],"twitter_card":"summary_large_image","twitter_site":"@Unbrinderien01","schema":{"@context":"https:\/\/schema.org","@graph":[{"@type":"WebPage","@id":"https:\/\/unbrinderien.fr\/?product=bague-ajustable-en-argent-925-et-pierre-topaze","url":"https:\/\/unbrinderien.fr\/?product=bague-ajustable-en-argent-925-et-pierre-topaze","name":"Bague ajustable en argent 925 et pierre topaze - UNBRINDERIEN","isPartOf":{"@id":"https:\/\/unbrinderien.fr\/#website"},"primaryImageOfPage":{"@id":"https:\/\/unbrinderien.fr\/?product=bague-ajustable-en-argent-925-et-pierre-topaze#primaryimage"},"image":{"@id":"https:\/\/unbrinderien.fr\/?product=bague-ajustable-en-argent-925-et-pierre-topaze#primaryimage"},"thumbnailUrl":"https:\/\/unbrinderien.fr\/wp-content\/uploads\/2020\/06\/Ref.0200Bague-simple-Argent-925-Am\u00e9thyste-.jpg","datePublished":"2020-06-17T16:06:51+00:00","dateModified":"2021-02-16T23:09:35+00:00","description":"Jolie bague pour femme ajustable en argent 925 et breloque en pierre. Divers pierres sont propos\u00e9es, topaze,citrine,am\u00e9thyste et quartz fum\u00e9","breadcrumb":{"@id":"https:\/\/unbrinderien.fr\/?product=bague-ajustable-en-argent-925-et-pierre-topaze#breadcrumb"},"inLanguage":"fr-FR","potentialAction":[{"@type":"ReadAction","target":["https:\/\/unbrinderien.fr\/?product=bague-ajustable-en-argent-925-et-pierre-topaze"]}]},{"@type":"ImageObject","inLanguage":"fr-FR","@id":"https:\/\/unbrinderien.fr\/?product=bague-ajustable-en-argent-925-et-pierre-topaze#primaryimage","url":"https:\/\/unbrinderien.fr\/wp-content\/uploads\/2020\/06\/Ref.0200Bague-simple-Argent-925-Am\u00e9thyste-.jpg","contentUrl":"https:\/\/unbrinderien.fr\/wp-content\/uploads\/2020\/06\/Ref.0200Bague-simple-Argent-925-Am\u00e9thyste-.jpg","width":720,"height":960},{"@type":"BreadcrumbList","@id":"https:\/\/unbrinderien.fr\/?product=bague-ajustable-en-argent-925-et-pierre-topaze#breadcrumb","itemListElement":[{"@type":"ListItem","position":1,"name":"Accueil","item":"https:\/\/unbrinderien.fr\/"},{"@type":"ListItem","position":2,"name":"Boutique","item":"https:\/\/unbrinderien.fr\/?page_id=3298"},{"@type":"ListItem","position":3,"name":"Bague ajustable en argent 925 et pierre topaze"}]},{"@type":"WebSite","@id":"https:\/\/unbrinderien.fr\/#website","url":"https:\/\/unbrinderien.fr\/","name":"UNBRINDERIEN","description":"Le site qui vous va bien ...","publisher":{"@id":"https:\/\/unbrinderien.fr\/#organization"},"potentialAction":[{"@type":"SearchAction","target":{"@type":"EntryPoint","urlTemplate":"https:\/\/unbrinderien.fr\/?s={search_term_string}"},"query-input":{"@type":"PropertyValueSpecification","valueRequired":true,"valueName":"search_term_string"}}],"inLanguage":"fr-FR"},{"@type":"Organization","@id":"https:\/\/unbrinderien.fr\/#organization","name":"Unbrinderien","url":"https:\/\/unbrinderien.fr\/","logo":{"@type":"ImageObject","inLanguage":"fr-FR","@id":"https:\/\/unbrinderien.fr\/#\/schema\/logo\/image\/","url":"https:\/\/i2.wp.com\/unbrinderien.fr\/wp-content\/uploads\/2020\/05\/Logo-2020Taille-originale-Since-2012-v2-valide.png?fit=456%2C457&ssl=1","contentUrl":"https:\/\/i2.wp.com\/unbrinderien.fr\/wp-content\/uploads\/2020\/05\/Logo-2020Taille-originale-Since-2012-v2-valide.png?fit=456%2C457&ssl=1","width":456,"height":457,"caption":"Unbrinderien"},"image":{"@id":"https:\/\/unbrinderien.fr\/#\/schema\/logo\/image\/"},"sameAs":["https:\/\/www.facebook.com\/unbrinderien.celinenoisette\/","https:\/\/x.com\/Unbrinderien01","https:\/\/instagram.com\/unbrinderien?igshid=Itlgnkslaq489"]}]}},"jetpack_sharing_enabled":true,"_links":{"self":[{"href":"https:\/\/unbrinderien.fr\/index.php?rest_route=\/wp\/v2\/product\/3596","targetHints":{"allow":["GET"]}}],"collection":[{"href":"https:\/\/unbrinderien.fr\/index.php?rest_route=\/wp\/v2\/product"}],"about":[{"href":"https:\/\/unbrinderien.fr\/index.php?rest_route=\/wp\/v2\/types\/product"}],"replies":[{"embeddable":true,"href":"https:\/\/unbrinderien.fr\/index.php?rest_route=%2Fwp%2Fv2%2Fcomments&post=3596"}],"version-history":[{"count":0,"href":"https:\/\/unbrinderien.fr\/index.php?rest_route=\/wp\/v2\/product\/3596\/revisions"}],"wp:featuredmedia":[{"embeddable":true,"href":"https:\/\/unbrinderien.fr\/index.php?rest_route=\/wp\/v2\/media\/3603"}],"wp:attachment":[{"href":"https:\/\/unbrinderien.fr\/index.php?rest_route=%2Fwp%2Fv2%2Fmedia&parent=3596"}],"wp:term":[{"taxonomy":"product_brand","embeddable":true,"href":"https:\/\/unbrinderien.fr\/index.php?rest_route=%2Fwp%2Fv2%2Fproduct_brand&post=3596"},{"taxonomy":"product_cat","embeddable":true,"href":"https:\/\/unbrinderien.fr\/index.php?rest_route=%2Fwp%2Fv2%2Fproduct_cat&post=3596"},{"taxonomy":"product_tag","embeddable":true,"href":"https:\/\/unbrinderien.fr\/index.php?rest_route=%2Fwp%2Fv2%2Fproduct_tag&post=3596"}],"curies":[{"name":"wp","href":"https:\/\/api.w.org\/{rel}","templated":true}]}}