{"id":3539,"date":"2020-06-17T15:33:55","date_gmt":"2020-06-17T13:33:55","guid":{"rendered":"https:\/\/unbrinderien.fr\/?post_type=product&#038;p=3539"},"modified":"2021-02-17T00:05:12","modified_gmt":"2021-02-16T23:05:12","slug":"bracelet-en-pierres-naturelles-oeil-de-boeuf-taureau-8-mm","status":"publish","type":"product","link":"https:\/\/unbrinderien.fr\/?product=bracelet-en-pierres-naturelles-oeil-de-boeuf-taureau-8-mm","title":{"rendered":"Bracelet pierres \u0152il de b\u0153uf\/Taureau 8 mm"},"content":{"rendered":"","protected":false},"excerpt":{"rendered":"<p>Dimensions tour de poignet: 16 \u00e0 18 cm<\/p>\n<p>Diam\u00e8tre de la pierre : 8 mm<\/p>\n<p>Bracelet \u00e9lastique.<\/p>\n<p>Chaque pierre est unique en sa couleur, la couleur peut donc l\u00e9g\u00e8rement \u00eatre diff\u00e9rente de la photo.<\/p>\n<h3 class=\"fusion-responsive-typography-calculated\" data-fontsize=\"19.5\" data-lineheight=\"35.1px\"><em>Vertus De L\u2019 \u0152il De B\u0153uf\u00a0\u00a0ou taureau :<\/em><\/h3>\n<p>\u0152il De B\u0153uf ou Taureau. Appel\u00e9e \u0152il de Taureau ou aussi\u00a0 \u0152il de B\u0153uf . D\u2019une part, cette pierre d\u00e9tend les fascias et y fait \u00e9galement circuler les \u00e9motions bloqu\u00e9es sous le nom de maux psychosomatiques, d\u2019autre part, elle neutraliserait les mauvaises \u00e9nergies dans les maisons. C\u2019est \u00e9galement une pierre pour qui comme le taureau repr\u00e9sente la force et courage a l\u2019\u00e9tat brut. Par ce fait cette pierre est ainsi parfaite pour trouver l\u2019\u00e9nergie de r\u00e9aliser ses projets ou encore de commencer de nouvelles aventures. De plus ce Min\u00e9ral a un effet miroir sur les pens\u00e9es et ondes n\u00e9gatives \u00e9mises par les personnes malveillantes. Ainsi elle sera \u00e9galement tr\u00e8s utile comme bouclier.<\/p>\n<h3 class=\"fusion-responsive-typography-calculated\" data-fontsize=\"19.5\" data-lineheight=\"35.1px\"><em><strong>Tradition et Symbolisme :<\/strong><\/em><\/h3>\n<p>Tradition : Prot\u00e8ge de toutes les fortes \u00e9nergies n\u00e9gatives.<\/p>\n<div class=\"\" data-block=\"true\" data-editor=\"dcjl\" data-offset-key=\"51nl-0-0\">\n<div class=\"_1mf _1mj\" data-offset-key=\"51nl-0-0\">\n<h3 class=\"fusion-responsive-typography-calculated\" data-fontsize=\"19.5\" data-lineheight=\"35.1px\"><\/h3>\n<\/div>\n<\/div>\n<div class=\"\" data-block=\"true\" data-editor=\"dcjl\" data-offset-key=\"1rjem-0-0\">\n<div class=\"_1mf _1mj\" data-offset-key=\"1rjem-0-0\"><span data-offset-key=\"1rjem-0-0\">\u00a0<\/span><\/div>\n<\/div>\n<div class=\"\" data-block=\"true\" data-editor=\"dcjl\" data-offset-key=\"774eq-0-0\"><\/div>\n<div class=\"\" data-block=\"true\" data-editor=\"dcjl\" data-offset-key=\"8drpg-0-0\">\n<div class=\"_1mf _1mj\" data-offset-key=\"8drpg-0-0\"><\/div>\n<\/div>\n<p>&nbsp;<\/p>\n","protected":false},"featured_media":3540,"comment_status":"open","ping_status":"closed","template":"","meta":{"_mo_disable_npp":"","om_disable_all_campaigns":false,"_monsterinsights_skip_tracking":false,"_monsterinsights_sitenote_active":false,"_monsterinsights_sitenote_note":"","_monsterinsights_sitenote_category":0,"_uf_show_specific_survey":0,"_uf_disable_surveys":false},"product_brand":[],"product_cat":[247,121,126],"product_tag":[163,208,209,131],"class_list":{"0":"post-3539","1":"product","2":"type-product","3":"status-publish","4":"has-post-thumbnail","6":"product_cat-bracelet-pierres-naturelles","7":"product_cat-femme","8":"product_cat-pierres-naturelles","9":"product_tag-bracelet","10":"product_tag-oeil-de-boeuf","11":"product_tag-oeil-de-taureau","12":"product_tag-pierre-naturelle","14":"first","15":"instock","16":"purchasable","17":"product-type-simple"},"aioseo_notices":[],"yoast_head":"<!-- This site is optimized with the Yoast SEO plugin v27.3 - https:\/\/yoast.com\/product\/yoast-seo-wordpress\/ -->\n<title>Bracelet pierres \u0152il de b\u0153uf\/Taureau 8 mm - UNBRINDERIEN<\/title>\n<meta name=\"description\" content=\"Joli bracelet pour femme en pierres naturelles, oeil de boeuf ou taureau mont\u00e9 sur \u00e9lastique,taille de 16 \u00e0 18 cm, diam\u00e8tre des pierres 8 mm\" \/>\n<meta name=\"robots\" content=\"index, follow, max-snippet:-1, max-image-preview:large, max-video-preview:-1\" \/>\n<link rel=\"canonical\" href=\"https:\/\/unbrinderien.fr\/?product=bracelet-en-pierres-naturelles-oeil-de-boeuf-taureau-8-mm\" \/>\n<meta property=\"og:locale\" content=\"fr_FR\" \/>\n<meta property=\"og:type\" content=\"article\" \/>\n<meta property=\"og:title\" content=\"Bracelet pierres \u0152il de b\u0153uf\/Taureau 8 mm - UNBRINDERIEN\" \/>\n<meta property=\"og:description\" content=\"Joli bracelet pour femme en pierres naturelles, oeil de boeuf ou taureau mont\u00e9 sur \u00e9lastique,taille de 16 \u00e0 18 cm, diam\u00e8tre des pierres 8 mm\" \/>\n<meta property=\"og:url\" content=\"https:\/\/unbrinderien.fr\/?product=bracelet-en-pierres-naturelles-oeil-de-boeuf-taureau-8-mm\" \/>\n<meta property=\"og:site_name\" content=\"UNBRINDERIEN\" \/>\n<meta property=\"article:publisher\" content=\"https:\/\/www.facebook.com\/unbrinderien.celinenoisette\/\" \/>\n<meta property=\"article:modified_time\" content=\"2021-02-16T23:05:12+00:00\" \/>\n<meta property=\"og:image\" content=\"https:\/\/i1.wp.com\/unbrinderien.fr\/wp-content\/uploads\/2020\/06\/Ref.B8ODT-bracelet_boule_08mm_oeil_de_taureau_a.jpg?fit=720%2C720&ssl=1\" \/>\n\t<meta property=\"og:image:width\" content=\"720\" \/>\n\t<meta property=\"og:image:height\" content=\"720\" \/>\n\t<meta property=\"og:image:type\" content=\"image\/jpeg\" \/>\n<meta name=\"twitter:card\" content=\"summary_large_image\" \/>\n<meta name=\"twitter:site\" content=\"@Unbrinderien01\" \/>\n<script type=\"application\/ld+json\" class=\"yoast-schema-graph\">{\"@context\":\"https:\\\/\\\/schema.org\",\"@graph\":[{\"@type\":\"WebPage\",\"@id\":\"https:\\\/\\\/unbrinderien.fr\\\/?product=bracelet-en-pierres-naturelles-oeil-de-boeuf-taureau-8-mm\",\"url\":\"https:\\\/\\\/unbrinderien.fr\\\/?product=bracelet-en-pierres-naturelles-oeil-de-boeuf-taureau-8-mm\",\"name\":\"Bracelet pierres \u0152il de b\u0153uf\\\/Taureau 8 mm - UNBRINDERIEN\",\"isPartOf\":{\"@id\":\"https:\\\/\\\/unbrinderien.fr\\\/#website\"},\"primaryImageOfPage\":{\"@id\":\"https:\\\/\\\/unbrinderien.fr\\\/?product=bracelet-en-pierres-naturelles-oeil-de-boeuf-taureau-8-mm#primaryimage\"},\"image\":{\"@id\":\"https:\\\/\\\/unbrinderien.fr\\\/?product=bracelet-en-pierres-naturelles-oeil-de-boeuf-taureau-8-mm#primaryimage\"},\"thumbnailUrl\":\"https:\\\/\\\/unbrinderien.fr\\\/wp-content\\\/uploads\\\/2020\\\/06\\\/Ref.B8ODT-bracelet_boule_08mm_oeil_de_taureau_a.jpg\",\"datePublished\":\"2020-06-17T13:33:55+00:00\",\"dateModified\":\"2021-02-16T23:05:12+00:00\",\"description\":\"Joli bracelet pour femme en pierres naturelles, oeil de boeuf ou taureau mont\u00e9 sur \u00e9lastique,taille de 16 \u00e0 18 cm, diam\u00e8tre des pierres 8 mm\",\"breadcrumb\":{\"@id\":\"https:\\\/\\\/unbrinderien.fr\\\/?product=bracelet-en-pierres-naturelles-oeil-de-boeuf-taureau-8-mm#breadcrumb\"},\"inLanguage\":\"fr-FR\",\"potentialAction\":[{\"@type\":\"ReadAction\",\"target\":[\"https:\\\/\\\/unbrinderien.fr\\\/?product=bracelet-en-pierres-naturelles-oeil-de-boeuf-taureau-8-mm\"]}]},{\"@type\":\"ImageObject\",\"inLanguage\":\"fr-FR\",\"@id\":\"https:\\\/\\\/unbrinderien.fr\\\/?product=bracelet-en-pierres-naturelles-oeil-de-boeuf-taureau-8-mm#primaryimage\",\"url\":\"https:\\\/\\\/unbrinderien.fr\\\/wp-content\\\/uploads\\\/2020\\\/06\\\/Ref.B8ODT-bracelet_boule_08mm_oeil_de_taureau_a.jpg\",\"contentUrl\":\"https:\\\/\\\/unbrinderien.fr\\\/wp-content\\\/uploads\\\/2020\\\/06\\\/Ref.B8ODT-bracelet_boule_08mm_oeil_de_taureau_a.jpg\",\"width\":720,\"height\":720},{\"@type\":\"BreadcrumbList\",\"@id\":\"https:\\\/\\\/unbrinderien.fr\\\/?product=bracelet-en-pierres-naturelles-oeil-de-boeuf-taureau-8-mm#breadcrumb\",\"itemListElement\":[{\"@type\":\"ListItem\",\"position\":1,\"name\":\"Accueil\",\"item\":\"https:\\\/\\\/unbrinderien.fr\\\/\"},{\"@type\":\"ListItem\",\"position\":2,\"name\":\"Boutique\",\"item\":\"https:\\\/\\\/unbrinderien.fr\\\/?page_id=3298\"},{\"@type\":\"ListItem\",\"position\":3,\"name\":\"Bracelet pierres \u0152il de b\u0153uf\\\/Taureau 8 mm\"}]},{\"@type\":\"WebSite\",\"@id\":\"https:\\\/\\\/unbrinderien.fr\\\/#website\",\"url\":\"https:\\\/\\\/unbrinderien.fr\\\/\",\"name\":\"UNBRINDERIEN\",\"description\":\"Le site qui vous va bien ...\",\"publisher\":{\"@id\":\"https:\\\/\\\/unbrinderien.fr\\\/#organization\"},\"potentialAction\":[{\"@type\":\"SearchAction\",\"target\":{\"@type\":\"EntryPoint\",\"urlTemplate\":\"https:\\\/\\\/unbrinderien.fr\\\/?s={search_term_string}\"},\"query-input\":{\"@type\":\"PropertyValueSpecification\",\"valueRequired\":true,\"valueName\":\"search_term_string\"}}],\"inLanguage\":\"fr-FR\"},{\"@type\":\"Organization\",\"@id\":\"https:\\\/\\\/unbrinderien.fr\\\/#organization\",\"name\":\"Unbrinderien\",\"url\":\"https:\\\/\\\/unbrinderien.fr\\\/\",\"logo\":{\"@type\":\"ImageObject\",\"inLanguage\":\"fr-FR\",\"@id\":\"https:\\\/\\\/unbrinderien.fr\\\/#\\\/schema\\\/logo\\\/image\\\/\",\"url\":\"https:\\\/\\\/i2.wp.com\\\/unbrinderien.fr\\\/wp-content\\\/uploads\\\/2020\\\/05\\\/Logo-2020Taille-originale-Since-2012-v2-valide.png?fit=456%2C457&ssl=1\",\"contentUrl\":\"https:\\\/\\\/i2.wp.com\\\/unbrinderien.fr\\\/wp-content\\\/uploads\\\/2020\\\/05\\\/Logo-2020Taille-originale-Since-2012-v2-valide.png?fit=456%2C457&ssl=1\",\"width\":456,\"height\":457,\"caption\":\"Unbrinderien\"},\"image\":{\"@id\":\"https:\\\/\\\/unbrinderien.fr\\\/#\\\/schema\\\/logo\\\/image\\\/\"},\"sameAs\":[\"https:\\\/\\\/www.facebook.com\\\/unbrinderien.celinenoisette\\\/\",\"https:\\\/\\\/x.com\\\/Unbrinderien01\",\"https:\\\/\\\/instagram.com\\\/unbrinderien?igshid=Itlgnkslaq489\"]}]}<\/script>\n<!-- \/ Yoast SEO plugin. -->","yoast_head_json":{"title":"Bracelet pierres \u0152il de b\u0153uf\/Taureau 8 mm - UNBRINDERIEN","description":"Joli bracelet pour femme en pierres naturelles, oeil de boeuf ou taureau mont\u00e9 sur \u00e9lastique,taille de 16 \u00e0 18 cm, diam\u00e8tre des pierres 8 mm","robots":{"index":"index","follow":"follow","max-snippet":"max-snippet:-1","max-image-preview":"max-image-preview:large","max-video-preview":"max-video-preview:-1"},"canonical":"https:\/\/unbrinderien.fr\/?product=bracelet-en-pierres-naturelles-oeil-de-boeuf-taureau-8-mm","og_locale":"fr_FR","og_type":"article","og_title":"Bracelet pierres \u0152il de b\u0153uf\/Taureau 8 mm - UNBRINDERIEN","og_description":"Joli bracelet pour femme en pierres naturelles, oeil de boeuf ou taureau mont\u00e9 sur \u00e9lastique,taille de 16 \u00e0 18 cm, diam\u00e8tre des pierres 8 mm","og_url":"https:\/\/unbrinderien.fr\/?product=bracelet-en-pierres-naturelles-oeil-de-boeuf-taureau-8-mm","og_site_name":"UNBRINDERIEN","article_publisher":"https:\/\/www.facebook.com\/unbrinderien.celinenoisette\/","article_modified_time":"2021-02-16T23:05:12+00:00","og_image":[{"width":720,"height":720,"url":"https:\/\/i1.wp.com\/unbrinderien.fr\/wp-content\/uploads\/2020\/06\/Ref.B8ODT-bracelet_boule_08mm_oeil_de_taureau_a.jpg?fit=720%2C720&ssl=1","type":"image\/jpeg"}],"twitter_card":"summary_large_image","twitter_site":"@Unbrinderien01","schema":{"@context":"https:\/\/schema.org","@graph":[{"@type":"WebPage","@id":"https:\/\/unbrinderien.fr\/?product=bracelet-en-pierres-naturelles-oeil-de-boeuf-taureau-8-mm","url":"https:\/\/unbrinderien.fr\/?product=bracelet-en-pierres-naturelles-oeil-de-boeuf-taureau-8-mm","name":"Bracelet pierres \u0152il de b\u0153uf\/Taureau 8 mm - UNBRINDERIEN","isPartOf":{"@id":"https:\/\/unbrinderien.fr\/#website"},"primaryImageOfPage":{"@id":"https:\/\/unbrinderien.fr\/?product=bracelet-en-pierres-naturelles-oeil-de-boeuf-taureau-8-mm#primaryimage"},"image":{"@id":"https:\/\/unbrinderien.fr\/?product=bracelet-en-pierres-naturelles-oeil-de-boeuf-taureau-8-mm#primaryimage"},"thumbnailUrl":"https:\/\/unbrinderien.fr\/wp-content\/uploads\/2020\/06\/Ref.B8ODT-bracelet_boule_08mm_oeil_de_taureau_a.jpg","datePublished":"2020-06-17T13:33:55+00:00","dateModified":"2021-02-16T23:05:12+00:00","description":"Joli bracelet pour femme en pierres naturelles, oeil de boeuf ou taureau mont\u00e9 sur \u00e9lastique,taille de 16 \u00e0 18 cm, diam\u00e8tre des pierres 8 mm","breadcrumb":{"@id":"https:\/\/unbrinderien.fr\/?product=bracelet-en-pierres-naturelles-oeil-de-boeuf-taureau-8-mm#breadcrumb"},"inLanguage":"fr-FR","potentialAction":[{"@type":"ReadAction","target":["https:\/\/unbrinderien.fr\/?product=bracelet-en-pierres-naturelles-oeil-de-boeuf-taureau-8-mm"]}]},{"@type":"ImageObject","inLanguage":"fr-FR","@id":"https:\/\/unbrinderien.fr\/?product=bracelet-en-pierres-naturelles-oeil-de-boeuf-taureau-8-mm#primaryimage","url":"https:\/\/unbrinderien.fr\/wp-content\/uploads\/2020\/06\/Ref.B8ODT-bracelet_boule_08mm_oeil_de_taureau_a.jpg","contentUrl":"https:\/\/unbrinderien.fr\/wp-content\/uploads\/2020\/06\/Ref.B8ODT-bracelet_boule_08mm_oeil_de_taureau_a.jpg","width":720,"height":720},{"@type":"BreadcrumbList","@id":"https:\/\/unbrinderien.fr\/?product=bracelet-en-pierres-naturelles-oeil-de-boeuf-taureau-8-mm#breadcrumb","itemListElement":[{"@type":"ListItem","position":1,"name":"Accueil","item":"https:\/\/unbrinderien.fr\/"},{"@type":"ListItem","position":2,"name":"Boutique","item":"https:\/\/unbrinderien.fr\/?page_id=3298"},{"@type":"ListItem","position":3,"name":"Bracelet pierres \u0152il de b\u0153uf\/Taureau 8 mm"}]},{"@type":"WebSite","@id":"https:\/\/unbrinderien.fr\/#website","url":"https:\/\/unbrinderien.fr\/","name":"UNBRINDERIEN","description":"Le site qui vous va bien ...","publisher":{"@id":"https:\/\/unbrinderien.fr\/#organization"},"potentialAction":[{"@type":"SearchAction","target":{"@type":"EntryPoint","urlTemplate":"https:\/\/unbrinderien.fr\/?s={search_term_string}"},"query-input":{"@type":"PropertyValueSpecification","valueRequired":true,"valueName":"search_term_string"}}],"inLanguage":"fr-FR"},{"@type":"Organization","@id":"https:\/\/unbrinderien.fr\/#organization","name":"Unbrinderien","url":"https:\/\/unbrinderien.fr\/","logo":{"@type":"ImageObject","inLanguage":"fr-FR","@id":"https:\/\/unbrinderien.fr\/#\/schema\/logo\/image\/","url":"https:\/\/i2.wp.com\/unbrinderien.fr\/wp-content\/uploads\/2020\/05\/Logo-2020Taille-originale-Since-2012-v2-valide.png?fit=456%2C457&ssl=1","contentUrl":"https:\/\/i2.wp.com\/unbrinderien.fr\/wp-content\/uploads\/2020\/05\/Logo-2020Taille-originale-Since-2012-v2-valide.png?fit=456%2C457&ssl=1","width":456,"height":457,"caption":"Unbrinderien"},"image":{"@id":"https:\/\/unbrinderien.fr\/#\/schema\/logo\/image\/"},"sameAs":["https:\/\/www.facebook.com\/unbrinderien.celinenoisette\/","https:\/\/x.com\/Unbrinderien01","https:\/\/instagram.com\/unbrinderien?igshid=Itlgnkslaq489"]}]}},"jetpack_sharing_enabled":true,"_links":{"self":[{"href":"https:\/\/unbrinderien.fr\/index.php?rest_route=\/wp\/v2\/product\/3539","targetHints":{"allow":["GET"]}}],"collection":[{"href":"https:\/\/unbrinderien.fr\/index.php?rest_route=\/wp\/v2\/product"}],"about":[{"href":"https:\/\/unbrinderien.fr\/index.php?rest_route=\/wp\/v2\/types\/product"}],"replies":[{"embeddable":true,"href":"https:\/\/unbrinderien.fr\/index.php?rest_route=%2Fwp%2Fv2%2Fcomments&post=3539"}],"version-history":[{"count":0,"href":"https:\/\/unbrinderien.fr\/index.php?rest_route=\/wp\/v2\/product\/3539\/revisions"}],"wp:featuredmedia":[{"embeddable":true,"href":"https:\/\/unbrinderien.fr\/index.php?rest_route=\/wp\/v2\/media\/3540"}],"wp:attachment":[{"href":"https:\/\/unbrinderien.fr\/index.php?rest_route=%2Fwp%2Fv2%2Fmedia&parent=3539"}],"wp:term":[{"taxonomy":"product_brand","embeddable":true,"href":"https:\/\/unbrinderien.fr\/index.php?rest_route=%2Fwp%2Fv2%2Fproduct_brand&post=3539"},{"taxonomy":"product_cat","embeddable":true,"href":"https:\/\/unbrinderien.fr\/index.php?rest_route=%2Fwp%2Fv2%2Fproduct_cat&post=3539"},{"taxonomy":"product_tag","embeddable":true,"href":"https:\/\/unbrinderien.fr\/index.php?rest_route=%2Fwp%2Fv2%2Fproduct_tag&post=3539"}],"curies":[{"name":"wp","href":"https:\/\/api.w.org\/{rel}","templated":true}]}}