{"id":22957,"date":"2021-02-03T16:56:08","date_gmt":"2021-02-03T15:56:08","guid":{"rendered":"https:\/\/unbrinderien.fr\/?post_type=product&#038;p=22957"},"modified":"2021-02-03T17:01:08","modified_gmt":"2021-02-03T16:01:08","slug":"boucles-doreille-acier-jade-teintee-bleu-nacre-coeur","status":"publish","type":"product","link":"https:\/\/unbrinderien.fr\/?product=boucles-doreille-acier-jade-teintee-bleu-nacre-coeur","title":{"rendered":"Boucles d&rsquo;oreille acier\/jade teint\u00e9e bleu, nacre\/coeur"},"content":{"rendered":"","protected":false},"excerpt":{"rendered":"<p>Boucles d&rsquo;oreille en pierres naturelles jade teint\u00e9e bleu et nacre<\/p>\n<p>Ces magnifiques boucles d&rsquo;oreille faites main, pendantes sur 5 cm ont \u00e9t\u00e9 mont\u00e9es sur de l&rsquo;acier inoxydable avec des pierres naturelles de jade teint\u00e9e bleu ainsi que de nacre, la breloque est un coeur de 5 mm x 5 mm . Ces boucles d&rsquo;oreille vous permettront de toujours rester \u00e9l\u00e9gante tout en restant discr\u00e8te.<\/p>\n<p>Mati\u00e8re: acier inoxydable, pierres naturelles jade teint\u00e9e bleu et de nacre.<\/p>\n<p>Le cadeau id\u00e9al en toutes circonstances.<\/p>\n<p>&nbsp;<\/p>\n<p>&nbsp;<\/p>\n","protected":false},"featured_media":22958,"comment_status":"open","ping_status":"closed","template":"","meta":{"_mo_disable_npp":"","om_disable_all_campaigns":false,"_monsterinsights_skip_tracking":false,"_monsterinsights_sitenote_active":false,"_monsterinsights_sitenote_note":"","_monsterinsights_sitenote_category":0,"_uf_show_specific_survey":0,"_uf_disable_surveys":false},"product_brand":[],"product_cat":[374,174,121],"product_tag":[445,312,459,460,311,456],"class_list":{"0":"post-22957","1":"product","2":"type-product","3":"status-publish","4":"has-post-thumbnail","6":"product_cat-acier-boucles-doreille","7":"product_cat-boucles-doreille","8":"product_cat-femme","9":"product_tag-acier-inoxydable","10":"product_tag-boucles-doreille","11":"product_tag-breloque-coeur","12":"product_tag-jade-teintee-bleu","13":"product_tag-nacre","14":"product_tag-pierres","16":"first","17":"instock","18":"featured","19":"purchasable","20":"product-type-simple"},"aioseo_notices":[],"yoast_head":"<!-- This site is optimized with the Yoast SEO plugin v27.3 - https:\/\/yoast.com\/product\/yoast-seo-wordpress\/ -->\n<title>Boucles d&#039;oreille acier\/jade teint\u00e9e bleu, nacre\/coeur - UNBRINDERIEN<\/title>\n<meta name=\"description\" content=\"boucles d&#039;oreille pendantes 5 cm en acier inoxydable dor\u00e9 breloque coeur acier accompagn\u00e9 de pierres en nacre et jade teint\u00e9 bleu\" \/>\n<meta name=\"robots\" content=\"index, follow, max-snippet:-1, max-image-preview:large, max-video-preview:-1\" \/>\n<link rel=\"canonical\" href=\"https:\/\/unbrinderien.fr\/?product=boucles-doreille-acier-jade-teintee-bleu-nacre-coeur\" \/>\n<meta property=\"og:locale\" content=\"fr_FR\" \/>\n<meta property=\"og:type\" content=\"article\" \/>\n<meta property=\"og:title\" content=\"Boucles d&#039;oreille acier\/jade teint\u00e9e bleu, nacre\/coeur - UNBRINDERIEN\" \/>\n<meta property=\"og:description\" content=\"boucles d&#039;oreille pendantes 5 cm en acier inoxydable dor\u00e9 breloque coeur acier accompagn\u00e9 de pierres en nacre et jade teint\u00e9 bleu\" \/>\n<meta property=\"og:url\" content=\"https:\/\/unbrinderien.fr\/?product=boucles-doreille-acier-jade-teintee-bleu-nacre-coeur\" \/>\n<meta property=\"og:site_name\" content=\"UNBRINDERIEN\" \/>\n<meta property=\"article:publisher\" content=\"https:\/\/www.facebook.com\/unbrinderien.celinenoisette\/\" \/>\n<meta property=\"article:modified_time\" content=\"2021-02-03T16:01:08+00:00\" \/>\n<meta property=\"og:image\" content=\"https:\/\/i2.wp.com\/unbrinderien.fr\/wp-content\/uploads\/2021\/02\/Ref.BO28-boucles-doreille-jade-teintees-bleu-et-coeur.jpg?fit=512%2C645&ssl=1\" \/>\n\t<meta property=\"og:image:width\" content=\"512\" \/>\n\t<meta property=\"og:image:height\" content=\"645\" \/>\n\t<meta property=\"og:image:type\" content=\"image\/jpeg\" \/>\n<meta name=\"twitter:card\" content=\"summary_large_image\" \/>\n<meta name=\"twitter:site\" content=\"@Unbrinderien01\" \/>\n<script type=\"application\/ld+json\" class=\"yoast-schema-graph\">{\"@context\":\"https:\\\/\\\/schema.org\",\"@graph\":[{\"@type\":\"WebPage\",\"@id\":\"https:\\\/\\\/unbrinderien.fr\\\/?product=boucles-doreille-acier-jade-teintee-bleu-nacre-coeur\",\"url\":\"https:\\\/\\\/unbrinderien.fr\\\/?product=boucles-doreille-acier-jade-teintee-bleu-nacre-coeur\",\"name\":\"Boucles d'oreille acier\\\/jade teint\u00e9e bleu, nacre\\\/coeur - UNBRINDERIEN\",\"isPartOf\":{\"@id\":\"https:\\\/\\\/unbrinderien.fr\\\/#website\"},\"primaryImageOfPage\":{\"@id\":\"https:\\\/\\\/unbrinderien.fr\\\/?product=boucles-doreille-acier-jade-teintee-bleu-nacre-coeur#primaryimage\"},\"image\":{\"@id\":\"https:\\\/\\\/unbrinderien.fr\\\/?product=boucles-doreille-acier-jade-teintee-bleu-nacre-coeur#primaryimage\"},\"thumbnailUrl\":\"https:\\\/\\\/unbrinderien.fr\\\/wp-content\\\/uploads\\\/2021\\\/02\\\/Ref.BO28-boucles-doreille-jade-teintees-bleu-et-coeur.jpg\",\"datePublished\":\"2021-02-03T15:56:08+00:00\",\"dateModified\":\"2021-02-03T16:01:08+00:00\",\"description\":\"boucles d'oreille pendantes 5 cm en acier inoxydable dor\u00e9 breloque coeur acier accompagn\u00e9 de pierres en nacre et jade teint\u00e9 bleu\",\"breadcrumb\":{\"@id\":\"https:\\\/\\\/unbrinderien.fr\\\/?product=boucles-doreille-acier-jade-teintee-bleu-nacre-coeur#breadcrumb\"},\"inLanguage\":\"fr-FR\",\"potentialAction\":[{\"@type\":\"ReadAction\",\"target\":[\"https:\\\/\\\/unbrinderien.fr\\\/?product=boucles-doreille-acier-jade-teintee-bleu-nacre-coeur\"]}]},{\"@type\":\"ImageObject\",\"inLanguage\":\"fr-FR\",\"@id\":\"https:\\\/\\\/unbrinderien.fr\\\/?product=boucles-doreille-acier-jade-teintee-bleu-nacre-coeur#primaryimage\",\"url\":\"https:\\\/\\\/unbrinderien.fr\\\/wp-content\\\/uploads\\\/2021\\\/02\\\/Ref.BO28-boucles-doreille-jade-teintees-bleu-et-coeur.jpg\",\"contentUrl\":\"https:\\\/\\\/unbrinderien.fr\\\/wp-content\\\/uploads\\\/2021\\\/02\\\/Ref.BO28-boucles-doreille-jade-teintees-bleu-et-coeur.jpg\",\"width\":512,\"height\":645},{\"@type\":\"BreadcrumbList\",\"@id\":\"https:\\\/\\\/unbrinderien.fr\\\/?product=boucles-doreille-acier-jade-teintee-bleu-nacre-coeur#breadcrumb\",\"itemListElement\":[{\"@type\":\"ListItem\",\"position\":1,\"name\":\"Accueil\",\"item\":\"https:\\\/\\\/unbrinderien.fr\\\/\"},{\"@type\":\"ListItem\",\"position\":2,\"name\":\"Boutique\",\"item\":\"https:\\\/\\\/unbrinderien.fr\\\/?page_id=3298\"},{\"@type\":\"ListItem\",\"position\":3,\"name\":\"Boucles d&#8217;oreille acier\\\/jade teint\u00e9e bleu, nacre\\\/coeur\"}]},{\"@type\":\"WebSite\",\"@id\":\"https:\\\/\\\/unbrinderien.fr\\\/#website\",\"url\":\"https:\\\/\\\/unbrinderien.fr\\\/\",\"name\":\"UNBRINDERIEN\",\"description\":\"Le site qui vous va bien ...\",\"publisher\":{\"@id\":\"https:\\\/\\\/unbrinderien.fr\\\/#organization\"},\"potentialAction\":[{\"@type\":\"SearchAction\",\"target\":{\"@type\":\"EntryPoint\",\"urlTemplate\":\"https:\\\/\\\/unbrinderien.fr\\\/?s={search_term_string}\"},\"query-input\":{\"@type\":\"PropertyValueSpecification\",\"valueRequired\":true,\"valueName\":\"search_term_string\"}}],\"inLanguage\":\"fr-FR\"},{\"@type\":\"Organization\",\"@id\":\"https:\\\/\\\/unbrinderien.fr\\\/#organization\",\"name\":\"Unbrinderien\",\"url\":\"https:\\\/\\\/unbrinderien.fr\\\/\",\"logo\":{\"@type\":\"ImageObject\",\"inLanguage\":\"fr-FR\",\"@id\":\"https:\\\/\\\/unbrinderien.fr\\\/#\\\/schema\\\/logo\\\/image\\\/\",\"url\":\"https:\\\/\\\/i2.wp.com\\\/unbrinderien.fr\\\/wp-content\\\/uploads\\\/2020\\\/05\\\/Logo-2020Taille-originale-Since-2012-v2-valide.png?fit=456%2C457&ssl=1\",\"contentUrl\":\"https:\\\/\\\/i2.wp.com\\\/unbrinderien.fr\\\/wp-content\\\/uploads\\\/2020\\\/05\\\/Logo-2020Taille-originale-Since-2012-v2-valide.png?fit=456%2C457&ssl=1\",\"width\":456,\"height\":457,\"caption\":\"Unbrinderien\"},\"image\":{\"@id\":\"https:\\\/\\\/unbrinderien.fr\\\/#\\\/schema\\\/logo\\\/image\\\/\"},\"sameAs\":[\"https:\\\/\\\/www.facebook.com\\\/unbrinderien.celinenoisette\\\/\",\"https:\\\/\\\/x.com\\\/Unbrinderien01\",\"https:\\\/\\\/instagram.com\\\/unbrinderien?igshid=Itlgnkslaq489\"]}]}<\/script>\n<!-- \/ Yoast SEO plugin. -->","yoast_head_json":{"title":"Boucles d'oreille acier\/jade teint\u00e9e bleu, nacre\/coeur - UNBRINDERIEN","description":"boucles d'oreille pendantes 5 cm en acier inoxydable dor\u00e9 breloque coeur acier accompagn\u00e9 de pierres en nacre et jade teint\u00e9 bleu","robots":{"index":"index","follow":"follow","max-snippet":"max-snippet:-1","max-image-preview":"max-image-preview:large","max-video-preview":"max-video-preview:-1"},"canonical":"https:\/\/unbrinderien.fr\/?product=boucles-doreille-acier-jade-teintee-bleu-nacre-coeur","og_locale":"fr_FR","og_type":"article","og_title":"Boucles d'oreille acier\/jade teint\u00e9e bleu, nacre\/coeur - UNBRINDERIEN","og_description":"boucles d'oreille pendantes 5 cm en acier inoxydable dor\u00e9 breloque coeur acier accompagn\u00e9 de pierres en nacre et jade teint\u00e9 bleu","og_url":"https:\/\/unbrinderien.fr\/?product=boucles-doreille-acier-jade-teintee-bleu-nacre-coeur","og_site_name":"UNBRINDERIEN","article_publisher":"https:\/\/www.facebook.com\/unbrinderien.celinenoisette\/","article_modified_time":"2021-02-03T16:01:08+00:00","og_image":[{"width":512,"height":645,"url":"https:\/\/i2.wp.com\/unbrinderien.fr\/wp-content\/uploads\/2021\/02\/Ref.BO28-boucles-doreille-jade-teintees-bleu-et-coeur.jpg?fit=512%2C645&ssl=1","type":"image\/jpeg"}],"twitter_card":"summary_large_image","twitter_site":"@Unbrinderien01","schema":{"@context":"https:\/\/schema.org","@graph":[{"@type":"WebPage","@id":"https:\/\/unbrinderien.fr\/?product=boucles-doreille-acier-jade-teintee-bleu-nacre-coeur","url":"https:\/\/unbrinderien.fr\/?product=boucles-doreille-acier-jade-teintee-bleu-nacre-coeur","name":"Boucles d'oreille acier\/jade teint\u00e9e bleu, nacre\/coeur - UNBRINDERIEN","isPartOf":{"@id":"https:\/\/unbrinderien.fr\/#website"},"primaryImageOfPage":{"@id":"https:\/\/unbrinderien.fr\/?product=boucles-doreille-acier-jade-teintee-bleu-nacre-coeur#primaryimage"},"image":{"@id":"https:\/\/unbrinderien.fr\/?product=boucles-doreille-acier-jade-teintee-bleu-nacre-coeur#primaryimage"},"thumbnailUrl":"https:\/\/unbrinderien.fr\/wp-content\/uploads\/2021\/02\/Ref.BO28-boucles-doreille-jade-teintees-bleu-et-coeur.jpg","datePublished":"2021-02-03T15:56:08+00:00","dateModified":"2021-02-03T16:01:08+00:00","description":"boucles d'oreille pendantes 5 cm en acier inoxydable dor\u00e9 breloque coeur acier accompagn\u00e9 de pierres en nacre et jade teint\u00e9 bleu","breadcrumb":{"@id":"https:\/\/unbrinderien.fr\/?product=boucles-doreille-acier-jade-teintee-bleu-nacre-coeur#breadcrumb"},"inLanguage":"fr-FR","potentialAction":[{"@type":"ReadAction","target":["https:\/\/unbrinderien.fr\/?product=boucles-doreille-acier-jade-teintee-bleu-nacre-coeur"]}]},{"@type":"ImageObject","inLanguage":"fr-FR","@id":"https:\/\/unbrinderien.fr\/?product=boucles-doreille-acier-jade-teintee-bleu-nacre-coeur#primaryimage","url":"https:\/\/unbrinderien.fr\/wp-content\/uploads\/2021\/02\/Ref.BO28-boucles-doreille-jade-teintees-bleu-et-coeur.jpg","contentUrl":"https:\/\/unbrinderien.fr\/wp-content\/uploads\/2021\/02\/Ref.BO28-boucles-doreille-jade-teintees-bleu-et-coeur.jpg","width":512,"height":645},{"@type":"BreadcrumbList","@id":"https:\/\/unbrinderien.fr\/?product=boucles-doreille-acier-jade-teintee-bleu-nacre-coeur#breadcrumb","itemListElement":[{"@type":"ListItem","position":1,"name":"Accueil","item":"https:\/\/unbrinderien.fr\/"},{"@type":"ListItem","position":2,"name":"Boutique","item":"https:\/\/unbrinderien.fr\/?page_id=3298"},{"@type":"ListItem","position":3,"name":"Boucles d&#8217;oreille acier\/jade teint\u00e9e bleu, nacre\/coeur"}]},{"@type":"WebSite","@id":"https:\/\/unbrinderien.fr\/#website","url":"https:\/\/unbrinderien.fr\/","name":"UNBRINDERIEN","description":"Le site qui vous va bien ...","publisher":{"@id":"https:\/\/unbrinderien.fr\/#organization"},"potentialAction":[{"@type":"SearchAction","target":{"@type":"EntryPoint","urlTemplate":"https:\/\/unbrinderien.fr\/?s={search_term_string}"},"query-input":{"@type":"PropertyValueSpecification","valueRequired":true,"valueName":"search_term_string"}}],"inLanguage":"fr-FR"},{"@type":"Organization","@id":"https:\/\/unbrinderien.fr\/#organization","name":"Unbrinderien","url":"https:\/\/unbrinderien.fr\/","logo":{"@type":"ImageObject","inLanguage":"fr-FR","@id":"https:\/\/unbrinderien.fr\/#\/schema\/logo\/image\/","url":"https:\/\/i2.wp.com\/unbrinderien.fr\/wp-content\/uploads\/2020\/05\/Logo-2020Taille-originale-Since-2012-v2-valide.png?fit=456%2C457&ssl=1","contentUrl":"https:\/\/i2.wp.com\/unbrinderien.fr\/wp-content\/uploads\/2020\/05\/Logo-2020Taille-originale-Since-2012-v2-valide.png?fit=456%2C457&ssl=1","width":456,"height":457,"caption":"Unbrinderien"},"image":{"@id":"https:\/\/unbrinderien.fr\/#\/schema\/logo\/image\/"},"sameAs":["https:\/\/www.facebook.com\/unbrinderien.celinenoisette\/","https:\/\/x.com\/Unbrinderien01","https:\/\/instagram.com\/unbrinderien?igshid=Itlgnkslaq489"]}]}},"jetpack_sharing_enabled":true,"_links":{"self":[{"href":"https:\/\/unbrinderien.fr\/index.php?rest_route=\/wp\/v2\/product\/22957","targetHints":{"allow":["GET"]}}],"collection":[{"href":"https:\/\/unbrinderien.fr\/index.php?rest_route=\/wp\/v2\/product"}],"about":[{"href":"https:\/\/unbrinderien.fr\/index.php?rest_route=\/wp\/v2\/types\/product"}],"replies":[{"embeddable":true,"href":"https:\/\/unbrinderien.fr\/index.php?rest_route=%2Fwp%2Fv2%2Fcomments&post=22957"}],"version-history":[{"count":0,"href":"https:\/\/unbrinderien.fr\/index.php?rest_route=\/wp\/v2\/product\/22957\/revisions"}],"wp:featuredmedia":[{"embeddable":true,"href":"https:\/\/unbrinderien.fr\/index.php?rest_route=\/wp\/v2\/media\/22958"}],"wp:attachment":[{"href":"https:\/\/unbrinderien.fr\/index.php?rest_route=%2Fwp%2Fv2%2Fmedia&parent=22957"}],"wp:term":[{"taxonomy":"product_brand","embeddable":true,"href":"https:\/\/unbrinderien.fr\/index.php?rest_route=%2Fwp%2Fv2%2Fproduct_brand&post=22957"},{"taxonomy":"product_cat","embeddable":true,"href":"https:\/\/unbrinderien.fr\/index.php?rest_route=%2Fwp%2Fv2%2Fproduct_cat&post=22957"},{"taxonomy":"product_tag","embeddable":true,"href":"https:\/\/unbrinderien.fr\/index.php?rest_route=%2Fwp%2Fv2%2Fproduct_tag&post=22957"}],"curies":[{"name":"wp","href":"https:\/\/api.w.org\/{rel}","templated":true}]}}