{"id":14925,"date":"2021-01-03T15:45:18","date_gmt":"2021-01-03T14:45:18","guid":{"rendered":"https:\/\/unbrinderien.fr\/?post_type=product&#038;p=14925"},"modified":"2021-12-13T16:24:13","modified_gmt":"2021-12-13T15:24:13","slug":"creoles-12-mm-argent-925-croix-zircon","status":"publish","type":"product","link":"https:\/\/unbrinderien.fr\/?product=creoles-12-mm-argent-925-croix-zircon","title":{"rendered":"Cr\u00e9oles 12 mm argent 925 Croix\/zircon"},"content":{"rendered":"","protected":false},"excerpt":{"rendered":"<p>Boucles d&rsquo;oreille cr\u00e9oles avec croix et pierres de zircon.<\/p>\n<p>Ces magnifiques boucles d&rsquo;oreille en forme de petits cercles orn\u00e9s de pierres de zircon poss\u00e8dent chacune une croix, compos\u00e9es de cristal de zircon. De style minimaliste, ces boucles d&rsquo;oreille pendantes vous permettront de toujours rester \u00e9l\u00e9gante tout en restant discr\u00e8te.<\/p>\n<p>Mati\u00e8re: Ce bijou est en argent 925\/1000.<\/p>\n<p>Taille des boucles:<\/p>\n<p>Diam\u00e8tre de la boucle : 12 millim\u00e8tre<\/p>\n<p>Longueur du pendant : 3 centim\u00e8tres<\/p>\n<p>Hauteur de la croix : 1,2 centim\u00e8tres<\/p>\n<p>Largeur de la croix : 1 centim\u00e8tre<\/p>\n<p>Le cadeau id\u00e9al en toutes circonstances.<\/p>\n<p>&nbsp;<\/p>\n<p>&nbsp;<\/p>\n","protected":false},"featured_media":14931,"comment_status":"open","ping_status":"closed","template":"","meta":{"_mo_disable_npp":"","om_disable_all_campaigns":false,"_monsterinsights_skip_tracking":false,"_monsterinsights_sitenote_active":false,"_monsterinsights_sitenote_note":"","_monsterinsights_sitenote_category":0,"_uf_show_specific_survey":0,"_uf_disable_surveys":false},"product_brand":[],"product_cat":[174,357,121],"product_tag":[226,312,443,339,454,381],"class_list":{"0":"post-14925","1":"product","2":"type-product","3":"status-publish","4":"has-post-thumbnail","6":"product_cat-boucles-doreille","7":"product_cat-boucles-doreille-argent-925","8":"product_cat-femme","9":"product_tag-argent-925","10":"product_tag-boucles-doreille","11":"product_tag-creole","12":"product_tag-croix","13":"product_tag-zircon","14":"product_tag-zirconium","16":"first","17":"instock","18":"featured","19":"purchasable","20":"product-type-simple"},"aioseo_notices":[],"jetpack_sharing_enabled":true,"_links":{"self":[{"href":"https:\/\/unbrinderien.fr\/index.php?rest_route=\/wp\/v2\/product\/14925","targetHints":{"allow":["GET"]}}],"collection":[{"href":"https:\/\/unbrinderien.fr\/index.php?rest_route=\/wp\/v2\/product"}],"about":[{"href":"https:\/\/unbrinderien.fr\/index.php?rest_route=\/wp\/v2\/types\/product"}],"replies":[{"embeddable":true,"href":"https:\/\/unbrinderien.fr\/index.php?rest_route=%2Fwp%2Fv2%2Fcomments&post=14925"}],"version-history":[{"count":0,"href":"https:\/\/unbrinderien.fr\/index.php?rest_route=\/wp\/v2\/product\/14925\/revisions"}],"wp:featuredmedia":[{"embeddable":true,"href":"https:\/\/unbrinderien.fr\/index.php?rest_route=\/wp\/v2\/media\/14931"}],"wp:attachment":[{"href":"https:\/\/unbrinderien.fr\/index.php?rest_route=%2Fwp%2Fv2%2Fmedia&parent=14925"}],"wp:term":[{"taxonomy":"product_brand","embeddable":true,"href":"https:\/\/unbrinderien.fr\/index.php?rest_route=%2Fwp%2Fv2%2Fproduct_brand&post=14925"},{"taxonomy":"product_cat","embeddable":true,"href":"https:\/\/unbrinderien.fr\/index.php?rest_route=%2Fwp%2Fv2%2Fproduct_cat&post=14925"},{"taxonomy":"product_tag","embeddable":true,"href":"https:\/\/unbrinderien.fr\/index.php?rest_route=%2Fwp%2Fv2%2Fproduct_tag&post=14925"}],"curies":[{"name":"wp","href":"https:\/\/api.w.org\/{rel}","templated":true}]}}